{"id":17185,"date":"2025-07-14T16:58:05","date_gmt":"2025-07-14T11:58:05","guid":{"rendered":"https:\/\/turkmenexporter.com\/product\/rome-freistehende-badewanne\/"},"modified":"2025-07-16T12:58:17","modified_gmt":"2025-07-16T07:58:17","slug":"rome-freistehende-badewanne","status":"publish","type":"product","link":"https:\/\/turkmenexporter.com\/de\/produkt\/rome-freistehende-badewanne\/","title":{"rendered":"Freistehende Badewanne Rom"},"content":{"rendered":"<p>Die elegante und langlebige freistehende Badewanne Pietra Bianca&#8220;Rome&#8220; ist aus hochwertigem Durastone-Material gefertigt. Mit ihren sanften Kurven und ihrem modernen Design ist sie der perfekte Mittelpunkt f\u00fcr luxuri\u00f6se B\u00e4der. Gr\u00f6\u00dfe: 1800x880x570 mm. Gewicht: 190 kg.   <\/p>\n","protected":false},"excerpt":{"rendered":"<p>Wei\u00dfe Steinbadewanne<\/p>\n<p>Material: Durastone<\/p>\n<p>Gewicht: 190 kg<\/p>\n<p>Gr\u00f6\u00dfe: 1800x880x570<\/p>\n","protected":false},"featured_media":17050,"comment_status":"open","ping_status":"closed","template":"","meta":{"_acf_changed":false},"brand":[1294],"product_cat":[1296],"product_tag":[],"class_list":{"0":"post-17185","1":"product","2":"type-product","3":"status-publish","4":"has-post-thumbnail","6":"brand-pietra-bianca-de","7":"product_cat-zubehor-fur-das-badezimmer","9":"first","10":"instock","11":"shipping-taxable","12":"purchasable","13":"product-type-simple"},"acf":[],"_links":{"self":[{"href":"https:\/\/turkmenexporter.com\/de\/wp-json\/wp\/v2\/product\/17185","targetHints":{"allow":["GET"]}}],"collection":[{"href":"https:\/\/turkmenexporter.com\/de\/wp-json\/wp\/v2\/product"}],"about":[{"href":"https:\/\/turkmenexporter.com\/de\/wp-json\/wp\/v2\/types\/product"}],"replies":[{"embeddable":true,"href":"https:\/\/turkmenexporter.com\/de\/wp-json\/wp\/v2\/comments?post=17185"}],"version-history":[{"count":1,"href":"https:\/\/turkmenexporter.com\/de\/wp-json\/wp\/v2\/product\/17185\/revisions"}],"predecessor-version":[{"id":17768,"href":"https:\/\/turkmenexporter.com\/de\/wp-json\/wp\/v2\/product\/17185\/revisions\/17768"}],"wp:featuredmedia":[{"embeddable":true,"href":"https:\/\/turkmenexporter.com\/de\/wp-json\/wp\/v2\/media\/17050"}],"wp:attachment":[{"href":"https:\/\/turkmenexporter.com\/de\/wp-json\/wp\/v2\/media?parent=17185"}],"wp:term":[{"taxonomy":"brand","embeddable":true,"href":"https:\/\/turkmenexporter.com\/de\/wp-json\/wp\/v2\/brand?post=17185"},{"taxonomy":"product_cat","embeddable":true,"href":"https:\/\/turkmenexporter.com\/de\/wp-json\/wp\/v2\/product_cat?post=17185"},{"taxonomy":"product_tag","embeddable":true,"href":"https:\/\/turkmenexporter.com\/de\/wp-json\/wp\/v2\/product_tag?post=17185"}],"curies":[{"name":"wp","href":"https:\/\/api.w.org\/{rel}","templated":true}]}}