{"id":17186,"date":"2025-07-14T16:58:04","date_gmt":"2025-07-14T11:58:04","guid":{"rendered":"https:\/\/turkmenexporter.com\/product\/romeo-freistehende-badewanne\/"},"modified":"2025-07-16T12:58:49","modified_gmt":"2025-07-16T07:58:49","slug":"romeo-freistehende-badewanne","status":"publish","type":"product","link":"https:\/\/turkmenexporter.com\/de\/produkt\/romeo-freistehende-badewanne\/","title":{"rendered":"Freistehende Badewanne Romeo"},"content":{"rendered":"<p>Die elegante und langlebige freistehende Badewanne &#8222;Romeo&#8220; von Pietra Bian ca ist aus hochwertigem Durastone-Material gefertigt. Mit ihren sanften Kurven und ihrem modernen Design ist sie das perfekte Herzst\u00fcck f\u00fcr luxuri\u00f6se Badezimmer. <\/p>\n","protected":false},"excerpt":{"rendered":"<p>Wei\u00dfer Stein Badewanne<\/p>\n<p>Material: Durastone<\/p>\n","protected":false},"featured_media":17056,"comment_status":"open","ping_status":"closed","template":"","meta":{"_acf_changed":false},"brand":[1294],"product_cat":[1296],"product_tag":[],"class_list":{"0":"post-17186","1":"product","2":"type-product","3":"status-publish","4":"has-post-thumbnail","6":"brand-pietra-bianca-de","7":"product_cat-zubehor-fur-das-badezimmer","9":"first","10":"instock","11":"shipping-taxable","12":"purchasable","13":"product-type-variable","14":"has-default-attributes"},"acf":[],"_links":{"self":[{"href":"https:\/\/turkmenexporter.com\/de\/wp-json\/wp\/v2\/product\/17186","targetHints":{"allow":["GET"]}}],"collection":[{"href":"https:\/\/turkmenexporter.com\/de\/wp-json\/wp\/v2\/product"}],"about":[{"href":"https:\/\/turkmenexporter.com\/de\/wp-json\/wp\/v2\/types\/product"}],"replies":[{"embeddable":true,"href":"https:\/\/turkmenexporter.com\/de\/wp-json\/wp\/v2\/comments?post=17186"}],"version-history":[{"count":1,"href":"https:\/\/turkmenexporter.com\/de\/wp-json\/wp\/v2\/product\/17186\/revisions"}],"predecessor-version":[{"id":17769,"href":"https:\/\/turkmenexporter.com\/de\/wp-json\/wp\/v2\/product\/17186\/revisions\/17769"}],"wp:featuredmedia":[{"embeddable":true,"href":"https:\/\/turkmenexporter.com\/de\/wp-json\/wp\/v2\/media\/17056"}],"wp:attachment":[{"href":"https:\/\/turkmenexporter.com\/de\/wp-json\/wp\/v2\/media?parent=17186"}],"wp:term":[{"taxonomy":"brand","embeddable":true,"href":"https:\/\/turkmenexporter.com\/de\/wp-json\/wp\/v2\/brand?post=17186"},{"taxonomy":"product_cat","embeddable":true,"href":"https:\/\/turkmenexporter.com\/de\/wp-json\/wp\/v2\/product_cat?post=17186"},{"taxonomy":"product_tag","embeddable":true,"href":"https:\/\/turkmenexporter.com\/de\/wp-json\/wp\/v2\/product_tag?post=17186"}],"curies":[{"name":"wp","href":"https:\/\/api.w.org\/{rel}","templated":true}]}}