{"id":17195,"date":"2025-07-14T16:58:01","date_gmt":"2025-07-14T11:58:01","guid":{"rendered":"https:\/\/turkmenexporter.com\/product\/schoene-freistehende-badewanne\/"},"modified":"2025-07-16T09:50:35","modified_gmt":"2025-07-16T04:50:35","slug":"schoene-freistehende-badewanne","status":"publish","type":"product","link":"https:\/\/turkmenexporter.com\/de\/produkt\/schoene-freistehende-badewanne\/","title":{"rendered":"Freistehende Badewanne Nice"},"content":{"rendered":"<p>Die elegante und langlebige freistehende Badewanne Pietra Bianca &#8222;Nice&#8220; ist aus hochwertigem Durastone-Material gefertigt. Mit ihren sanften Rundungen und ihrem modernen Design ist sie der perfekte Mittelpunkt f\u00fcr luxuri\u00f6se B\u00e4der. Gr\u00f6\u00dfe: 1800x850x520 mm. Gewicht: 180 kg.<\/p>\n","protected":false},"excerpt":{"rendered":"<p>Wei\u00dfe Steinbadewanne<\/p>\n<p>Material: Durastone<\/p>\n<p>Gewicht: 180 kg<\/p>\n<p>Gr\u00f6\u00dfe: 1800x850x520<\/p>\n","protected":false},"featured_media":17026,"comment_status":"open","ping_status":"closed","template":"","meta":{"_acf_changed":false},"brand":[1294],"product_cat":[1296],"product_tag":[],"class_list":{"0":"post-17195","1":"product","2":"type-product","3":"status-publish","4":"has-post-thumbnail","6":"brand-pietra-bianca-de","7":"product_cat-zubehor-fur-das-badezimmer","9":"first","10":"instock","11":"shipping-taxable","12":"purchasable","13":"product-type-simple"},"acf":[],"_links":{"self":[{"href":"https:\/\/turkmenexporter.com\/de\/wp-json\/wp\/v2\/product\/17195","targetHints":{"allow":["GET"]}}],"collection":[{"href":"https:\/\/turkmenexporter.com\/de\/wp-json\/wp\/v2\/product"}],"about":[{"href":"https:\/\/turkmenexporter.com\/de\/wp-json\/wp\/v2\/types\/product"}],"replies":[{"embeddable":true,"href":"https:\/\/turkmenexporter.com\/de\/wp-json\/wp\/v2\/comments?post=17195"}],"version-history":[{"count":2,"href":"https:\/\/turkmenexporter.com\/de\/wp-json\/wp\/v2\/product\/17195\/revisions"}],"predecessor-version":[{"id":17539,"href":"https:\/\/turkmenexporter.com\/de\/wp-json\/wp\/v2\/product\/17195\/revisions\/17539"}],"wp:featuredmedia":[{"embeddable":true,"href":"https:\/\/turkmenexporter.com\/de\/wp-json\/wp\/v2\/media\/17026"}],"wp:attachment":[{"href":"https:\/\/turkmenexporter.com\/de\/wp-json\/wp\/v2\/media?parent=17195"}],"wp:term":[{"taxonomy":"brand","embeddable":true,"href":"https:\/\/turkmenexporter.com\/de\/wp-json\/wp\/v2\/brand?post=17195"},{"taxonomy":"product_cat","embeddable":true,"href":"https:\/\/turkmenexporter.com\/de\/wp-json\/wp\/v2\/product_cat?post=17195"},{"taxonomy":"product_tag","embeddable":true,"href":"https:\/\/turkmenexporter.com\/de\/wp-json\/wp\/v2\/product_tag?post=17195"}],"curies":[{"name":"wp","href":"https:\/\/api.w.org\/{rel}","templated":true}]}}