{"id":17220,"date":"2025-07-14T16:57:56","date_gmt":"2025-07-14T11:57:56","guid":{"rendered":"https:\/\/turkmenexporter.com\/product\/maria-freistehende-badewanne\/"},"modified":"2025-07-16T13:02:15","modified_gmt":"2025-07-16T08:02:15","slug":"maria-freistehende-badewanne","status":"publish","type":"product","link":"https:\/\/turkmenexporter.com\/de\/produkt\/maria-freistehende-badewanne\/","title":{"rendered":"Freistehende Badewanne Maria"},"content":{"rendered":"<p>Die elegante und langlebige freistehende Badewanne Pietra Bianca &#8222;Maria&#8220; ist aus hochwertigem Durastone-Material gefertigt. Mit ihren sanften Rundungen und ihrem modernen Design ist sie der perfekte Mittelpunkt f\u00fcr luxuri\u00f6se B\u00e4der. <\/p>\n","protected":false},"excerpt":{"rendered":"<p>Wei\u00dfer Stein Badewanne<\/p>\n<p>Material: Durastone<\/p>\n","protected":false},"featured_media":17020,"comment_status":"open","ping_status":"closed","template":"","meta":{"_acf_changed":false},"brand":[1294],"product_cat":[1296],"product_tag":[],"class_list":{"0":"post-17220","1":"product","2":"type-product","3":"status-publish","4":"has-post-thumbnail","6":"brand-pietra-bianca-de","7":"product_cat-zubehor-fur-das-badezimmer","9":"first","10":"instock","11":"shipping-taxable","12":"purchasable","13":"product-type-variable"},"acf":[],"_links":{"self":[{"href":"https:\/\/turkmenexporter.com\/de\/wp-json\/wp\/v2\/product\/17220","targetHints":{"allow":["GET"]}}],"collection":[{"href":"https:\/\/turkmenexporter.com\/de\/wp-json\/wp\/v2\/product"}],"about":[{"href":"https:\/\/turkmenexporter.com\/de\/wp-json\/wp\/v2\/types\/product"}],"replies":[{"embeddable":true,"href":"https:\/\/turkmenexporter.com\/de\/wp-json\/wp\/v2\/comments?post=17220"}],"version-history":[{"count":1,"href":"https:\/\/turkmenexporter.com\/de\/wp-json\/wp\/v2\/product\/17220\/revisions"}],"predecessor-version":[{"id":17779,"href":"https:\/\/turkmenexporter.com\/de\/wp-json\/wp\/v2\/product\/17220\/revisions\/17779"}],"wp:featuredmedia":[{"embeddable":true,"href":"https:\/\/turkmenexporter.com\/de\/wp-json\/wp\/v2\/media\/17020"}],"wp:attachment":[{"href":"https:\/\/turkmenexporter.com\/de\/wp-json\/wp\/v2\/media?parent=17220"}],"wp:term":[{"taxonomy":"brand","embeddable":true,"href":"https:\/\/turkmenexporter.com\/de\/wp-json\/wp\/v2\/brand?post=17220"},{"taxonomy":"product_cat","embeddable":true,"href":"https:\/\/turkmenexporter.com\/de\/wp-json\/wp\/v2\/product_cat?post=17220"},{"taxonomy":"product_tag","embeddable":true,"href":"https:\/\/turkmenexporter.com\/de\/wp-json\/wp\/v2\/product_tag?post=17220"}],"curies":[{"name":"wp","href":"https:\/\/api.w.org\/{rel}","templated":true}]}}