{"id":17455,"date":"2025-07-15T14:39:49","date_gmt":"2025-07-15T09:39:49","guid":{"rendered":"https:\/\/turkmenexporter.com\/product\/freistehendes-waschbecken-wave\/"},"modified":"2025-07-16T12:58:03","modified_gmt":"2025-07-16T07:58:03","slug":"freistehendes-waschbecken-wave","status":"publish","type":"product","link":"https:\/\/turkmenexporter.com\/de\/produkt\/freistehendes-waschbecken-wave\/","title":{"rendered":"Freistehendes Waschbecken Wave"},"content":{"rendered":"<p>Das moderne und kompakte freistehende Waschbecken &#8222;Wave&#8220; von Pietra Bianca ist aus strapazierf\u00e4higem Durastone mit einer glatten, matten Oberfl\u00e4che gefertigt. Mit seinen klaren Linien und der k\u00fchnen geometrischen Form passt es perfekt in minimalistische und luxuri\u00f6se Innenr\u00e4ume. Gr\u00f6\u00dfe: 600x370x900 mm. Gewicht: 60 kg.   <\/p>\n","protected":false},"excerpt":{"rendered":"<p>Wei\u00dfes Steinbecken<\/p>\n<p>Material: Durastone<\/p>\n<p>Gewicht: 60 kg<\/p>\n<p>Gr\u00f6\u00dfe: 600x370x900<\/p>\n","protected":false},"featured_media":17405,"comment_status":"open","ping_status":"closed","template":"","meta":{"_acf_changed":false},"brand":[1294],"product_cat":[1296],"product_tag":[],"class_list":{"0":"post-17455","1":"product","2":"type-product","3":"status-publish","4":"has-post-thumbnail","6":"brand-pietra-bianca-de","7":"product_cat-zubehor-fur-das-badezimmer","9":"first","10":"instock","11":"shipping-taxable","12":"purchasable","13":"product-type-simple"},"acf":[],"_links":{"self":[{"href":"https:\/\/turkmenexporter.com\/de\/wp-json\/wp\/v2\/product\/17455","targetHints":{"allow":["GET"]}}],"collection":[{"href":"https:\/\/turkmenexporter.com\/de\/wp-json\/wp\/v2\/product"}],"about":[{"href":"https:\/\/turkmenexporter.com\/de\/wp-json\/wp\/v2\/types\/product"}],"replies":[{"embeddable":true,"href":"https:\/\/turkmenexporter.com\/de\/wp-json\/wp\/v2\/comments?post=17455"}],"version-history":[{"count":1,"href":"https:\/\/turkmenexporter.com\/de\/wp-json\/wp\/v2\/product\/17455\/revisions"}],"predecessor-version":[{"id":17767,"href":"https:\/\/turkmenexporter.com\/de\/wp-json\/wp\/v2\/product\/17455\/revisions\/17767"}],"wp:featuredmedia":[{"embeddable":true,"href":"https:\/\/turkmenexporter.com\/de\/wp-json\/wp\/v2\/media\/17405"}],"wp:attachment":[{"href":"https:\/\/turkmenexporter.com\/de\/wp-json\/wp\/v2\/media?parent=17455"}],"wp:term":[{"taxonomy":"brand","embeddable":true,"href":"https:\/\/turkmenexporter.com\/de\/wp-json\/wp\/v2\/brand?post=17455"},{"taxonomy":"product_cat","embeddable":true,"href":"https:\/\/turkmenexporter.com\/de\/wp-json\/wp\/v2\/product_cat?post=17455"},{"taxonomy":"product_tag","embeddable":true,"href":"https:\/\/turkmenexporter.com\/de\/wp-json\/wp\/v2\/product_tag?post=17455"}],"curies":[{"name":"wp","href":"https:\/\/api.w.org\/{rel}","templated":true}]}}