{"id":17458,"date":"2025-07-15T14:39:48","date_gmt":"2025-07-15T09:39:48","guid":{"rendered":"https:\/\/turkmenexporter.com\/product\/speaker-freistehendes-becken\/"},"modified":"2025-07-16T09:48:22","modified_gmt":"2025-07-16T04:48:22","slug":"speaker-freistehendes-becken","status":"publish","type":"product","link":"https:\/\/turkmenexporter.com\/de\/produkt\/speaker-freistehendes-becken\/","title":{"rendered":"Freistehendes Waschbecken Speaker"},"content":{"rendered":"<p>Das moderne und kompakte freistehende Waschbecken &#8222;Speaker&#8220; von Pietra Bianca ist aus strapazierf\u00e4higem Durastone mit einer glatten, matten Oberfl\u00e4che gefertigt. Mit seinen klaren Linien und seiner k\u00fchnen geometrischen Form passt es perfekt in minimalistische und luxuri\u00f6se Innenr\u00e4ume. Gr\u00f6\u00dfe: \u00d8 500 x 900 mm. Gewicht: 50 kg.<\/p>\n","protected":false},"excerpt":{"rendered":"<p>Wei\u00dfes Steinbecken<\/p>\n<p>Material: Durastone<\/p>\n<p>Gewicht: 50 kg<\/p>\n<p>Gr\u00f6\u00dfe: 500dia x900<\/p>\n","protected":false},"featured_media":17375,"comment_status":"open","ping_status":"closed","template":"","meta":{"_acf_changed":false},"brand":[1294],"product_cat":[1296],"product_tag":[],"class_list":{"0":"post-17458","1":"product","2":"type-product","3":"status-publish","4":"has-post-thumbnail","6":"brand-pietra-bianca-de","7":"product_cat-zubehor-fur-das-badezimmer","9":"first","10":"instock","11":"shipping-taxable","12":"purchasable","13":"product-type-simple"},"acf":[],"_links":{"self":[{"href":"https:\/\/turkmenexporter.com\/de\/wp-json\/wp\/v2\/product\/17458","targetHints":{"allow":["GET"]}}],"collection":[{"href":"https:\/\/turkmenexporter.com\/de\/wp-json\/wp\/v2\/product"}],"about":[{"href":"https:\/\/turkmenexporter.com\/de\/wp-json\/wp\/v2\/types\/product"}],"replies":[{"embeddable":true,"href":"https:\/\/turkmenexporter.com\/de\/wp-json\/wp\/v2\/comments?post=17458"}],"version-history":[{"count":2,"href":"https:\/\/turkmenexporter.com\/de\/wp-json\/wp\/v2\/product\/17458\/revisions"}],"predecessor-version":[{"id":17530,"href":"https:\/\/turkmenexporter.com\/de\/wp-json\/wp\/v2\/product\/17458\/revisions\/17530"}],"wp:featuredmedia":[{"embeddable":true,"href":"https:\/\/turkmenexporter.com\/de\/wp-json\/wp\/v2\/media\/17375"}],"wp:attachment":[{"href":"https:\/\/turkmenexporter.com\/de\/wp-json\/wp\/v2\/media?parent=17458"}],"wp:term":[{"taxonomy":"brand","embeddable":true,"href":"https:\/\/turkmenexporter.com\/de\/wp-json\/wp\/v2\/brand?post=17458"},{"taxonomy":"product_cat","embeddable":true,"href":"https:\/\/turkmenexporter.com\/de\/wp-json\/wp\/v2\/product_cat?post=17458"},{"taxonomy":"product_tag","embeddable":true,"href":"https:\/\/turkmenexporter.com\/de\/wp-json\/wp\/v2\/product_tag?post=17458"}],"curies":[{"name":"wp","href":"https:\/\/api.w.org\/{rel}","templated":true}]}}