{"id":17993,"date":"2025-07-16T14:18:12","date_gmt":"2025-07-16T09:18:12","guid":{"rendered":"https:\/\/turkmenexporter.com\/product\/aufsatzbecken-valentina\/"},"modified":"2025-07-16T14:18:12","modified_gmt":"2025-07-16T09:18:12","slug":"aufsatzbecken-valentina","status":"publish","type":"product","link":"https:\/\/turkmenexporter.com\/de\/produkt\/aufsatzbecken-valentina\/","title":{"rendered":"Aufsatzwaschbecken Valentina"},"content":{"rendered":"<p>Das elegante und kompakte Aufsatzwaschbecken &#8222;Valentina&#8220; von Pietra Bianca ist aus hochwertigem Durastone gefertigt. Mit seiner glatten, matten Oberfl\u00e4che und seinem minimalistischen Design ist es ideal f\u00fcr moderne Badeinrichtungen. Gr\u00f6\u00dfe: 700x400x130. Gewicht: 30 kg.   <\/p>\n","protected":false},"excerpt":{"rendered":"<p>Pietra Bianca Aufsatzwaschbecken<\/p>\n<p>Material: Durastone<\/p>\n<p>Gewicht: 30 kg<\/p>\n<p>Gr\u00f6\u00dfe: 700x400x130 <\/p>\n","protected":false},"featured_media":17859,"comment_status":"open","ping_status":"closed","template":"","meta":{"_acf_changed":false},"brand":[1294],"product_cat":[1296],"product_tag":[],"class_list":{"0":"post-17993","1":"product","2":"type-product","3":"status-publish","4":"has-post-thumbnail","6":"brand-pietra-bianca-de","7":"product_cat-zubehor-fur-das-badezimmer","9":"first","10":"instock","11":"shipping-taxable","12":"purchasable","13":"product-type-simple"},"acf":[],"_links":{"self":[{"href":"https:\/\/turkmenexporter.com\/de\/wp-json\/wp\/v2\/product\/17993","targetHints":{"allow":["GET"]}}],"collection":[{"href":"https:\/\/turkmenexporter.com\/de\/wp-json\/wp\/v2\/product"}],"about":[{"href":"https:\/\/turkmenexporter.com\/de\/wp-json\/wp\/v2\/types\/product"}],"replies":[{"embeddable":true,"href":"https:\/\/turkmenexporter.com\/de\/wp-json\/wp\/v2\/comments?post=17993"}],"version-history":[{"count":0,"href":"https:\/\/turkmenexporter.com\/de\/wp-json\/wp\/v2\/product\/17993\/revisions"}],"wp:featuredmedia":[{"embeddable":true,"href":"https:\/\/turkmenexporter.com\/de\/wp-json\/wp\/v2\/media\/17859"}],"wp:attachment":[{"href":"https:\/\/turkmenexporter.com\/de\/wp-json\/wp\/v2\/media?parent=17993"}],"wp:term":[{"taxonomy":"brand","embeddable":true,"href":"https:\/\/turkmenexporter.com\/de\/wp-json\/wp\/v2\/brand?post=17993"},{"taxonomy":"product_cat","embeddable":true,"href":"https:\/\/turkmenexporter.com\/de\/wp-json\/wp\/v2\/product_cat?post=17993"},{"taxonomy":"product_tag","embeddable":true,"href":"https:\/\/turkmenexporter.com\/de\/wp-json\/wp\/v2\/product_tag?post=17993"}],"curies":[{"name":"wp","href":"https:\/\/api.w.org\/{rel}","templated":true}]}}