{"id":18604,"date":"2025-07-18T16:43:15","date_gmt":"2025-07-18T11:43:15","guid":{"rendered":"https:\/\/turkmenexporter.com\/product\/schutz-alles-sarayan\/"},"modified":"2025-07-23T13:14:45","modified_gmt":"2025-07-23T08:14:45","slug":"schutz-alles-sarayan","status":"publish","type":"product","link":"https:\/\/turkmenexporter.com\/de\/produkt\/schutz-alles-sarayan\/","title":{"rendered":"Schutzoverall Sarayan"},"content":{"rendered":"<p>Nylon-Arbeitskleidung wird h\u00e4ufig in Bereichen eingesetzt, in denen eine hohe Widerstandsf\u00e4higkeit gegen physische Einwirkungen erforderlich ist, wie etwa im Baugewerbe oder in der Fertigung.<\/p>\n<p>Die Farbe der Arbeitskleidung kann eine wichtige \u00dcberlegung sein, insbesondere in Situationen mit geringer Sichtbarkeit. Helle und auff\u00e4llige Farben wie Orange, Gelb oder Rot k\u00f6nnen die Sichtbarkeit des Arbeiters erh\u00f6hen, was auf dem Bau oder bei Stra\u00dfenarbeiten wichtig ist. <\/p>\n<p>Nylon ist f\u00fcr seine St\u00e4rke und Haltbarkeit bekannt. Die St\u00e4rke von Nylon macht es zu einer ausgezeichneten Wahl f\u00fcr den Schutz gegen mechanische Besch\u00e4digungen. Es kann auch wasserabweisend sein, was den Schutz unter nassen Bedingungen erh\u00f6ht.  <\/p>\n","protected":false},"excerpt":{"rendered":"<p>Isolierter, wasser- und winddichter W\u00e4rmeschutzanzug aus Nylon (Hose und Jacke mit Kapuze).<\/p>\n<p>Alle Anpassungen in Design und Gr\u00f6\u00dfe k\u00f6nnen verhandelt werden.<\/p>\n<p>Mindestbestellmenge 10 ct.<\/p>\n","protected":false},"featured_media":18487,"comment_status":"open","ping_status":"closed","template":"","meta":{"_acf_changed":false},"brand":[1337],"product_cat":[1339],"product_tag":[],"class_list":{"0":"post-18604","1":"product","2":"type-product","3":"status-publish","4":"has-post-thumbnail","6":"brand-sarayan-de","7":"product_cat-kleidung","9":"first","10":"instock","11":"shipping-taxable","12":"purchasable","13":"product-type-simple"},"acf":[],"_links":{"self":[{"href":"https:\/\/turkmenexporter.com\/de\/wp-json\/wp\/v2\/product\/18604","targetHints":{"allow":["GET"]}}],"collection":[{"href":"https:\/\/turkmenexporter.com\/de\/wp-json\/wp\/v2\/product"}],"about":[{"href":"https:\/\/turkmenexporter.com\/de\/wp-json\/wp\/v2\/types\/product"}],"replies":[{"embeddable":true,"href":"https:\/\/turkmenexporter.com\/de\/wp-json\/wp\/v2\/comments?post=18604"}],"version-history":[{"count":1,"href":"https:\/\/turkmenexporter.com\/de\/wp-json\/wp\/v2\/product\/18604\/revisions"}],"predecessor-version":[{"id":18607,"href":"https:\/\/turkmenexporter.com\/de\/wp-json\/wp\/v2\/product\/18604\/revisions\/18607"}],"wp:featuredmedia":[{"embeddable":true,"href":"https:\/\/turkmenexporter.com\/de\/wp-json\/wp\/v2\/media\/18487"}],"wp:attachment":[{"href":"https:\/\/turkmenexporter.com\/de\/wp-json\/wp\/v2\/media?parent=18604"}],"wp:term":[{"taxonomy":"brand","embeddable":true,"href":"https:\/\/turkmenexporter.com\/de\/wp-json\/wp\/v2\/brand?post=18604"},{"taxonomy":"product_cat","embeddable":true,"href":"https:\/\/turkmenexporter.com\/de\/wp-json\/wp\/v2\/product_cat?post=18604"},{"taxonomy":"product_tag","embeddable":true,"href":"https:\/\/turkmenexporter.com\/de\/wp-json\/wp\/v2\/product_tag?post=18604"}],"curies":[{"name":"wp","href":"https:\/\/api.w.org\/{rel}","templated":true}]}}