{"id":18608,"date":"2025-07-18T16:43:13","date_gmt":"2025-07-18T11:43:13","guid":{"rendered":"https:\/\/turkmenexporter.com\/product\/schutzanzug-fuer-schweisser-fuer-maenner\/"},"modified":"2025-07-18T16:43:13","modified_gmt":"2025-07-18T11:43:13","slug":"schutzanzug-fuer-schweisser-fuer-maenner","status":"publish","type":"product","link":"https:\/\/turkmenexporter.com\/de\/produkt\/schutzanzug-fuer-schweisser-fuer-maenner\/","title":{"rendered":"Schutzanzug f\u00fcr Schwei\u00dfer f\u00fcr M\u00e4nner"},"content":{"rendered":"<p>Universelles Arbeitskleidungsset &#8211; Komfort, Schutz und Funktionalit\u00e4t! Die Jacke und die Hose sind verschlei\u00dffest, schmutz- und feuchtigkeitsabweisend und garantieren Langlebigkeit. <\/p>\n<p>Der bequeme Schnitt schr\u00e4nkt die Bewegungsfreiheit nicht ein, und der hohe Kragen sch\u00fctzt den Hals zuverl\u00e4ssig vor Wind und Staub. Gummierte \u00c4rmelb\u00fcndchen verhindern, dass Schmutz und Feuchtigkeit ins Innere gelangen. Zahlreiche Taschen mit Verschl\u00fcssen an Jacke und Hose erm\u00f6glichen es Ihnen, Werkzeuge und Kleinteile griffbereit zu halten.  <\/p>\n<p>Das T-Shirt aus 100 % Baumwolle ist atmungsaktiv und bietet auch bei hei\u00dfem Wetter einen hohen Tragekomfort. Der reflektierende Streifen auf der Brust macht den Arbeiter bei schlechten Lichtverh\u00e4ltnissen sichtbar. Eine ausgezeichnete Wahl f\u00fcr Sicherheit und Komfort bei der Arbeit! <\/p>\n","protected":false},"excerpt":{"rendered":"<p>Jacke und Hose aus strapazierf\u00e4higem Mischgewebe (30-35% Baumwolle, 65-70% Polyester)<\/p>\n<p>Alle Anpassungen in Design und Gr\u00f6\u00dfe k\u00f6nnen verhandelt werden.<\/p>\n<p>Mindestbestellmenge 10 ct.<\/p>\n","protected":false},"featured_media":18421,"comment_status":"open","ping_status":"closed","template":"","meta":{"_acf_changed":false},"brand":[1337],"product_cat":[1339],"product_tag":[],"class_list":{"0":"post-18608","1":"product","2":"type-product","3":"status-publish","4":"has-post-thumbnail","6":"brand-sarayan-de","7":"product_cat-kleidung","9":"first","10":"instock","11":"shipping-taxable","12":"purchasable","13":"product-type-simple"},"acf":[],"_links":{"self":[{"href":"https:\/\/turkmenexporter.com\/de\/wp-json\/wp\/v2\/product\/18608","targetHints":{"allow":["GET"]}}],"collection":[{"href":"https:\/\/turkmenexporter.com\/de\/wp-json\/wp\/v2\/product"}],"about":[{"href":"https:\/\/turkmenexporter.com\/de\/wp-json\/wp\/v2\/types\/product"}],"replies":[{"embeddable":true,"href":"https:\/\/turkmenexporter.com\/de\/wp-json\/wp\/v2\/comments?post=18608"}],"version-history":[{"count":0,"href":"https:\/\/turkmenexporter.com\/de\/wp-json\/wp\/v2\/product\/18608\/revisions"}],"wp:featuredmedia":[{"embeddable":true,"href":"https:\/\/turkmenexporter.com\/de\/wp-json\/wp\/v2\/media\/18421"}],"wp:attachment":[{"href":"https:\/\/turkmenexporter.com\/de\/wp-json\/wp\/v2\/media?parent=18608"}],"wp:term":[{"taxonomy":"brand","embeddable":true,"href":"https:\/\/turkmenexporter.com\/de\/wp-json\/wp\/v2\/brand?post=18608"},{"taxonomy":"product_cat","embeddable":true,"href":"https:\/\/turkmenexporter.com\/de\/wp-json\/wp\/v2\/product_cat?post=18608"},{"taxonomy":"product_tag","embeddable":true,"href":"https:\/\/turkmenexporter.com\/de\/wp-json\/wp\/v2\/product_tag?post=18608"}],"curies":[{"name":"wp","href":"https:\/\/api.w.org\/{rel}","templated":true}]}}