{"id":18609,"date":"2025-07-18T16:43:13","date_gmt":"2025-07-18T11:43:13","guid":{"rendered":"https:\/\/turkmenexporter.com\/product\/schutzanzug-fuer-elektriker-sarayan\/"},"modified":"2025-07-18T16:43:13","modified_gmt":"2025-07-18T11:43:13","slug":"schutzanzug-fuer-elektriker-sarayan","status":"publish","type":"product","link":"https:\/\/turkmenexporter.com\/de\/produkt\/schutzanzug-fuer-elektriker-sarayan\/","title":{"rendered":"Schutzanzug f\u00fcr Elektriker Sarayan"},"content":{"rendered":"<p>Reflektierende Streifen: Eingebaute reflektierende Elemente verbessern die Sichtbarkeit der Arbeiter bei schlechten Lichtverh\u00e4ltnissen oder in der Nacht, was die Sicherheit am Arbeitsplatz deutlich erh\u00f6ht. Das T-Shirt ist aus 100 % hochwertiger Baumwolle gefertigt. <\/p>\n<p>Die verschlei\u00dffeste Gabardine sch\u00fctzt vor Schmutz und h\u00e4lt intensiver Beanspruchung stand, wobei sie ein gepflegtes Aussehen bewahrt. Der anatomische Schnitt schr\u00e4nkt die Bewegungsfreiheit nicht ein, und in den praktischen Taschen haben Sie alles, was Sie brauchen, immer griffbereit. Zuverl\u00e4ssige Fastex-Verschl\u00fcsse sorgen f\u00fcr schnelle Fixierung und einfaches Anziehen. Pflegeleicht, widerstandsf\u00e4hig gegen mechanische Besch\u00e4digungen, die ideale Wahl f\u00fcr Arbeit und aktiven Gebrauch!   <\/p>\n","protected":false},"excerpt":{"rendered":"<p>The overalls and jacket were made of gabardine, which is 60% cotton and 40% polyester.<\/p>\n<p>Any adjusments in design and size and can be negotiated.<\/p>\n<p>Mindestbestellmenge 10 ct.<\/p>\n","protected":false},"featured_media":18403,"comment_status":"open","ping_status":"closed","template":"","meta":{"_acf_changed":false},"brand":[1337],"product_cat":[1339],"product_tag":[],"class_list":{"0":"post-18609","1":"product","2":"type-product","3":"status-publish","4":"has-post-thumbnail","6":"brand-sarayan-de","7":"product_cat-kleidung","9":"first","10":"instock","11":"shipping-taxable","12":"purchasable","13":"product-type-simple"},"acf":[],"_links":{"self":[{"href":"https:\/\/turkmenexporter.com\/de\/wp-json\/wp\/v2\/product\/18609","targetHints":{"allow":["GET"]}}],"collection":[{"href":"https:\/\/turkmenexporter.com\/de\/wp-json\/wp\/v2\/product"}],"about":[{"href":"https:\/\/turkmenexporter.com\/de\/wp-json\/wp\/v2\/types\/product"}],"replies":[{"embeddable":true,"href":"https:\/\/turkmenexporter.com\/de\/wp-json\/wp\/v2\/comments?post=18609"}],"version-history":[{"count":0,"href":"https:\/\/turkmenexporter.com\/de\/wp-json\/wp\/v2\/product\/18609\/revisions"}],"wp:featuredmedia":[{"embeddable":true,"href":"https:\/\/turkmenexporter.com\/de\/wp-json\/wp\/v2\/media\/18403"}],"wp:attachment":[{"href":"https:\/\/turkmenexporter.com\/de\/wp-json\/wp\/v2\/media?parent=18609"}],"wp:term":[{"taxonomy":"brand","embeddable":true,"href":"https:\/\/turkmenexporter.com\/de\/wp-json\/wp\/v2\/brand?post=18609"},{"taxonomy":"product_cat","embeddable":true,"href":"https:\/\/turkmenexporter.com\/de\/wp-json\/wp\/v2\/product_cat?post=18609"},{"taxonomy":"product_tag","embeddable":true,"href":"https:\/\/turkmenexporter.com\/de\/wp-json\/wp\/v2\/product_tag?post=18609"}],"curies":[{"name":"wp","href":"https:\/\/api.w.org\/{rel}","templated":true}]}}