{"id":18610,"date":"2025-07-18T16:43:12","date_gmt":"2025-07-18T11:43:12","guid":{"rendered":"https:\/\/turkmenexporter.com\/product\/schutzanzug-fuer-das-militaer-sarayan\/"},"modified":"2025-07-18T16:43:12","modified_gmt":"2025-07-18T11:43:12","slug":"schutzanzug-fuer-das-militaer-sarayan","status":"publish","type":"product","link":"https:\/\/turkmenexporter.com\/de\/produkt\/schutzanzug-fuer-das-militaer-sarayan\/","title":{"rendered":"Schutzanzug f\u00fcr das Milit\u00e4r Sarayan"},"content":{"rendered":"<p>Taktische Uniform im Milit\u00e4rstil &#8211; Schutz, Komfort und Funktionalit\u00e4t f\u00fcr die aktive Freizeitgestaltung!<\/p>\n<p>Der strapazierf\u00e4hige Ripstop ist rei\u00df- und verschlei\u00dffest, und die wasserabweisende Impr\u00e4gnierung sch\u00fctzt vor Regen und Feuchtigkeit.<\/p>\n<p>Der anatomisch geformte Kragen reibt nicht und sorgt auch bei l\u00e4ngerem Tragen f\u00fcr Komfort.<\/p>\n<p>Viele gut durchdachte Taschen f\u00fcr Ausr\u00fcstung und Zubeh\u00f6r sind immer griffbereit.<\/p>\n<p>Doppelte Verschl\u00fcsse sorgen f\u00fcr eine zuverl\u00e4ssige Fixierung. Maximale Bewegungsfreiheit und Vertrauen in jeder Situation! <\/p>\n","protected":false},"excerpt":{"rendered":"<p>Einteiliger Overall f\u00fcr das Milit\u00e4r.<\/p>\n<p>Hergestellt aus strapazierf\u00e4higem Rip-Stop-Material.<\/p>\n<p>Anpassungen in Design und Gr\u00f6\u00dfe k\u00f6nnen verhandelt werden.<\/p>\n<p>Mindestbestellmenge 10 ct.<\/p>\n","protected":false},"featured_media":18343,"comment_status":"open","ping_status":"closed","template":"","meta":{"_acf_changed":false},"brand":[1337],"product_cat":[1339],"product_tag":[],"class_list":{"0":"post-18610","1":"product","2":"type-product","3":"status-publish","4":"has-post-thumbnail","6":"brand-sarayan-de","7":"product_cat-kleidung","9":"first","10":"instock","11":"shipping-taxable","12":"purchasable","13":"product-type-simple"},"acf":[],"_links":{"self":[{"href":"https:\/\/turkmenexporter.com\/de\/wp-json\/wp\/v2\/product\/18610","targetHints":{"allow":["GET"]}}],"collection":[{"href":"https:\/\/turkmenexporter.com\/de\/wp-json\/wp\/v2\/product"}],"about":[{"href":"https:\/\/turkmenexporter.com\/de\/wp-json\/wp\/v2\/types\/product"}],"replies":[{"embeddable":true,"href":"https:\/\/turkmenexporter.com\/de\/wp-json\/wp\/v2\/comments?post=18610"}],"version-history":[{"count":0,"href":"https:\/\/turkmenexporter.com\/de\/wp-json\/wp\/v2\/product\/18610\/revisions"}],"wp:featuredmedia":[{"embeddable":true,"href":"https:\/\/turkmenexporter.com\/de\/wp-json\/wp\/v2\/media\/18343"}],"wp:attachment":[{"href":"https:\/\/turkmenexporter.com\/de\/wp-json\/wp\/v2\/media?parent=18610"}],"wp:term":[{"taxonomy":"brand","embeddable":true,"href":"https:\/\/turkmenexporter.com\/de\/wp-json\/wp\/v2\/brand?post=18610"},{"taxonomy":"product_cat","embeddable":true,"href":"https:\/\/turkmenexporter.com\/de\/wp-json\/wp\/v2\/product_cat?post=18610"},{"taxonomy":"product_tag","embeddable":true,"href":"https:\/\/turkmenexporter.com\/de\/wp-json\/wp\/v2\/product_tag?post=18610"}],"curies":[{"name":"wp","href":"https:\/\/api.w.org\/{rel}","templated":true}]}}