{"id":18611,"date":"2025-07-18T16:43:12","date_gmt":"2025-07-18T11:43:12","guid":{"rendered":"https:\/\/turkmenexporter.com\/product\/schutzanzug-fuer-allgemeine-arbeitskraefte-sarayan\/"},"modified":"2025-07-18T16:43:12","modified_gmt":"2025-07-18T11:43:12","slug":"schutzanzug-fuer-allgemeine-arbeitskraefte-sarayan","status":"publish","type":"product","link":"https:\/\/turkmenexporter.com\/de\/produkt\/schutzanzug-fuer-allgemeine-arbeitskraefte-sarayan\/","title":{"rendered":"Schutzanzug f\u00fcr allgemeine Arbeiter Sarayan"},"content":{"rendered":"<p>In den zahlreichen Taschen lassen sich Kleinigkeiten und pers\u00f6nliche Gegenst\u00e4nde bequem und sicher verstauen.<\/p>\n<p>Reflektierende Elemente erh\u00f6hen die Sichtbarkeit im Dunkeln und sorgen f\u00fcr zus\u00e4tzliche Sicherheit bei Arbeiten unter schlechten Lichtverh\u00e4ltnissen.<\/p>\n","protected":false},"excerpt":{"rendered":"<p>Einteiliger Overall aus dicker Gabardine, 100% Baumwolle.<\/p>\n<p>Alle Anpassungen in Design und Gr\u00f6\u00dfe k\u00f6nnen verhandelt werden.<\/p>\n<p>Mindestbestellmenge 10 ct.<\/p>\n","protected":false},"featured_media":18361,"comment_status":"open","ping_status":"closed","template":"","meta":{"_acf_changed":false},"brand":[1337],"product_cat":[1339],"product_tag":[],"class_list":{"0":"post-18611","1":"product","2":"type-product","3":"status-publish","4":"has-post-thumbnail","6":"brand-sarayan-de","7":"product_cat-kleidung","9":"first","10":"instock","11":"shipping-taxable","12":"purchasable","13":"product-type-simple"},"acf":[],"_links":{"self":[{"href":"https:\/\/turkmenexporter.com\/de\/wp-json\/wp\/v2\/product\/18611","targetHints":{"allow":["GET"]}}],"collection":[{"href":"https:\/\/turkmenexporter.com\/de\/wp-json\/wp\/v2\/product"}],"about":[{"href":"https:\/\/turkmenexporter.com\/de\/wp-json\/wp\/v2\/types\/product"}],"replies":[{"embeddable":true,"href":"https:\/\/turkmenexporter.com\/de\/wp-json\/wp\/v2\/comments?post=18611"}],"version-history":[{"count":0,"href":"https:\/\/turkmenexporter.com\/de\/wp-json\/wp\/v2\/product\/18611\/revisions"}],"wp:featuredmedia":[{"embeddable":true,"href":"https:\/\/turkmenexporter.com\/de\/wp-json\/wp\/v2\/media\/18361"}],"wp:attachment":[{"href":"https:\/\/turkmenexporter.com\/de\/wp-json\/wp\/v2\/media?parent=18611"}],"wp:term":[{"taxonomy":"brand","embeddable":true,"href":"https:\/\/turkmenexporter.com\/de\/wp-json\/wp\/v2\/brand?post=18611"},{"taxonomy":"product_cat","embeddable":true,"href":"https:\/\/turkmenexporter.com\/de\/wp-json\/wp\/v2\/product_cat?post=18611"},{"taxonomy":"product_tag","embeddable":true,"href":"https:\/\/turkmenexporter.com\/de\/wp-json\/wp\/v2\/product_tag?post=18611"}],"curies":[{"name":"wp","href":"https:\/\/api.w.org\/{rel}","templated":true}]}}