{"id":18612,"date":"2025-07-18T16:43:12","date_gmt":"2025-07-18T11:43:12","guid":{"rendered":"https:\/\/turkmenexporter.com\/product\/schutzanzug-fuer-allgemeine-arbeiter-fuer-maenner\/"},"modified":"2025-07-18T16:43:12","modified_gmt":"2025-07-18T11:43:12","slug":"schutzanzug-fuer-allgemeine-arbeiter-fuer-maenner","status":"publish","type":"product","link":"https:\/\/turkmenexporter.com\/de\/produkt\/schutzanzug-fuer-allgemeine-arbeiter-fuer-maenner\/","title":{"rendered":"Schutzanzug f\u00fcr allgemeine Arbeiter f\u00fcr M\u00e4nner"},"content":{"rendered":"<p>In den zahlreichen Taschen lassen sich Kleinigkeiten und pers\u00f6nliche Gegenst\u00e4nde bequem und sicher verstauen.<\/p>\n<p>Reflektierende Elemente erh\u00f6hen die Sichtbarkeit im Dunkeln und sorgen f\u00fcr zus\u00e4tzliche Sicherheit bei Arbeiten unter schlechten Lichtverh\u00e4ltnissen.<\/p>\n","protected":false},"excerpt":{"rendered":"<p>Hose und Jacke aus dicker Gabardine, 100% Baumwolle.<\/p>\n<p>Alle Anpassungen in Design und Gr\u00f6\u00dfe und k\u00f6nnen verhandelt werden.<\/p>\n<p>Mindestbestellmenge 10 ct.<\/p>\n","protected":false},"featured_media":18379,"comment_status":"open","ping_status":"closed","template":"","meta":{"_acf_changed":false},"brand":[1337],"product_cat":[1339],"product_tag":[],"class_list":{"0":"post-18612","1":"product","2":"type-product","3":"status-publish","4":"has-post-thumbnail","6":"brand-sarayan-de","7":"product_cat-kleidung","9":"first","10":"instock","11":"shipping-taxable","12":"purchasable","13":"product-type-simple"},"acf":[],"_links":{"self":[{"href":"https:\/\/turkmenexporter.com\/de\/wp-json\/wp\/v2\/product\/18612","targetHints":{"allow":["GET"]}}],"collection":[{"href":"https:\/\/turkmenexporter.com\/de\/wp-json\/wp\/v2\/product"}],"about":[{"href":"https:\/\/turkmenexporter.com\/de\/wp-json\/wp\/v2\/types\/product"}],"replies":[{"embeddable":true,"href":"https:\/\/turkmenexporter.com\/de\/wp-json\/wp\/v2\/comments?post=18612"}],"version-history":[{"count":0,"href":"https:\/\/turkmenexporter.com\/de\/wp-json\/wp\/v2\/product\/18612\/revisions"}],"wp:featuredmedia":[{"embeddable":true,"href":"https:\/\/turkmenexporter.com\/de\/wp-json\/wp\/v2\/media\/18379"}],"wp:attachment":[{"href":"https:\/\/turkmenexporter.com\/de\/wp-json\/wp\/v2\/media?parent=18612"}],"wp:term":[{"taxonomy":"brand","embeddable":true,"href":"https:\/\/turkmenexporter.com\/de\/wp-json\/wp\/v2\/brand?post=18612"},{"taxonomy":"product_cat","embeddable":true,"href":"https:\/\/turkmenexporter.com\/de\/wp-json\/wp\/v2\/product_cat?post=18612"},{"taxonomy":"product_tag","embeddable":true,"href":"https:\/\/turkmenexporter.com\/de\/wp-json\/wp\/v2\/product_tag?post=18612"}],"curies":[{"name":"wp","href":"https:\/\/api.w.org\/{rel}","templated":true}]}}