{"id":18613,"date":"2025-07-18T16:43:11","date_gmt":"2025-07-18T11:43:11","guid":{"rendered":"https:\/\/turkmenexporter.com\/product\/schutzanzug-fuer-chefkoch-sarayan\/"},"modified":"2025-07-18T16:43:11","modified_gmt":"2025-07-18T11:43:11","slug":"schutzanzug-fuer-chefkoch-sarayan","status":"publish","type":"product","link":"https:\/\/turkmenexporter.com\/de\/produkt\/schutzanzug-fuer-chefkoch-sarayan\/","title":{"rendered":"Schutzanzug f\u00fcr Chefkoch Sarayan"},"content":{"rendered":"<p>Eleganz und Zweckm\u00e4\u00dfigkeit in jedem Detail! Strapazierf\u00e4hige, aber atmungsaktive Gabardine sorgt f\u00fcr Komfort w\u00e4hrend der gesamten Schicht, und ein praktischer Kordelzug gew\u00e4hrleistet sicheren Halt.  <\/p>\n<p>Die Sch\u00fcrze mit Tr\u00e4gern ist die perfekte Mischung aus Stil und Komfort! Leichte Gabardine schr\u00e4nkt die Bewegungsfreiheit nicht ein und bietet auch in einer hei\u00dfen K\u00fcche Komfort. Tiefe Taschen erm\u00f6glichen es Ihnen, Werkzeuge griffbereit zu halten, und verstellbare Tr\u00e4ger sorgen f\u00fcr eine perfekte Passform. Funktionelle Taschen f\u00fcr wichtige Kleinigkeiten und die Personalisierung mit einem Logo machen Ihre Marke noch besser sichtbar!   <\/p>\n","protected":false},"excerpt":{"rendered":"<p>Arbeitskleidung f\u00fcr einen Koch und K\u00fcchenarbeiter (Hose, Tunika, Sch\u00fcrze und M\u00fctze).<\/p>\n<p>Hergestellt aus Terricotton-Gewebe, das 96% Baumwolle und 4% Elastan enth\u00e4lt.<\/p>\n<p>Alle Anpassungen in Design und Gr\u00f6\u00dfe und kann verhandelt werden.<\/p>\n<p>Mindestbestellmenge 10 ct.<\/p>\n","protected":false},"featured_media":18289,"comment_status":"open","ping_status":"closed","template":"","meta":{"_acf_changed":false},"brand":[1337],"product_cat":[1339],"product_tag":[],"class_list":{"0":"post-18613","1":"product","2":"type-product","3":"status-publish","4":"has-post-thumbnail","6":"brand-sarayan-de","7":"product_cat-kleidung","9":"first","10":"instock","11":"shipping-taxable","12":"purchasable","13":"product-type-simple"},"acf":[],"_links":{"self":[{"href":"https:\/\/turkmenexporter.com\/de\/wp-json\/wp\/v2\/product\/18613","targetHints":{"allow":["GET"]}}],"collection":[{"href":"https:\/\/turkmenexporter.com\/de\/wp-json\/wp\/v2\/product"}],"about":[{"href":"https:\/\/turkmenexporter.com\/de\/wp-json\/wp\/v2\/types\/product"}],"replies":[{"embeddable":true,"href":"https:\/\/turkmenexporter.com\/de\/wp-json\/wp\/v2\/comments?post=18613"}],"version-history":[{"count":0,"href":"https:\/\/turkmenexporter.com\/de\/wp-json\/wp\/v2\/product\/18613\/revisions"}],"wp:featuredmedia":[{"embeddable":true,"href":"https:\/\/turkmenexporter.com\/de\/wp-json\/wp\/v2\/media\/18289"}],"wp:attachment":[{"href":"https:\/\/turkmenexporter.com\/de\/wp-json\/wp\/v2\/media?parent=18613"}],"wp:term":[{"taxonomy":"brand","embeddable":true,"href":"https:\/\/turkmenexporter.com\/de\/wp-json\/wp\/v2\/brand?post=18613"},{"taxonomy":"product_cat","embeddable":true,"href":"https:\/\/turkmenexporter.com\/de\/wp-json\/wp\/v2\/product_cat?post=18613"},{"taxonomy":"product_tag","embeddable":true,"href":"https:\/\/turkmenexporter.com\/de\/wp-json\/wp\/v2\/product_tag?post=18613"}],"curies":[{"name":"wp","href":"https:\/\/api.w.org\/{rel}","templated":true}]}}