{"id":18614,"date":"2025-07-18T16:43:11","date_gmt":"2025-07-18T11:43:11","guid":{"rendered":"https:\/\/turkmenexporter.com\/product\/schutzanzug-fuer-chefkoch\/"},"modified":"2025-07-18T16:43:11","modified_gmt":"2025-07-18T11:43:11","slug":"schutzanzug-fuer-chefkoch","status":"publish","type":"product","link":"https:\/\/turkmenexporter.com\/de\/produkt\/schutzanzug-fuer-chefkoch\/","title":{"rendered":"Schutzanzug f\u00fcr Chefkoch"},"content":{"rendered":"<p>Kochbekleidung aus Terricotton vereint Strapazierf\u00e4higkeit, Atmungsaktivit\u00e4t und Schmutzresistenz und bietet Komfort in einer hei\u00dfen K\u00fcche.<\/p>\n<p>Versteckte Kn\u00f6pfe verhindern, dass sie versehentlich in die Lebensmittel gelangen, was die Hygiene und Sicherheit erh\u00f6ht.<\/p>\n<p>Hosentaschen und dicke B\u00fcndchen machen die Kleidung bequemer und funktioneller. In den Taschen k\u00f6nnen Sie wichtige Kleinigkeiten aufbewahren, und die B\u00fcndchen sch\u00fctzen vor Schmutz, Fl\u00fcssigkeit und hei\u00dfem Dampf. <\/p>\n<p>Ein Stehkragen sch\u00fctzt den Hals vor hei\u00dfem Dampf, \u00d6lspritzern und Schmutz, sorgt f\u00fcr ein gepflegtes \u00c4u\u00dferes und erh\u00f6ht den Komfort bei langer Arbeit.<\/p>\n","protected":false},"excerpt":{"rendered":"<p>Workwear for a cook and kitchen worker (trousers, tunic, apron and cap).<\/p>\n<p>Made from terricotton fabric, which contains 96% cotton and 4% elastane.<\/p>\n<p>Any adjusments in design and size and can be negotiated.<\/p>\n<p>Mindestbestellmenge 10 ct.<\/p>\n","protected":false},"featured_media":18307,"comment_status":"open","ping_status":"closed","template":"","meta":{"_acf_changed":false},"brand":[1337],"product_cat":[1339],"product_tag":[849],"class_list":{"0":"post-18614","1":"product","2":"type-product","3":"status-publish","4":"has-post-thumbnail","6":"brand-sarayan-de","7":"product_cat-kleidung","8":"product_tag-front-product-de","10":"first","11":"instock","12":"shipping-taxable","13":"purchasable","14":"product-type-simple"},"acf":[],"_links":{"self":[{"href":"https:\/\/turkmenexporter.com\/de\/wp-json\/wp\/v2\/product\/18614","targetHints":{"allow":["GET"]}}],"collection":[{"href":"https:\/\/turkmenexporter.com\/de\/wp-json\/wp\/v2\/product"}],"about":[{"href":"https:\/\/turkmenexporter.com\/de\/wp-json\/wp\/v2\/types\/product"}],"replies":[{"embeddable":true,"href":"https:\/\/turkmenexporter.com\/de\/wp-json\/wp\/v2\/comments?post=18614"}],"version-history":[{"count":0,"href":"https:\/\/turkmenexporter.com\/de\/wp-json\/wp\/v2\/product\/18614\/revisions"}],"wp:featuredmedia":[{"embeddable":true,"href":"https:\/\/turkmenexporter.com\/de\/wp-json\/wp\/v2\/media\/18307"}],"wp:attachment":[{"href":"https:\/\/turkmenexporter.com\/de\/wp-json\/wp\/v2\/media?parent=18614"}],"wp:term":[{"taxonomy":"brand","embeddable":true,"href":"https:\/\/turkmenexporter.com\/de\/wp-json\/wp\/v2\/brand?post=18614"},{"taxonomy":"product_cat","embeddable":true,"href":"https:\/\/turkmenexporter.com\/de\/wp-json\/wp\/v2\/product_cat?post=18614"},{"taxonomy":"product_tag","embeddable":true,"href":"https:\/\/turkmenexporter.com\/de\/wp-json\/wp\/v2\/product_tag?post=18614"}],"curies":[{"name":"wp","href":"https:\/\/api.w.org\/{rel}","templated":true}]}}