{"id":18615,"date":"2025-07-18T16:43:11","date_gmt":"2025-07-18T11:43:11","guid":{"rendered":"https:\/\/turkmenexporter.com\/product\/schutzanzug-fuer-sicherheit-sarayan\/"},"modified":"2025-07-18T16:43:11","modified_gmt":"2025-07-18T11:43:11","slug":"schutzanzug-fuer-sicherheit-sarayan","status":"publish","type":"product","link":"https:\/\/turkmenexporter.com\/de\/produkt\/schutzanzug-fuer-sicherheit-sarayan\/","title":{"rendered":"Schutzanzug f\u00fcr Sicherheit Sarayan"},"content":{"rendered":"<p>Die Uniform f\u00fcr Sicherheitskr\u00e4fte vereint Komfort, Zweckm\u00e4\u00dfigkeit und Sicherheit.<\/p>\n<p>Das Baumwollhemd sorgt f\u00fcr Atmungsaktivit\u00e4t und Komfort bei langem Tragen, die Gabardine-Hose ist verschlei\u00dffest und sorgt f\u00fcr ein gepflegtes Erscheinungsbild.<\/p>\n<p>Reflektierende Elemente erh\u00f6hen die Sichtbarkeit in der Dunkelheit und bieten zus\u00e4tzliche Sicherheit bei Arbeiten unter schlechten Lichtverh\u00e4ltnissen.<\/p>\n","protected":false},"excerpt":{"rendered":"<p>Einteiliger Overall f\u00fcr Wachpersonal.<\/p>\n<p>Das Hemd ist aus Popeline, die 100% Baumwolle enth\u00e4lt, und die Hose ist aus Gabardine, die ebenfalls 100% Baumwolle enth\u00e4lt.<\/p>\n<p>Alle Anpassungen in Design und Gr\u00f6\u00dfe und k\u00f6nnen verhandelt werden.<\/p>\n<p>Mindestbestellmenge 10 ct.<\/p>\n","protected":false},"featured_media":18325,"comment_status":"open","ping_status":"closed","template":"","meta":{"_acf_changed":false},"brand":[1337],"product_cat":[1339],"product_tag":[],"class_list":{"0":"post-18615","1":"product","2":"type-product","3":"status-publish","4":"has-post-thumbnail","6":"brand-sarayan-de","7":"product_cat-kleidung","9":"first","10":"instock","11":"shipping-taxable","12":"purchasable","13":"product-type-simple"},"acf":[],"_links":{"self":[{"href":"https:\/\/turkmenexporter.com\/de\/wp-json\/wp\/v2\/product\/18615","targetHints":{"allow":["GET"]}}],"collection":[{"href":"https:\/\/turkmenexporter.com\/de\/wp-json\/wp\/v2\/product"}],"about":[{"href":"https:\/\/turkmenexporter.com\/de\/wp-json\/wp\/v2\/types\/product"}],"replies":[{"embeddable":true,"href":"https:\/\/turkmenexporter.com\/de\/wp-json\/wp\/v2\/comments?post=18615"}],"version-history":[{"count":0,"href":"https:\/\/turkmenexporter.com\/de\/wp-json\/wp\/v2\/product\/18615\/revisions"}],"wp:featuredmedia":[{"embeddable":true,"href":"https:\/\/turkmenexporter.com\/de\/wp-json\/wp\/v2\/media\/18325"}],"wp:attachment":[{"href":"https:\/\/turkmenexporter.com\/de\/wp-json\/wp\/v2\/media?parent=18615"}],"wp:term":[{"taxonomy":"brand","embeddable":true,"href":"https:\/\/turkmenexporter.com\/de\/wp-json\/wp\/v2\/brand?post=18615"},{"taxonomy":"product_cat","embeddable":true,"href":"https:\/\/turkmenexporter.com\/de\/wp-json\/wp\/v2\/product_cat?post=18615"},{"taxonomy":"product_tag","embeddable":true,"href":"https:\/\/turkmenexporter.com\/de\/wp-json\/wp\/v2\/product_tag?post=18615"}],"curies":[{"name":"wp","href":"https:\/\/api.w.org\/{rel}","templated":true}]}}