{"id":18616,"date":"2025-07-18T16:43:10","date_gmt":"2025-07-18T11:43:10","guid":{"rendered":"https:\/\/turkmenexporter.com\/product\/schutzanzug-aus-stretch-stoff-fuer-krankenschwestern\/"},"modified":"2025-07-18T16:43:10","modified_gmt":"2025-07-18T11:43:10","slug":"schutzanzug-aus-stretch-stoff-fuer-krankenschwestern","status":"publish","type":"product","link":"https:\/\/turkmenexporter.com\/de\/produkt\/schutzanzug-aus-stretch-stoff-fuer-krankenschwestern\/","title":{"rendered":"Schutzanzug aus Stretchgewebe f\u00fcr Krankenschwestern"},"content":{"rendered":"<p>Dieser Stoff \u00e4hnelt Satori in Aussehen und Haptik, aber dank des Elastans in seiner Zusammensetzung \u00e4ndern sich seine Eigenschaften.<\/p>\n<p>Sterilisations- und Behandlungsbest\u00e4ndigkeit &#8211; die Kleidung h\u00e4lt h\u00e4ufigem Waschen bei hohen Temperaturen, Desinfektion und Autoklavieren stand, was f\u00fcr die Aufrechterhaltung der Hygienestandards im Gesundheitswesen wichtig ist.<\/p>\n<p>Hypoallergen und sicher &#8211; verursacht keine Hautreizungen oder allergischen Reaktionen, was besonders f\u00fcr medizinisches Personal und Patienten mit empfindlicher Haut wichtig ist.<\/p>\n","protected":false},"excerpt":{"rendered":"<p>Spezialkleidung f\u00fcr medizinisches Personal (Kittel, Hose, M\u00fctze und Jacke).<\/p>\n<p>Classic stretch, 59% Baumwolle \/ 39% Polyester \/ 2% Elastan.<\/p>\n<p>Alle Anpassungen in Design und Gr\u00f6\u00dfe k\u00f6nnen verhandelt werden.<\/p>\n<p>Mindestbestellmenge 10 ct.<\/p>\n","protected":false},"featured_media":18253,"comment_status":"open","ping_status":"closed","template":"","meta":{"_acf_changed":false},"brand":[1337],"product_cat":[1339],"product_tag":[],"class_list":{"0":"post-18616","1":"product","2":"type-product","3":"status-publish","4":"has-post-thumbnail","6":"brand-sarayan-de","7":"product_cat-kleidung","9":"first","10":"instock","11":"shipping-taxable","12":"purchasable","13":"product-type-simple"},"acf":[],"_links":{"self":[{"href":"https:\/\/turkmenexporter.com\/de\/wp-json\/wp\/v2\/product\/18616","targetHints":{"allow":["GET"]}}],"collection":[{"href":"https:\/\/turkmenexporter.com\/de\/wp-json\/wp\/v2\/product"}],"about":[{"href":"https:\/\/turkmenexporter.com\/de\/wp-json\/wp\/v2\/types\/product"}],"replies":[{"embeddable":true,"href":"https:\/\/turkmenexporter.com\/de\/wp-json\/wp\/v2\/comments?post=18616"}],"version-history":[{"count":0,"href":"https:\/\/turkmenexporter.com\/de\/wp-json\/wp\/v2\/product\/18616\/revisions"}],"wp:featuredmedia":[{"embeddable":true,"href":"https:\/\/turkmenexporter.com\/de\/wp-json\/wp\/v2\/media\/18253"}],"wp:attachment":[{"href":"https:\/\/turkmenexporter.com\/de\/wp-json\/wp\/v2\/media?parent=18616"}],"wp:term":[{"taxonomy":"brand","embeddable":true,"href":"https:\/\/turkmenexporter.com\/de\/wp-json\/wp\/v2\/brand?post=18616"},{"taxonomy":"product_cat","embeddable":true,"href":"https:\/\/turkmenexporter.com\/de\/wp-json\/wp\/v2\/product_cat?post=18616"},{"taxonomy":"product_tag","embeddable":true,"href":"https:\/\/turkmenexporter.com\/de\/wp-json\/wp\/v2\/product_tag?post=18616"}],"curies":[{"name":"wp","href":"https:\/\/api.w.org\/{rel}","templated":true}]}}