{"id":18617,"date":"2025-07-18T16:43:10","date_gmt":"2025-07-18T11:43:10","guid":{"rendered":"https:\/\/turkmenexporter.com\/product\/schutzanzug-fuer-koch-fuer-maenner\/"},"modified":"2025-07-23T16:42:24","modified_gmt":"2025-07-23T11:42:24","slug":"schutzanzug-fuer-koch-fuer-maenner","status":"publish","type":"product","link":"https:\/\/turkmenexporter.com\/de\/produkt\/schutzanzug-fuer-koch-fuer-maenner\/","title":{"rendered":"Schutzanzug f\u00fcr Chefkoch f\u00fcr M\u00e4nner"},"content":{"rendered":"<p>Kochbekleidung aus Terricotton vereint Strapazierf\u00e4higkeit, Atmungsaktivit\u00e4t und Schmutzresistenz und sorgt f\u00fcr Komfort in der hei\u00dfen K\u00fcche.<\/p>\n<p>Versteckte Kn\u00f6pfe verhindern , dass sie versehentlich in die Lebensmittel gelangen, was die Hygiene und Sicherheit erh\u00f6ht.<\/p>\n<p>Funktionelle Taschen erm\u00f6glichen es Ihnen , kleine K\u00fcchenutensilien griffbereit aufzubewahren, und ein lockerer Schnitt sorgt f\u00fcr Bewegungsfreiheit, ohne die Arbeit auch bei hoher Aktivit\u00e4t einzuschr\u00e4nken.<\/p>\n<p>Die Einzigartigkeit der Kleidung liegt in den versteckten Kn\u00f6pfen, die dem Produkt Sch\u00f6nheit und Ungew\u00f6hnlichkeit verleihen.<\/p>\n","protected":false},"excerpt":{"rendered":"<p>Arbeitskleidung f\u00fcr einen Koch und K\u00fcchenarbeiter (Hose, Tunika, Sch\u00fcrze und M\u00fctze).<\/p>\n<p>Hergestellt aus Terricotton-Gewebe, die 96% Baumwolle und 4% Elastan enth\u00e4lt.<\/p>\n<p>Alle Anpassungen in Design und Gr\u00f6\u00dfe und kann verhandelt werden.<\/p>\n<p>Mindestbestellmenge 10 ct.<\/p>\n","protected":false},"featured_media":18267,"comment_status":"open","ping_status":"closed","template":"","meta":{"_acf_changed":false},"brand":[1337],"product_cat":[1339],"product_tag":[],"class_list":{"0":"post-18617","1":"product","2":"type-product","3":"status-publish","4":"has-post-thumbnail","6":"brand-sarayan-de","7":"product_cat-kleidung","9":"first","10":"instock","11":"shipping-taxable","12":"purchasable","13":"product-type-simple"},"acf":[],"_links":{"self":[{"href":"https:\/\/turkmenexporter.com\/de\/wp-json\/wp\/v2\/product\/18617","targetHints":{"allow":["GET"]}}],"collection":[{"href":"https:\/\/turkmenexporter.com\/de\/wp-json\/wp\/v2\/product"}],"about":[{"href":"https:\/\/turkmenexporter.com\/de\/wp-json\/wp\/v2\/types\/product"}],"replies":[{"embeddable":true,"href":"https:\/\/turkmenexporter.com\/de\/wp-json\/wp\/v2\/comments?post=18617"}],"version-history":[{"count":1,"href":"https:\/\/turkmenexporter.com\/de\/wp-json\/wp\/v2\/product\/18617\/revisions"}],"predecessor-version":[{"id":18680,"href":"https:\/\/turkmenexporter.com\/de\/wp-json\/wp\/v2\/product\/18617\/revisions\/18680"}],"wp:featuredmedia":[{"embeddable":true,"href":"https:\/\/turkmenexporter.com\/de\/wp-json\/wp\/v2\/media\/18267"}],"wp:attachment":[{"href":"https:\/\/turkmenexporter.com\/de\/wp-json\/wp\/v2\/media?parent=18617"}],"wp:term":[{"taxonomy":"brand","embeddable":true,"href":"https:\/\/turkmenexporter.com\/de\/wp-json\/wp\/v2\/brand?post=18617"},{"taxonomy":"product_cat","embeddable":true,"href":"https:\/\/turkmenexporter.com\/de\/wp-json\/wp\/v2\/product_cat?post=18617"},{"taxonomy":"product_tag","embeddable":true,"href":"https:\/\/turkmenexporter.com\/de\/wp-json\/wp\/v2\/product_tag?post=18617"}],"curies":[{"name":"wp","href":"https:\/\/api.w.org\/{rel}","templated":true}]}}