{"id":18618,"date":"2025-07-18T16:43:09","date_gmt":"2025-07-18T11:43:09","guid":{"rendered":"https:\/\/turkmenexporter.com\/product\/schutzanzug-fuer-krankenschwester-sarayan\/"},"modified":"2025-07-18T16:43:09","modified_gmt":"2025-07-18T11:43:09","slug":"schutzanzug-fuer-krankenschwester-sarayan","status":"publish","type":"product","link":"https:\/\/turkmenexporter.com\/de\/produkt\/schutzanzug-fuer-krankenschwester-sarayan\/","title":{"rendered":"Schutzanzug f\u00fcr Krankenschwester Sarayan"},"content":{"rendered":"<p>Arbeitskleidung aus Baumwolle wird h\u00e4ufig in Umgebungen verwendet, in denen eine gute Atmungsaktivit\u00e4t wichtig ist, wie z. B. im Gesundheitswesen. Sie kann jedoch weniger haltbar sein als synthetische Materialien, und aufgrund ihrer feuchtigkeitsabsorbierenden Eigenschaften ist sie f\u00fcr Umgebungen mit hoher Luftfeuchtigkeit weniger geeignet. <\/p>\n<p>Sterilisations- und Behandlungsbest\u00e4ndigkeit &#8211; Baumwollkleidung vertr\u00e4gt h\u00e4ufiges Waschen bei hohen Temperaturen, Desinfektion und Autoklavieren, was f\u00fcr die Aufrechterhaltung der Hygienestandards in Gesundheitseinrichtungen wichtig ist.<\/p>\n<p>Hypoallergen und sicher &#8211; 100% Baumwolle verursacht keine Hautreizungen oder allergischen Reaktionen, was besonders f\u00fcr medizinisches Personal und Patienten mit empfindlicher Haut wichtig ist.<\/p>\n","protected":false},"excerpt":{"rendered":"<p>Spezialkleidung f\u00fcr medizinisches Personal (Kittel, Hose, M\u00fctze und Jacke).<\/p>\n<p>Hergestellt aus 100% Baumwolle.<\/p>\n<p>Alle Anpassungen in Design und Gr\u00f6\u00dfe und k\u00f6nnen verhandelt werden.<\/p>\n<p>Mindestbestellmenge 10 ct.<\/p>\n","protected":false},"featured_media":18217,"comment_status":"open","ping_status":"closed","template":"","meta":{"_acf_changed":false},"brand":[1337],"product_cat":[1339],"product_tag":[],"class_list":{"0":"post-18618","1":"product","2":"type-product","3":"status-publish","4":"has-post-thumbnail","6":"brand-sarayan-de","7":"product_cat-kleidung","9":"first","10":"instock","11":"shipping-taxable","12":"purchasable","13":"product-type-simple"},"acf":[],"_links":{"self":[{"href":"https:\/\/turkmenexporter.com\/de\/wp-json\/wp\/v2\/product\/18618","targetHints":{"allow":["GET"]}}],"collection":[{"href":"https:\/\/turkmenexporter.com\/de\/wp-json\/wp\/v2\/product"}],"about":[{"href":"https:\/\/turkmenexporter.com\/de\/wp-json\/wp\/v2\/types\/product"}],"replies":[{"embeddable":true,"href":"https:\/\/turkmenexporter.com\/de\/wp-json\/wp\/v2\/comments?post=18618"}],"version-history":[{"count":0,"href":"https:\/\/turkmenexporter.com\/de\/wp-json\/wp\/v2\/product\/18618\/revisions"}],"wp:featuredmedia":[{"embeddable":true,"href":"https:\/\/turkmenexporter.com\/de\/wp-json\/wp\/v2\/media\/18217"}],"wp:attachment":[{"href":"https:\/\/turkmenexporter.com\/de\/wp-json\/wp\/v2\/media?parent=18618"}],"wp:term":[{"taxonomy":"brand","embeddable":true,"href":"https:\/\/turkmenexporter.com\/de\/wp-json\/wp\/v2\/brand?post=18618"},{"taxonomy":"product_cat","embeddable":true,"href":"https:\/\/turkmenexporter.com\/de\/wp-json\/wp\/v2\/product_cat?post=18618"},{"taxonomy":"product_tag","embeddable":true,"href":"https:\/\/turkmenexporter.com\/de\/wp-json\/wp\/v2\/product_tag?post=18618"}],"curies":[{"name":"wp","href":"https:\/\/api.w.org\/{rel}","templated":true}]}}