{"id":18619,"date":"2025-07-18T16:43:09","date_gmt":"2025-07-18T11:43:09","guid":{"rendered":"https:\/\/turkmenexporter.com\/product\/schutzanzug-fuer-krankenschwester-sarayan-fuer-maenner\/"},"modified":"2025-07-18T16:43:09","modified_gmt":"2025-07-18T11:43:09","slug":"schutzanzug-fuer-krankenschwester-sarayan-fuer-maenner","status":"publish","type":"product","link":"https:\/\/turkmenexporter.com\/de\/produkt\/schutzanzug-fuer-krankenschwester-sarayan-fuer-maenner\/","title":{"rendered":"Schutzanzug f\u00fcr Krankenschwestern Sarayan f\u00fcr M\u00e4nner"},"content":{"rendered":"<p>Bietet einen hervorragenden Schutz gegen Schmutz, ist leicht zu waschen, ohne seine Qualit\u00e4ten zu verlieren: die Helligkeit der Farbe, St\u00e4rke, Form bleiben erhalten.<\/p>\n<p>Hypoallergen und sicher &#8211; verursacht keine Hautreizungen oder allergische Reaktionen, was besonders wichtig f\u00fcr medizinisches Personal und Patienten mit empfindlicher Haut ist.<\/p>\n","protected":false},"excerpt":{"rendered":"<p>Spezialkleidung f\u00fcr medizinisches Personal (Kittel, Hose, M\u00fctze und Jacke).<\/p>\n<p>Hergestellt von TC &#8211; 65% Tetron und die restlichen 35% ist Baumwolle. <\/p>\n<p>Alle Anpassungen in Design und Gr\u00f6\u00dfe und k\u00f6nnen verhandelt werden.<\/p>\n<p>Mindestbestellmenge 10 ct.<\/p>\n","protected":false},"featured_media":18235,"comment_status":"open","ping_status":"closed","template":"","meta":{"_acf_changed":false},"brand":[1337],"product_cat":[1339],"product_tag":[],"class_list":{"0":"post-18619","1":"product","2":"type-product","3":"status-publish","4":"has-post-thumbnail","6":"brand-sarayan-de","7":"product_cat-kleidung","9":"first","10":"instock","11":"shipping-taxable","12":"purchasable","13":"product-type-simple"},"acf":[],"_links":{"self":[{"href":"https:\/\/turkmenexporter.com\/de\/wp-json\/wp\/v2\/product\/18619","targetHints":{"allow":["GET"]}}],"collection":[{"href":"https:\/\/turkmenexporter.com\/de\/wp-json\/wp\/v2\/product"}],"about":[{"href":"https:\/\/turkmenexporter.com\/de\/wp-json\/wp\/v2\/types\/product"}],"replies":[{"embeddable":true,"href":"https:\/\/turkmenexporter.com\/de\/wp-json\/wp\/v2\/comments?post=18619"}],"version-history":[{"count":0,"href":"https:\/\/turkmenexporter.com\/de\/wp-json\/wp\/v2\/product\/18619\/revisions"}],"wp:featuredmedia":[{"embeddable":true,"href":"https:\/\/turkmenexporter.com\/de\/wp-json\/wp\/v2\/media\/18235"}],"wp:attachment":[{"href":"https:\/\/turkmenexporter.com\/de\/wp-json\/wp\/v2\/media?parent=18619"}],"wp:term":[{"taxonomy":"brand","embeddable":true,"href":"https:\/\/turkmenexporter.com\/de\/wp-json\/wp\/v2\/brand?post=18619"},{"taxonomy":"product_cat","embeddable":true,"href":"https:\/\/turkmenexporter.com\/de\/wp-json\/wp\/v2\/product_cat?post=18619"},{"taxonomy":"product_tag","embeddable":true,"href":"https:\/\/turkmenexporter.com\/de\/wp-json\/wp\/v2\/product_tag?post=18619"}],"curies":[{"name":"wp","href":"https:\/\/api.w.org\/{rel}","templated":true}]}}