{"id":18882,"date":"2025-07-30T12:32:00","date_gmt":"2025-07-30T07:32:00","guid":{"rendered":"https:\/\/turkmenexporter.com\/product\/kakipflaume-rojo-brilliante\/"},"modified":"2025-07-30T17:09:41","modified_gmt":"2025-07-30T12:09:41","slug":"kakipflaume-rojo-brilliante","status":"publish","type":"product","link":"https:\/\/turkmenexporter.com\/de\/produkt\/kakipflaume-rojo-brilliante\/","title":{"rendered":"Kakipflaume &#8222;Rojo Brilliante&#8220;"},"content":{"rendered":"<p><strong>Herkunft: <\/strong>Kaka etrap, Ahal velayat, Turkmenistan. 50 Hektar sonnenverw\u00f6hnte Obstg\u00e4rten auf gut durchl\u00e4ssigem Lehmboden mit Pr\u00e4zisionsbew\u00e4sserung<\/p>\n<p><strong>Fruchtfleisch: <\/strong>Fest, leuchtend orange, kernlos, bei Vollreife geleeartig<\/p>\n<p><strong>Geschmacksprofil: <\/strong>S\u00fc\u00df und delikat mit Noten von Honig und Aprikose; geringer S\u00e4uregehalt; ausgezeichnete Dessertfrucht<\/p>\n<p><strong>Erntezeit: <\/strong>Mitte Oktober bis Anfang November. Verf\u00fcgbar bis M\u00e4rz mit Lagerung<\/p>\n<p><span class=\"fadeinm1hgl8\"><b><span lang=\"EN-US\">Lieferbedingungen:<\/span><\/b><\/span><span lang=\"EN-US\"> <span class=\"fadeinm1hgl8\">EXW (Ashgabat), FOB (Hafen Turkmenbashi), CIF, DDP (f\u00fcr ausgew\u00e4hlte Importeure).<\/span><\/span><\/p>\n","protected":false},"excerpt":{"rendered":"<p>Hochwertige frische Kakis<\/p>\n<p>BRIX Level: 15 Bx<\/p>\n<p>Verpackung: Standard 4 kg Kisten<\/p>\n","protected":false},"featured_media":18861,"comment_status":"open","ping_status":"closed","template":"","meta":{"_acf_changed":false},"brand":[1381],"product_cat":[1383],"product_tag":[],"class_list":{"0":"post-18882","1":"product","2":"type-product","3":"status-publish","4":"has-post-thumbnail","6":"brand-miwe-de","7":"product_cat-fruchte","9":"first","10":"instock","11":"shipping-taxable","12":"purchasable","13":"product-type-simple"},"acf":[],"_links":{"self":[{"href":"https:\/\/turkmenexporter.com\/de\/wp-json\/wp\/v2\/product\/18882","targetHints":{"allow":["GET"]}}],"collection":[{"href":"https:\/\/turkmenexporter.com\/de\/wp-json\/wp\/v2\/product"}],"about":[{"href":"https:\/\/turkmenexporter.com\/de\/wp-json\/wp\/v2\/types\/product"}],"replies":[{"embeddable":true,"href":"https:\/\/turkmenexporter.com\/de\/wp-json\/wp\/v2\/comments?post=18882"}],"version-history":[{"count":1,"href":"https:\/\/turkmenexporter.com\/de\/wp-json\/wp\/v2\/product\/18882\/revisions"}],"predecessor-version":[{"id":18894,"href":"https:\/\/turkmenexporter.com\/de\/wp-json\/wp\/v2\/product\/18882\/revisions\/18894"}],"wp:featuredmedia":[{"embeddable":true,"href":"https:\/\/turkmenexporter.com\/de\/wp-json\/wp\/v2\/media\/18861"}],"wp:attachment":[{"href":"https:\/\/turkmenexporter.com\/de\/wp-json\/wp\/v2\/media?parent=18882"}],"wp:term":[{"taxonomy":"brand","embeddable":true,"href":"https:\/\/turkmenexporter.com\/de\/wp-json\/wp\/v2\/brand?post=18882"},{"taxonomy":"product_cat","embeddable":true,"href":"https:\/\/turkmenexporter.com\/de\/wp-json\/wp\/v2\/product_cat?post=18882"},{"taxonomy":"product_tag","embeddable":true,"href":"https:\/\/turkmenexporter.com\/de\/wp-json\/wp\/v2\/product_tag?post=18882"}],"curies":[{"name":"wp","href":"https:\/\/api.w.org\/{rel}","templated":true}]}}