{"id":18883,"date":"2025-07-30T12:26:52","date_gmt":"2025-07-30T07:26:52","guid":{"rendered":"https:\/\/turkmenexporter.com\/product\/suesskirschen-lapins\/"},"modified":"2025-07-30T17:09:42","modified_gmt":"2025-07-30T12:09:42","slug":"suesskirschen-lapins","status":"publish","type":"product","link":"https:\/\/turkmenexporter.com\/de\/produkt\/suesskirschen-lapins\/","title":{"rendered":"S\u00fc\u00dfkirsche &#8222;Lapins&#8220;"},"content":{"rendered":"<p><strong>Herkunft: <\/strong>Kaka etrap, Ahal velayat, Turkmenistan 165 Hektar Obstplantagen am Fu\u00dfe der Berge mit langer Sonneneinstrahlung und Tr\u00f6pfchenbew\u00e4sserung<\/p>\n<p><strong>Fruchtfleisch: <\/strong>Festes, knackiges, dunkelrotes Fruchtfleisch mit geringem Fasergehalt<\/p>\n<p><strong>Geschmacksprofil: <\/strong>S\u00fc\u00dfer, reichhaltiger Kirschgeschmack mit geringem S\u00e4uregehalt; hoher Zuckergehalt und ausgezeichnete Essqualit\u00e4t<\/p>\n<p><strong>Erntezeit: <\/strong>Mitte bis Ende Juni. Verf\u00fcgbar bis Anfang Juli mit K\u00fchllagerung <\/p>\n","protected":false},"excerpt":{"rendered":"<p>Hochwertige S\u00fc\u00dfkirsche<\/p>\n<p>BRIX Level: 16-20 Bx<\/p>\n<p>Verpackung: Standard 4 kg Kisten<\/p>\n","protected":false},"featured_media":18852,"comment_status":"open","ping_status":"closed","template":"","meta":{"_acf_changed":false},"brand":[1381],"product_cat":[1383],"product_tag":[],"class_list":{"0":"post-18883","1":"product","2":"type-product","3":"status-publish","4":"has-post-thumbnail","6":"brand-miwe-de","7":"product_cat-fruchte","9":"first","10":"instock","11":"shipping-taxable","12":"purchasable","13":"product-type-simple"},"acf":[],"_links":{"self":[{"href":"https:\/\/turkmenexporter.com\/de\/wp-json\/wp\/v2\/product\/18883","targetHints":{"allow":["GET"]}}],"collection":[{"href":"https:\/\/turkmenexporter.com\/de\/wp-json\/wp\/v2\/product"}],"about":[{"href":"https:\/\/turkmenexporter.com\/de\/wp-json\/wp\/v2\/types\/product"}],"replies":[{"embeddable":true,"href":"https:\/\/turkmenexporter.com\/de\/wp-json\/wp\/v2\/comments?post=18883"}],"version-history":[{"count":1,"href":"https:\/\/turkmenexporter.com\/de\/wp-json\/wp\/v2\/product\/18883\/revisions"}],"predecessor-version":[{"id":18952,"href":"https:\/\/turkmenexporter.com\/de\/wp-json\/wp\/v2\/product\/18883\/revisions\/18952"}],"wp:featuredmedia":[{"embeddable":true,"href":"https:\/\/turkmenexporter.com\/de\/wp-json\/wp\/v2\/media\/18852"}],"wp:attachment":[{"href":"https:\/\/turkmenexporter.com\/de\/wp-json\/wp\/v2\/media?parent=18883"}],"wp:term":[{"taxonomy":"brand","embeddable":true,"href":"https:\/\/turkmenexporter.com\/de\/wp-json\/wp\/v2\/brand?post=18883"},{"taxonomy":"product_cat","embeddable":true,"href":"https:\/\/turkmenexporter.com\/de\/wp-json\/wp\/v2\/product_cat?post=18883"},{"taxonomy":"product_tag","embeddable":true,"href":"https:\/\/turkmenexporter.com\/de\/wp-json\/wp\/v2\/product_tag?post=18883"}],"curies":[{"name":"wp","href":"https:\/\/api.w.org\/{rel}","templated":true}]}}