{"id":18884,"date":"2025-07-30T12:15:57","date_gmt":"2025-07-30T07:15:57","guid":{"rendered":"https:\/\/turkmenexporter.com\/product\/nectarine-gartario\/"},"modified":"2025-07-30T17:09:43","modified_gmt":"2025-07-30T12:09:43","slug":"nectarine-gartario","status":"publish","type":"product","link":"https:\/\/turkmenexporter.com\/de\/produkt\/nectarine-gartario\/","title":{"rendered":"Nektarine &#8222;Gartario&#8220;"},"content":{"rendered":"<p><strong>Herkunft: <\/strong>Kaka etrap, Ahal velayat, Turkmenistan. 205 Hektar sonnenverw\u00f6hnte, hochwertige Obstg\u00e4rten mit Tr\u00f6pfchenbew\u00e4sserung <\/p>\n<p><strong>Fruchtfleisch: <\/strong>Fest, gelb, freistehend, saftig und faserfrei<\/p>\n<p><strong>Geschmacksprofil: <\/strong>S\u00fc\u00df mit dezenter S\u00e4ure, aromatisch, weiche Textur, ausgezeichnet f\u00fcr den Frischverzehr<\/p>\n<p><strong>Erntezeit: <\/strong>Mitte Juli bis Anfang August. Verf\u00fcgbar bis Ende August. <\/p>\n","protected":false},"excerpt":{"rendered":"<p>Frische Nektarinen von hoher Qualit\u00e4t<\/p>\n<p>BRIX Level: 12 Bx<\/p>\n<p>Verpackung: Standard 4 kg Kisten<\/p>\n","protected":false},"featured_media":18837,"comment_status":"open","ping_status":"closed","template":"","meta":{"_acf_changed":false},"brand":[1381],"product_cat":[1383],"product_tag":[],"class_list":{"0":"post-18884","1":"product","2":"type-product","3":"status-publish","4":"has-post-thumbnail","6":"brand-miwe-de","7":"product_cat-fruchte","9":"first","10":"instock","11":"shipping-taxable","12":"purchasable","13":"product-type-simple"},"acf":[],"_links":{"self":[{"href":"https:\/\/turkmenexporter.com\/de\/wp-json\/wp\/v2\/product\/18884","targetHints":{"allow":["GET"]}}],"collection":[{"href":"https:\/\/turkmenexporter.com\/de\/wp-json\/wp\/v2\/product"}],"about":[{"href":"https:\/\/turkmenexporter.com\/de\/wp-json\/wp\/v2\/types\/product"}],"replies":[{"embeddable":true,"href":"https:\/\/turkmenexporter.com\/de\/wp-json\/wp\/v2\/comments?post=18884"}],"version-history":[{"count":1,"href":"https:\/\/turkmenexporter.com\/de\/wp-json\/wp\/v2\/product\/18884\/revisions"}],"predecessor-version":[{"id":18957,"href":"https:\/\/turkmenexporter.com\/de\/wp-json\/wp\/v2\/product\/18884\/revisions\/18957"}],"wp:featuredmedia":[{"embeddable":true,"href":"https:\/\/turkmenexporter.com\/de\/wp-json\/wp\/v2\/media\/18837"}],"wp:attachment":[{"href":"https:\/\/turkmenexporter.com\/de\/wp-json\/wp\/v2\/media?parent=18884"}],"wp:term":[{"taxonomy":"brand","embeddable":true,"href":"https:\/\/turkmenexporter.com\/de\/wp-json\/wp\/v2\/brand?post=18884"},{"taxonomy":"product_cat","embeddable":true,"href":"https:\/\/turkmenexporter.com\/de\/wp-json\/wp\/v2\/product_cat?post=18884"},{"taxonomy":"product_tag","embeddable":true,"href":"https:\/\/turkmenexporter.com\/de\/wp-json\/wp\/v2\/product_tag?post=18884"}],"curies":[{"name":"wp","href":"https:\/\/api.w.org\/{rel}","templated":true}]}}