{"id":18885,"date":"2025-07-30T12:08:36","date_gmt":"2025-07-30T07:08:36","guid":{"rendered":"https:\/\/turkmenexporter.com\/product\/pfirsich-gluehwein\/"},"modified":"2025-07-30T17:09:43","modified_gmt":"2025-07-30T12:09:43","slug":"pfirsich-gluehwein","status":"publish","type":"product","link":"https:\/\/turkmenexporter.com\/de\/produkt\/pfirsich-gluehwein\/","title":{"rendered":"Pfirsich &#8222;Glohaven&#8220;"},"content":{"rendered":"<p style=\"margin: 0cm\"><span class=\"fadeinm1hgl8\"><b><span lang=\"EN-US\">Herkunft: <\/span><\/b><span lang=\"EN-US\">Kaka etrap, Ahal velayat, Turkmenistan. 205 Hektar bew\u00e4sserte Obstg\u00e4rten in warmem Kontinentalklima mit hervorragender Sonneneinstrahlung  <\/span><\/span><\/p>\n<p style=\"margin: 0cm\"><span class=\"fadeinm1hgl8\"><b><span lang=\"EN-US\">Fruchtfleisch: <\/span><\/b><span lang=\"EN-US\">Fest, gelb, freistehend (der Kern l\u00e4sst sich leicht l\u00f6sen), saftig und faserarm<\/span><\/span><\/p>\n<p style=\"margin: 0cm\"><span class=\"fadeinm1hgl8\"><span lang=\"EN-US\"><b>Geschmacksprofil: <\/b>Reichhaltig, s\u00fc\u00df mit milder S\u00e4ure, aromatisch &#8211; ideal f\u00fcr Frischmarkt und Verarbeitung<\/span><\/span><\/p>\n<p style=\"margin: 0cm\"><strong>Erntezeit: <\/strong>Mitte Juli bis Anfang August. Verf\u00fcgbar bis September. <\/p>\n<p style=\"margin: 0cm\"><strong>Lieferbedingungen <\/strong>: EXW (Ashgabat), FOB (Hafen Turkmenbashi), CIF, DDP (ausgew\u00e4hlte M\u00e4rkte)<\/p>\n","protected":false},"excerpt":{"rendered":"<p>Hochwertige frische Pfirsiche<\/p>\n<p>BRIX Level: 17 Bx<\/p>\n<p>Verpackung: Standard 4 kg Kisten<\/p>\n","protected":false},"featured_media":18828,"comment_status":"open","ping_status":"closed","template":"","meta":{"_acf_changed":false},"brand":[1381],"product_cat":[1383],"product_tag":[],"class_list":{"0":"post-18885","1":"product","2":"type-product","3":"status-publish","4":"has-post-thumbnail","6":"brand-miwe-de","7":"product_cat-fruchte","9":"first","10":"instock","11":"shipping-taxable","12":"purchasable","13":"product-type-simple"},"acf":[],"_links":{"self":[{"href":"https:\/\/turkmenexporter.com\/de\/wp-json\/wp\/v2\/product\/18885","targetHints":{"allow":["GET"]}}],"collection":[{"href":"https:\/\/turkmenexporter.com\/de\/wp-json\/wp\/v2\/product"}],"about":[{"href":"https:\/\/turkmenexporter.com\/de\/wp-json\/wp\/v2\/types\/product"}],"replies":[{"embeddable":true,"href":"https:\/\/turkmenexporter.com\/de\/wp-json\/wp\/v2\/comments?post=18885"}],"version-history":[{"count":1,"href":"https:\/\/turkmenexporter.com\/de\/wp-json\/wp\/v2\/product\/18885\/revisions"}],"predecessor-version":[{"id":18962,"href":"https:\/\/turkmenexporter.com\/de\/wp-json\/wp\/v2\/product\/18885\/revisions\/18962"}],"wp:featuredmedia":[{"embeddable":true,"href":"https:\/\/turkmenexporter.com\/de\/wp-json\/wp\/v2\/media\/18828"}],"wp:attachment":[{"href":"https:\/\/turkmenexporter.com\/de\/wp-json\/wp\/v2\/media?parent=18885"}],"wp:term":[{"taxonomy":"brand","embeddable":true,"href":"https:\/\/turkmenexporter.com\/de\/wp-json\/wp\/v2\/brand?post=18885"},{"taxonomy":"product_cat","embeddable":true,"href":"https:\/\/turkmenexporter.com\/de\/wp-json\/wp\/v2\/product_cat?post=18885"},{"taxonomy":"product_tag","embeddable":true,"href":"https:\/\/turkmenexporter.com\/de\/wp-json\/wp\/v2\/product_tag?post=18885"}],"curies":[{"name":"wp","href":"https:\/\/api.w.org\/{rel}","templated":true}]}}