{"id":18889,"date":"2025-07-29T15:35:21","date_gmt":"2025-07-29T10:35:21","guid":{"rendered":"https:\/\/turkmenexporter.com\/product\/bananen-grand-nain\/"},"modified":"2025-07-30T17:09:44","modified_gmt":"2025-07-30T12:09:44","slug":"bananen-grand-nain","status":"publish","type":"product","link":"https:\/\/turkmenexporter.com\/de\/produkt\/bananen-grand-nain\/","title":{"rendered":"Banane &#8222;Grand Nain&#8220;"},"content":{"rendered":"<p><strong>Herkunft:<\/strong> Kaka etrap, Ahal velayat, Turkmenistan 110 Hektar technologisch fortschrittliches Gew\u00e4chshaus (kontrolliertes Mikroklima<\/p>\n<p><strong>Sorten:<\/strong> Grand Nain (Musa acuminata, Untergruppe Cavendish) &#8211; gleicher Handelsstandard wie Chiquita<\/p>\n<p><strong>Erntezeit<\/strong>: Ganzj\u00e4hrig (kontinuierlicher Produktionszyklus)<\/p>\n<p><strong>Erwartete Ernte <\/strong>(in Tonnen): 14.500<\/p>\n<p><strong>Lieferbedingungen:<\/strong> EXW (Ashgabat), FOB (Hafen Turkmenbashi), CIF, DDP (verf\u00fcgbar f\u00fcr ausgew\u00e4hlte M\u00e4rkte).<\/p>\n","protected":false},"excerpt":{"rendered":"<p><strong>Hochwertige Bananen<\/strong><\/p>\n<ul>\n<li>L\u00e4nge: 20-23 cm<\/li>\n<li>Gewicht pro Finger: 150-180g<\/li>\n<li>H\u00e4nde pro B\u00fcndel: 6-8<\/li>\n<li>Clusters pro Schachtel: 5-7<\/li>\n<\/ul>\n<p><strong>Fruchtfleisch<\/strong>: Cremig wei\u00df, dicht und fest<\/p>\n<p><strong>Geschmack<\/strong>: Reichhaltig, s\u00fc\u00df, aromatisch mit ausgezeichneter Textur<\/p>\n","protected":false},"featured_media":18798,"comment_status":"open","ping_status":"closed","template":"","meta":{"_acf_changed":false},"brand":[1381],"product_cat":[1383],"product_tag":[849],"class_list":{"0":"post-18889","1":"product","2":"type-product","3":"status-publish","4":"has-post-thumbnail","6":"brand-miwe-de","7":"product_cat-fruchte","8":"product_tag-front-product-de","10":"first","11":"instock","12":"shipping-taxable","13":"purchasable","14":"product-type-simple"},"acf":[],"_links":{"self":[{"href":"https:\/\/turkmenexporter.com\/de\/wp-json\/wp\/v2\/product\/18889","targetHints":{"allow":["GET"]}}],"collection":[{"href":"https:\/\/turkmenexporter.com\/de\/wp-json\/wp\/v2\/product"}],"about":[{"href":"https:\/\/turkmenexporter.com\/de\/wp-json\/wp\/v2\/types\/product"}],"replies":[{"embeddable":true,"href":"https:\/\/turkmenexporter.com\/de\/wp-json\/wp\/v2\/comments?post=18889"}],"version-history":[{"count":1,"href":"https:\/\/turkmenexporter.com\/de\/wp-json\/wp\/v2\/product\/18889\/revisions"}],"predecessor-version":[{"id":18967,"href":"https:\/\/turkmenexporter.com\/de\/wp-json\/wp\/v2\/product\/18889\/revisions\/18967"}],"wp:featuredmedia":[{"embeddable":true,"href":"https:\/\/turkmenexporter.com\/de\/wp-json\/wp\/v2\/media\/18798"}],"wp:attachment":[{"href":"https:\/\/turkmenexporter.com\/de\/wp-json\/wp\/v2\/media?parent=18889"}],"wp:term":[{"taxonomy":"brand","embeddable":true,"href":"https:\/\/turkmenexporter.com\/de\/wp-json\/wp\/v2\/brand?post=18889"},{"taxonomy":"product_cat","embeddable":true,"href":"https:\/\/turkmenexporter.com\/de\/wp-json\/wp\/v2\/product_cat?post=18889"},{"taxonomy":"product_tag","embeddable":true,"href":"https:\/\/turkmenexporter.com\/de\/wp-json\/wp\/v2\/product_tag?post=18889"}],"curies":[{"name":"wp","href":"https:\/\/api.w.org\/{rel}","templated":true}]}}