{"id":18890,"date":"2025-07-29T15:10:14","date_gmt":"2025-07-29T10:10:14","guid":{"rendered":"https:\/\/turkmenexporter.com\/product\/asiatische-birne-chojuro\/"},"modified":"2025-07-30T17:09:44","modified_gmt":"2025-07-30T12:09:44","slug":"asiatische-birne-chojuro","status":"publish","type":"product","link":"https:\/\/turkmenexporter.com\/de\/produkt\/asiatische-birne-chojuro\/","title":{"rendered":"Asiatische Birne &#8222;Chojuro&#8220;"},"content":{"rendered":"<ul>\n<li><strong>Herkunft: <\/strong>Kaka etrap, Ahal velayat, Turkmenistan. 25 Hektar mit gut durchl\u00e4ssigen B\u00f6den und hoher Sonneneinstrahlung, ideal f\u00fcr den Anbau asiatischer Birnen <\/li>\n<li><strong>Geschmacksprofil: <\/strong>Mild s\u00fc\u00df mit Noten von Karamell und blumigem Honig; geringe S\u00e4ure; sehr erfrischend<\/li>\n<li><strong>Fruchtgr\u00f6\u00dfe\/Gewicht:<\/strong><br \/>\n&#8211; Durchmesser-1: 70-85 mm, Durchschnittsgewicht 180-230 g<br \/>\n&#8211; Durchmesser-2: 65-80 mm, Durchschnittsgewicht 170-210 g<br \/>\n&#8211; Durchmesser-3: 60-75 mm, Durchschnittsgewicht 160-200 g<\/li>\n<li><strong>Erntezeit: <\/strong>Mitte August bis Anfang September. Frisch erh\u00e4ltlich bis November; k\u00fchl gelagerte Fr\u00fcchte sind bis Januar erh\u00e4ltlich <\/li>\n<\/ul>\n","protected":false},"excerpt":{"rendered":"<p><strong>Verpackung: <\/strong>19-kg-Teleskopkisten<\/p>\n<p><span class=\"fadeinm1hgl8\"><span lang=\"EN-US\"><b>Fruchtfleisch<\/b>: Fest, knackig, wei\u00df, saftig mit geringem Fasergehalt<\/span><\/span><\/p>\n<p><strong>BRIX Level: <\/strong>10-16 Bx<\/p>\n","protected":false},"featured_media":18769,"comment_status":"open","ping_status":"closed","template":"","meta":{"_acf_changed":false},"brand":[1381],"product_cat":[1383],"product_tag":[],"class_list":{"0":"post-18890","1":"product","2":"type-product","3":"status-publish","4":"has-post-thumbnail","6":"brand-miwe-de","7":"product_cat-fruchte","9":"first","10":"instock","11":"shipping-taxable","12":"purchasable","13":"product-type-simple"},"acf":[],"_links":{"self":[{"href":"https:\/\/turkmenexporter.com\/de\/wp-json\/wp\/v2\/product\/18890","targetHints":{"allow":["GET"]}}],"collection":[{"href":"https:\/\/turkmenexporter.com\/de\/wp-json\/wp\/v2\/product"}],"about":[{"href":"https:\/\/turkmenexporter.com\/de\/wp-json\/wp\/v2\/types\/product"}],"replies":[{"embeddable":true,"href":"https:\/\/turkmenexporter.com\/de\/wp-json\/wp\/v2\/comments?post=18890"}],"version-history":[{"count":1,"href":"https:\/\/turkmenexporter.com\/de\/wp-json\/wp\/v2\/product\/18890\/revisions"}],"predecessor-version":[{"id":18972,"href":"https:\/\/turkmenexporter.com\/de\/wp-json\/wp\/v2\/product\/18890\/revisions\/18972"}],"wp:featuredmedia":[{"embeddable":true,"href":"https:\/\/turkmenexporter.com\/de\/wp-json\/wp\/v2\/media\/18769"}],"wp:attachment":[{"href":"https:\/\/turkmenexporter.com\/de\/wp-json\/wp\/v2\/media?parent=18890"}],"wp:term":[{"taxonomy":"brand","embeddable":true,"href":"https:\/\/turkmenexporter.com\/de\/wp-json\/wp\/v2\/brand?post=18890"},{"taxonomy":"product_cat","embeddable":true,"href":"https:\/\/turkmenexporter.com\/de\/wp-json\/wp\/v2\/product_cat?post=18890"},{"taxonomy":"product_tag","embeddable":true,"href":"https:\/\/turkmenexporter.com\/de\/wp-json\/wp\/v2\/product_tag?post=18890"}],"curies":[{"name":"wp","href":"https:\/\/api.w.org\/{rel}","templated":true}]}}