{"id":18891,"date":"2025-07-29T15:00:52","date_gmt":"2025-07-29T10:00:52","guid":{"rendered":"https:\/\/turkmenexporter.com\/product\/apfel-granny-smith\/"},"modified":"2025-07-29T15:00:52","modified_gmt":"2025-07-29T10:00:52","slug":"apfel-granny-smith","status":"publish","type":"product","link":"https:\/\/turkmenexporter.com\/de\/produkt\/apfel-granny-smith\/","title":{"rendered":"Apfel &#8222;Granny Smith&#8220;"},"content":{"rendered":"<ul>\n<li><span class=\"fadeinm1hgl8\"><b><span lang=\"EN-US\">Herkunft: <\/span><\/b><span lang=\"EN-US\">Kaka etrap, Ahal velayat, Turkmenistan. <\/span><\/span><span lang=\"EN-US\"><span class=\"fadeinm1hgl8\">115 Hektar hochgelegene, bew\u00e4sserte Obstg\u00e4rten mit hervorragender Sonneneinstrahlung und mineralreichen B\u00f6den<\/span><\/span><span class=\"fadeinm1hgl8\"><span lang=\"EN-US\"> <\/span><\/span><\/li>\n<li><span class=\"fadeinm1hgl8\"><span lang=\"EN-US\"><b>Geschmacksprofil: <\/b>Herbe, scharfe S\u00e4ure mit erfrischenden gr\u00fcnen Apfelnoten; hervorragend zum Frischverzehr, Kochen und Verarbeiten<\/span><\/span><\/li>\n<li>\n<p style=\"margin: 0cm\"><span class=\"fadeinm1hgl8\"><b><span lang=\"EN-US\">Erntezeit: <\/span><\/b><span lang=\"EN-US\">Mitte bis Ende Oktober. Verf\u00fcgbar bis April. <\/span><\/span><\/p>\n<\/li>\n<li><strong>Tablett-Typen<\/strong>: Aus Zellstoff geformtes Tablett, Schaumstoffnetz optional f\u00fcr Premium-Export<\/li>\n<li><strong>Lieferbedingungen<\/strong>: EXW (Ashgabat), FOB (Hafen Turkmenbashi), CIF, DDP (verf\u00fcgbar f\u00fcr ausgew\u00e4hlte M\u00e4rkte)<\/li>\n<\/ul>\n","protected":false},"excerpt":{"rendered":"<p><strong>Verpackung:<\/strong> 9 kg und 19 kg Teleskopkisten<\/p>\n<p><strong>Fleisch:<\/strong> Fest, knackig, saftig, blass gr\u00fcnlich-wei\u00dfes Fruchtfleisch<\/p>\n<p><span class=\"fadeinm1hgl8\"><b><span lang=\"EN-US\">BRIXLevel: <\/span><\/b><span lang=\"EN-US\">12\u00b0-12.8\u00b0Bx<\/span><\/span><\/p>\n","protected":false},"featured_media":18757,"comment_status":"open","ping_status":"closed","template":"","meta":{"_acf_changed":false},"brand":[1381],"product_cat":[1383],"product_tag":[849],"class_list":{"0":"post-18891","1":"product","2":"type-product","3":"status-publish","4":"has-post-thumbnail","6":"brand-miwe-de","7":"product_cat-fruchte","8":"product_tag-front-product-de","10":"first","11":"instock","12":"shipping-taxable","13":"purchasable","14":"product-type-simple"},"acf":[],"_links":{"self":[{"href":"https:\/\/turkmenexporter.com\/de\/wp-json\/wp\/v2\/product\/18891","targetHints":{"allow":["GET"]}}],"collection":[{"href":"https:\/\/turkmenexporter.com\/de\/wp-json\/wp\/v2\/product"}],"about":[{"href":"https:\/\/turkmenexporter.com\/de\/wp-json\/wp\/v2\/types\/product"}],"replies":[{"embeddable":true,"href":"https:\/\/turkmenexporter.com\/de\/wp-json\/wp\/v2\/comments?post=18891"}],"version-history":[{"count":0,"href":"https:\/\/turkmenexporter.com\/de\/wp-json\/wp\/v2\/product\/18891\/revisions"}],"wp:featuredmedia":[{"embeddable":true,"href":"https:\/\/turkmenexporter.com\/de\/wp-json\/wp\/v2\/media\/18757"}],"wp:attachment":[{"href":"https:\/\/turkmenexporter.com\/de\/wp-json\/wp\/v2\/media?parent=18891"}],"wp:term":[{"taxonomy":"brand","embeddable":true,"href":"https:\/\/turkmenexporter.com\/de\/wp-json\/wp\/v2\/brand?post=18891"},{"taxonomy":"product_cat","embeddable":true,"href":"https:\/\/turkmenexporter.com\/de\/wp-json\/wp\/v2\/product_cat?post=18891"},{"taxonomy":"product_tag","embeddable":true,"href":"https:\/\/turkmenexporter.com\/de\/wp-json\/wp\/v2\/product_tag?post=18891"}],"curies":[{"name":"wp","href":"https:\/\/api.w.org\/{rel}","templated":true}]}}