{"id":18892,"date":"2025-07-29T14:38:01","date_gmt":"2025-07-29T09:38:01","guid":{"rendered":"https:\/\/turkmenexporter.com\/product\/goldener-koestlicher-apfel\/"},"modified":"2025-07-29T14:38:01","modified_gmt":"2025-07-29T09:38:01","slug":"goldener-koestlicher-apfel","status":"publish","type":"product","link":"https:\/\/turkmenexporter.com\/de\/produkt\/goldener-koestlicher-apfel\/","title":{"rendered":"Apfel &#8222;Golden Delicious&#8220;"},"content":{"rendered":"<p style=\"margin: 0cm\"><span class=\"fadeinm1hgl8\"><span lang=\"EN-US\"><b>Geschmacksprofil: <\/b>Mild s\u00fc\u00df, aromatisch, geringer S\u00e4uregehalt &#8211; ideal f\u00fcr den Frischverzehr und die Verarbeitung<\/span><\/span><\/p>\n<p style=\"margin: 0cm\"><strong>Erntezeit: <\/strong>Ende September bis Anfang Oktober. Verf\u00fcgbar bis April. <\/p>\n<p style=\"margin: 0cm\"><strong>Erwartete Ernte (in Tonnen): <\/strong>Auf Anfrage \/ verf\u00fcgbar f\u00fcr die Saison 2025<\/p>\n<p style=\"margin: 0cm\"><strong>Herkunft: <\/strong>Kaka etrap, Ahal velayat, Turkmenistan. <strong>115<\/strong> Hektar hochgelegene, bew\u00e4sserte Obstplantagen mit optimaler Sonneneinstrahlung<\/p>\n<p style=\"margin: 0cm\"><strong>Lieferbedingungen: <\/strong>EXW (Region Ahal), FOB (Hafen Turkmenbashi), CIF, DDP (verf\u00fcgbar f\u00fcr ausgew\u00e4hlte M\u00e4rkte)<\/p>\n<p style=\"margin: 0cm\">\n","protected":false},"excerpt":{"rendered":"<p style=\"margin: 0cm\"><strong>Verpackung:<\/strong> 9 kg- und 19 kg-Teleskopkisten<\/p>\n<p style=\"margin: 0cm\"><span class=\"fadeinm1hgl8\"><span lang=\"EN-US\"><b>Fruchtfleisch: <\/b>Cremig-wei\u00df, feink\u00f6rnig, knackig und saftig<\/span><\/span><\/p>\n<p style=\"margin: 0cm\"><span class=\"fadeinm1hgl8\"><span lang=\"EN-US\"><b>BRIX Level: <\/b>12\u00b0-17\u00b0Bx<\/span><\/span><\/p>\n","protected":false},"featured_media":18751,"comment_status":"open","ping_status":"closed","template":"","meta":{"_acf_changed":false},"brand":[1381],"product_cat":[1383],"product_tag":[],"class_list":{"0":"post-18892","1":"product","2":"type-product","3":"status-publish","4":"has-post-thumbnail","6":"brand-miwe-de","7":"product_cat-fruchte","9":"first","10":"instock","11":"shipping-taxable","12":"purchasable","13":"product-type-simple"},"acf":[],"_links":{"self":[{"href":"https:\/\/turkmenexporter.com\/de\/wp-json\/wp\/v2\/product\/18892","targetHints":{"allow":["GET"]}}],"collection":[{"href":"https:\/\/turkmenexporter.com\/de\/wp-json\/wp\/v2\/product"}],"about":[{"href":"https:\/\/turkmenexporter.com\/de\/wp-json\/wp\/v2\/types\/product"}],"replies":[{"embeddable":true,"href":"https:\/\/turkmenexporter.com\/de\/wp-json\/wp\/v2\/comments?post=18892"}],"version-history":[{"count":0,"href":"https:\/\/turkmenexporter.com\/de\/wp-json\/wp\/v2\/product\/18892\/revisions"}],"wp:featuredmedia":[{"embeddable":true,"href":"https:\/\/turkmenexporter.com\/de\/wp-json\/wp\/v2\/media\/18751"}],"wp:attachment":[{"href":"https:\/\/turkmenexporter.com\/de\/wp-json\/wp\/v2\/media?parent=18892"}],"wp:term":[{"taxonomy":"brand","embeddable":true,"href":"https:\/\/turkmenexporter.com\/de\/wp-json\/wp\/v2\/brand?post=18892"},{"taxonomy":"product_cat","embeddable":true,"href":"https:\/\/turkmenexporter.com\/de\/wp-json\/wp\/v2\/product_cat?post=18892"},{"taxonomy":"product_tag","embeddable":true,"href":"https:\/\/turkmenexporter.com\/de\/wp-json\/wp\/v2\/product_tag?post=18892"}],"curies":[{"name":"wp","href":"https:\/\/api.w.org\/{rel}","templated":true}]}}