{"id":18893,"date":"2025-07-29T14:22:15","date_gmt":"2025-07-29T09:22:15","guid":{"rendered":"https:\/\/turkmenexporter.com\/product\/rosig-gluehender-apfel\/"},"modified":"2025-07-29T14:22:15","modified_gmt":"2025-07-29T09:22:15","slug":"rosig-gluehender-apfel","status":"publish","type":"product","link":"https:\/\/turkmenexporter.com\/de\/produkt\/rosig-gluehender-apfel\/","title":{"rendered":"Apfel &#8222;Rosiges Gl\u00fchen&#8220;"},"content":{"rendered":"<ul>\n<li><strong>Herkunft: <\/strong>Kaka etrap, Ahal velayat, Turkmenistan. <strong>115<\/strong> Hektar hochgelegene, bew\u00e4sserte Obstplantagen mit optimaler Sonneneinstrahlung<\/li>\n<li><strong>Erwartete Ernte (in Tonnen): <\/strong>3,500<\/li>\n<li><strong>Erntezeit: <\/strong>Ende Oktober bis Anfang November. Bei ordnungsgem\u00e4\u00dfer Lagerung ist sie bis Mai verf\u00fcgbar. <\/li>\n<li><strong>Lieferbedingungen: <\/strong>EXW (Region Ahal), FOB (Hafen Turkmenbashi), CIF, DDP (verf\u00fcgbar f\u00fcr ausgew\u00e4hlte M\u00e4rkte)<\/li>\n<\/ul>\n","protected":false},"excerpt":{"rendered":"<p>Verpackung: 9 kg und 19 kg Teleskopkisten<br \/>\nFleisch: Knackig, fest, wei\u00df mit einer leichten rosa F\u00e4rbung in der N\u00e4he der Haut<br \/>\nBRIX Level: 12,4\u00b0 Bx<\/p>\n","protected":false},"featured_media":18763,"comment_status":"open","ping_status":"closed","template":"","meta":{"_acf_changed":false},"brand":[1381],"product_cat":[1383],"product_tag":[],"class_list":{"0":"post-18893","1":"product","2":"type-product","3":"status-publish","4":"has-post-thumbnail","6":"brand-miwe-de","7":"product_cat-fruchte","9":"first","10":"instock","11":"shipping-taxable","12":"purchasable","13":"product-type-simple"},"acf":[],"_links":{"self":[{"href":"https:\/\/turkmenexporter.com\/de\/wp-json\/wp\/v2\/product\/18893","targetHints":{"allow":["GET"]}}],"collection":[{"href":"https:\/\/turkmenexporter.com\/de\/wp-json\/wp\/v2\/product"}],"about":[{"href":"https:\/\/turkmenexporter.com\/de\/wp-json\/wp\/v2\/types\/product"}],"replies":[{"embeddable":true,"href":"https:\/\/turkmenexporter.com\/de\/wp-json\/wp\/v2\/comments?post=18893"}],"version-history":[{"count":0,"href":"https:\/\/turkmenexporter.com\/de\/wp-json\/wp\/v2\/product\/18893\/revisions"}],"wp:featuredmedia":[{"embeddable":true,"href":"https:\/\/turkmenexporter.com\/de\/wp-json\/wp\/v2\/media\/18763"}],"wp:attachment":[{"href":"https:\/\/turkmenexporter.com\/de\/wp-json\/wp\/v2\/media?parent=18893"}],"wp:term":[{"taxonomy":"brand","embeddable":true,"href":"https:\/\/turkmenexporter.com\/de\/wp-json\/wp\/v2\/brand?post=18893"},{"taxonomy":"product_cat","embeddable":true,"href":"https:\/\/turkmenexporter.com\/de\/wp-json\/wp\/v2\/product_cat?post=18893"},{"taxonomy":"product_tag","embeddable":true,"href":"https:\/\/turkmenexporter.com\/de\/wp-json\/wp\/v2\/product_tag?post=18893"}],"curies":[{"name":"wp","href":"https:\/\/api.w.org\/{rel}","templated":true}]}}