{"id":19389,"date":"2025-08-19T17:45:06","date_gmt":"2025-08-19T12:45:06","guid":{"rendered":"https:\/\/turkmenexporter.com\/product\/gosha-chynar-cola-alkoholfrei-kohlensaeurehaltiges-getraenk-15-l\/"},"modified":"2025-08-19T17:45:06","modified_gmt":"2025-08-19T12:45:06","slug":"gosha-chynar-cola-alkoholfrei-kohlensaeurehaltiges-getraenk-15-l","status":"publish","type":"product","link":"https:\/\/turkmenexporter.com\/de\/produkt\/gosha-chynar-cola-alkoholfrei-kohlensaeurehaltiges-getraenk-15-l\/","title":{"rendered":"Gosha Chynar Cola kohlens\u00e4urehaltiges Getr\u00e4nk 1,5 L"},"content":{"rendered":"<p>Zutaten: Gereinigtes Trinkwasser, Zucker, kohlens\u00e4urehaltiges Gas E290, Cola-Bestandteil, duftende Zutaten, Lebensmittelzusatzstoffe, Konservierungsmittel Natriumbenzoat E211. <\/p>\n<p>N\u00e4hrwert pro 100 sm^3 des Produkts:<br \/>\n&#8211; Kohlenhydrate 11 g,<br \/>\n&#8211; Energiewert 44 kcal,<br \/>\n&#8211; Koffein nicht mehr 100 mg\/L<\/p>\n<p>Lagerungsbedingungen: lagern bei einer Temperatur nicht weniger als 4\u00b0C und nicht mehr als 25\u00b0C<\/p>\n<p>Zertifiziertes Produkt. GMO frei. Regal Lebensdauer 180 Tage <\/p>\n","protected":false},"excerpt":{"rendered":"<p>Gosha Chynar Cola kohlens\u00e4urehaltiges Getr\u00e4nk 1,5 L<br \/>\n6 Flaschen in einem Block.<br \/>\n76 Bl\u00f6cke in einer Palette.<\/p>\n","protected":false},"featured_media":19077,"comment_status":"open","ping_status":"closed","template":"","meta":{"_acf_changed":false},"brand":[1320],"product_cat":[626],"product_tag":[],"class_list":{"0":"post-19389","1":"product","2":"type-product","3":"status-publish","4":"has-post-thumbnail","6":"brand-gosha-chynar-de","7":"product_cat-getranke","9":"first","10":"instock","11":"shipping-taxable","12":"purchasable","13":"product-type-simple"},"acf":[],"_links":{"self":[{"href":"https:\/\/turkmenexporter.com\/de\/wp-json\/wp\/v2\/product\/19389","targetHints":{"allow":["GET"]}}],"collection":[{"href":"https:\/\/turkmenexporter.com\/de\/wp-json\/wp\/v2\/product"}],"about":[{"href":"https:\/\/turkmenexporter.com\/de\/wp-json\/wp\/v2\/types\/product"}],"replies":[{"embeddable":true,"href":"https:\/\/turkmenexporter.com\/de\/wp-json\/wp\/v2\/comments?post=19389"}],"version-history":[{"count":0,"href":"https:\/\/turkmenexporter.com\/de\/wp-json\/wp\/v2\/product\/19389\/revisions"}],"wp:featuredmedia":[{"embeddable":true,"href":"https:\/\/turkmenexporter.com\/de\/wp-json\/wp\/v2\/media\/19077"}],"wp:attachment":[{"href":"https:\/\/turkmenexporter.com\/de\/wp-json\/wp\/v2\/media?parent=19389"}],"wp:term":[{"taxonomy":"brand","embeddable":true,"href":"https:\/\/turkmenexporter.com\/de\/wp-json\/wp\/v2\/brand?post=19389"},{"taxonomy":"product_cat","embeddable":true,"href":"https:\/\/turkmenexporter.com\/de\/wp-json\/wp\/v2\/product_cat?post=19389"},{"taxonomy":"product_tag","embeddable":true,"href":"https:\/\/turkmenexporter.com\/de\/wp-json\/wp\/v2\/product_tag?post=19389"}],"curies":[{"name":"wp","href":"https:\/\/api.w.org\/{rel}","templated":true}]}}