{"id":19407,"date":"2025-08-19T17:45:09","date_gmt":"2025-08-19T12:45:09","guid":{"rendered":"https:\/\/turkmenexporter.com\/product\/7-chynar-terragon-alkoholfreies-kohlensaeurehaltiges-getraenk\/"},"modified":"2025-08-19T17:45:09","modified_gmt":"2025-08-19T12:45:09","slug":"7-chynar-terragon-alkoholfreies-kohlensaeurehaltiges-getraenk","status":"publish","type":"product","link":"https:\/\/turkmenexporter.com\/de\/produkt\/7-chynar-terragon-alkoholfreies-kohlensaeurehaltiges-getraenk\/","title":{"rendered":"7 Chynar Terragon alkoholfrei mit Kohlens\u00e4ure Getr\u00e4nk"},"content":{"rendered":"<p>Zutaten: Gereinigtes Trinkwasser Wasser, Zucker, Getr\u00e4nk Kohlens\u00e4ure Gas Kohlenstoff Dioxid E290, S\u00e4ure Regulator Zitronens\u00e4ure S\u00e4ure E330, nat\u00fcrliches identisches Aroma &#8222;Terragon&#8220;, Konservierungsmittel Mittel Natrium benzoat E211<\/p>\n<p>N\u00e4hrwert pro 100 sm^3 des Produkts:<br \/>\n&#8211; Kohlenhydrate 10,4,<br \/>\n&#8211; Energiewert 40 kcal,<\/p>\n<p>Lagerungsbedingungen: lagern bei einer Temperatur nicht weniger als 4\u00b0C und nicht mehr als 25\u00b0C<\/p>\n<p>Zertifiziertes Produkt. GMO frei. Regal Lebensdauer 180 Tage <\/p>\n","protected":false},"excerpt":{"rendered":"<p>Gosha Chynar terragon kohlens\u00e4urehaltiges Getr\u00e4nk 0,5 L<br \/>\n12 Flaschen in einem Block.<br \/>\n108 Bl\u00f6cke in einer Palette.<\/p>\n","protected":false},"featured_media":19233,"comment_status":"open","ping_status":"closed","template":"","meta":{"_acf_changed":false},"brand":[1320],"product_cat":[626],"product_tag":[],"class_list":{"0":"post-19407","1":"product","2":"type-product","3":"status-publish","4":"has-post-thumbnail","6":"brand-gosha-chynar-de","7":"product_cat-getranke","9":"first","10":"instock","11":"shipping-taxable","12":"purchasable","13":"product-type-simple"},"acf":[],"_links":{"self":[{"href":"https:\/\/turkmenexporter.com\/de\/wp-json\/wp\/v2\/product\/19407","targetHints":{"allow":["GET"]}}],"collection":[{"href":"https:\/\/turkmenexporter.com\/de\/wp-json\/wp\/v2\/product"}],"about":[{"href":"https:\/\/turkmenexporter.com\/de\/wp-json\/wp\/v2\/types\/product"}],"replies":[{"embeddable":true,"href":"https:\/\/turkmenexporter.com\/de\/wp-json\/wp\/v2\/comments?post=19407"}],"version-history":[{"count":0,"href":"https:\/\/turkmenexporter.com\/de\/wp-json\/wp\/v2\/product\/19407\/revisions"}],"wp:featuredmedia":[{"embeddable":true,"href":"https:\/\/turkmenexporter.com\/de\/wp-json\/wp\/v2\/media\/19233"}],"wp:attachment":[{"href":"https:\/\/turkmenexporter.com\/de\/wp-json\/wp\/v2\/media?parent=19407"}],"wp:term":[{"taxonomy":"brand","embeddable":true,"href":"https:\/\/turkmenexporter.com\/de\/wp-json\/wp\/v2\/brand?post=19407"},{"taxonomy":"product_cat","embeddable":true,"href":"https:\/\/turkmenexporter.com\/de\/wp-json\/wp\/v2\/product_cat?post=19407"},{"taxonomy":"product_tag","embeddable":true,"href":"https:\/\/turkmenexporter.com\/de\/wp-json\/wp\/v2\/product_tag?post=19407"}],"curies":[{"name":"wp","href":"https:\/\/api.w.org\/{rel}","templated":true}]}}