{"id":19566,"date":"2025-09-03T14:54:00","date_gmt":"2025-09-03T09:54:00","guid":{"rendered":"https:\/\/turkmenexporter.com\/product\/mandel-marinade\/"},"modified":"2025-09-03T14:54:00","modified_gmt":"2025-09-03T09:54:00","slug":"mandel-marinade","status":"publish","type":"product","link":"https:\/\/turkmenexporter.com\/de\/produkt\/mandel-marinade\/","title":{"rendered":"Mandel &#8222;Marinada&#8220;"},"content":{"rendered":"<p><strong>Kerneigenschaften:<\/strong> L\u00e4ngliche Form, blass Haut, reich und ausgewogener Geschmack<\/p>\n<p><strong>Kerngr\u00f6\u00dfe\/Gewicht:<\/strong> 12-14 mm, ~1,2-1,3 g pro Kern, 18-20 Kerne\/oz.<\/p>\n<p><strong>Ernte Zeitraum:<\/strong> Anfang September. Verf\u00fcgbar bis M\u00e4rz <\/p>\n<p><strong>Lieferbedingungen: <\/strong>EXW (Ashgabat), FOB (Hafen Turkmenbashi), CIF, DDP (ausgew\u00e4hlte M\u00e4rkte)<\/p>\n","protected":false},"excerpt":{"rendered":"<p><strong>Geschmacksprofil: <\/strong>Nat\u00fcrlich s\u00fc\u00dfes, nussiges Aroma, geeignet f\u00fcr Snacking und industrielle Verwendung<\/p>\n<p><strong>Schalentyp:<\/strong>D\u00fcnne, harte Schale, geeignet f\u00fcr effiziente Verarbeitung<\/p>\n<p><strong>Verpackung: <\/strong>15 kg oder 25 kg Standardkarton<\/p>\n","protected":false},"featured_media":18745,"comment_status":"open","ping_status":"closed","template":"","meta":{"_acf_changed":false},"brand":[1381],"product_cat":[1416],"product_tag":[849],"class_list":{"0":"post-19566","1":"product","2":"type-product","3":"status-publish","4":"has-post-thumbnail","6":"brand-miwe-de","7":"product_cat-mandeln","8":"product_tag-front-product-de","10":"first","11":"instock","12":"shipping-taxable","13":"purchasable","14":"product-type-simple"},"acf":[],"_links":{"self":[{"href":"https:\/\/turkmenexporter.com\/de\/wp-json\/wp\/v2\/product\/19566","targetHints":{"allow":["GET"]}}],"collection":[{"href":"https:\/\/turkmenexporter.com\/de\/wp-json\/wp\/v2\/product"}],"about":[{"href":"https:\/\/turkmenexporter.com\/de\/wp-json\/wp\/v2\/types\/product"}],"replies":[{"embeddable":true,"href":"https:\/\/turkmenexporter.com\/de\/wp-json\/wp\/v2\/comments?post=19566"}],"version-history":[{"count":0,"href":"https:\/\/turkmenexporter.com\/de\/wp-json\/wp\/v2\/product\/19566\/revisions"}],"wp:featuredmedia":[{"embeddable":true,"href":"https:\/\/turkmenexporter.com\/de\/wp-json\/wp\/v2\/media\/18745"}],"wp:attachment":[{"href":"https:\/\/turkmenexporter.com\/de\/wp-json\/wp\/v2\/media?parent=19566"}],"wp:term":[{"taxonomy":"brand","embeddable":true,"href":"https:\/\/turkmenexporter.com\/de\/wp-json\/wp\/v2\/brand?post=19566"},{"taxonomy":"product_cat","embeddable":true,"href":"https:\/\/turkmenexporter.com\/de\/wp-json\/wp\/v2\/product_cat?post=19566"},{"taxonomy":"product_tag","embeddable":true,"href":"https:\/\/turkmenexporter.com\/de\/wp-json\/wp\/v2\/product_tag?post=19566"}],"curies":[{"name":"wp","href":"https:\/\/api.w.org\/{rel}","templated":true}]}}