{"id":19885,"date":"2025-09-09T15:27:07","date_gmt":"2025-09-09T10:27:07","guid":{"rendered":"https:\/\/turkmenexporter.com\/product\/hydraulikol-iso-vg-68-hm\/"},"modified":"2025-09-09T15:27:07","modified_gmt":"2025-09-09T10:27:07","slug":"hydraulikol-iso-vg-68-hm","status":"publish","type":"product","link":"https:\/\/turkmenexporter.com\/de\/produkt\/hydraulikol-iso-vg-68-hm\/","title":{"rendered":"Hydraulik\u00f6l ISO VG-68 HM"},"content":{"rendered":"<p>Hochwertiges \u00d6l f\u00fcr Hydrauliksysteme von Kraftfahrzeugen, Spezialmaschinen und -ger\u00e4ten. Es wird auf Basis hochwertiger mineralischer Grund\u00f6le aus Roh\u00f6l hergestellt. Es verf\u00fcgt \u00fcber ein hohes Antioxidationspotenzial sowie thermische und chemische Stabilit\u00e4t. Es sch\u00fctzt die Teile des Hydrauliksystems vor Verschlei\u00df und erm\u00f6glicht einen langen Dauerbetrieb.   <\/p>\n<p> &#8211; Kinematische Viskosit\u00e4t bei 100 \u00b0C mm2\/s, innerhalb von 61,2-74,8<br \/>\n&#8211; Viskosit\u00e4tsindex, nicht weniger als 93<br \/>\n&#8211; Pourpoint \u00b0C, nicht h\u00f6her als -12<br \/>\n&#8211; Flammpunkt \u00b0C, nicht weniger als 215<\/p>\n","protected":false},"excerpt":{"rendered":"<p>GM OIL Hydraulik\u00f6l<br \/>\nErh\u00e4ltlich in 20-Liter-Kanistern und 208-Liter-F\u00e4ssern<\/p>\n","protected":false},"featured_media":19836,"comment_status":"open","ping_status":"closed","template":"","meta":{"_acf_changed":false},"brand":[1435],"product_cat":[1278],"product_tag":[],"class_list":{"0":"post-19885","1":"product","2":"type-product","3":"status-publish","4":"has-post-thumbnail","6":"brand-gm-oil-de","7":"product_cat-kfz-produkte","9":"first","10":"instock","11":"shipping-taxable","12":"purchasable","13":"product-type-simple"},"acf":[],"_links":{"self":[{"href":"https:\/\/turkmenexporter.com\/de\/wp-json\/wp\/v2\/product\/19885","targetHints":{"allow":["GET"]}}],"collection":[{"href":"https:\/\/turkmenexporter.com\/de\/wp-json\/wp\/v2\/product"}],"about":[{"href":"https:\/\/turkmenexporter.com\/de\/wp-json\/wp\/v2\/types\/product"}],"replies":[{"embeddable":true,"href":"https:\/\/turkmenexporter.com\/de\/wp-json\/wp\/v2\/comments?post=19885"}],"version-history":[{"count":0,"href":"https:\/\/turkmenexporter.com\/de\/wp-json\/wp\/v2\/product\/19885\/revisions"}],"wp:featuredmedia":[{"embeddable":true,"href":"https:\/\/turkmenexporter.com\/de\/wp-json\/wp\/v2\/media\/19836"}],"wp:attachment":[{"href":"https:\/\/turkmenexporter.com\/de\/wp-json\/wp\/v2\/media?parent=19885"}],"wp:term":[{"taxonomy":"brand","embeddable":true,"href":"https:\/\/turkmenexporter.com\/de\/wp-json\/wp\/v2\/brand?post=19885"},{"taxonomy":"product_cat","embeddable":true,"href":"https:\/\/turkmenexporter.com\/de\/wp-json\/wp\/v2\/product_cat?post=19885"},{"taxonomy":"product_tag","embeddable":true,"href":"https:\/\/turkmenexporter.com\/de\/wp-json\/wp\/v2\/product_tag?post=19885"}],"curies":[{"name":"wp","href":"https:\/\/api.w.org\/{rel}","templated":true}]}}