{"id":19896,"date":"2025-09-09T15:27:05","date_gmt":"2025-09-09T10:27:05","guid":{"rendered":"https:\/\/turkmenexporter.com\/product\/mechanisches-getriebeol-geartec-multi-80w-90\/"},"modified":"2025-09-09T15:27:05","modified_gmt":"2025-09-09T10:27:05","slug":"mechanisches-getriebeol-geartec-multi-80w-90","status":"publish","type":"product","link":"https:\/\/turkmenexporter.com\/de\/produkt\/mechanisches-getriebeol-geartec-multi-80w-90\/","title":{"rendered":"Mechanisches Getriebe\u00f6l Geartec Multi 80W-90"},"content":{"rendered":"<p>Hochwertiges \u00d6l f\u00fcr mechanische Getriebe von PKWs und LKWs. Es wird auf Basis hochwertiger mineralischer Grund\u00f6le aus Roh\u00f6l und einem ausgewogenen Additivpaket hergestellt, das eine hohe Leistungsf\u00e4higkeit unter verschiedenen klimatischen Bedingungen gew\u00e4hrleistet. Es verf\u00fcgt \u00fcber hohe antioxidative und schaumhemmende Eigenschaften.  <\/p>\n<p> &#8211; Kinematische Viskosit\u00e4t bei 100 \u00b0C mm2\/s, innerhalb von 14-17<br \/>\n&#8211; Viskosit\u00e4tsindex, nicht weniger als 95<br \/>\n&#8211; Pourpoint \u00b0C, nicht h\u00f6her als -18<br \/>\n&#8211; Flammpunkt \u00b0C, nicht weniger als 220<\/p>\n","protected":false},"excerpt":{"rendered":"<p>Mechanisches Getriebe\u00f6l<br \/>\nErh\u00e4ltlich in 20-Liter-Kanistern und 208-Liter-F\u00e4ssern<\/p>\n","protected":false},"featured_media":19824,"comment_status":"open","ping_status":"closed","template":"","meta":{"_acf_changed":false},"brand":[1435],"product_cat":[1278],"product_tag":[],"class_list":{"0":"post-19896","1":"product","2":"type-product","3":"status-publish","4":"has-post-thumbnail","6":"brand-gm-oil-de","7":"product_cat-kfz-produkte","9":"first","10":"instock","11":"shipping-taxable","12":"purchasable","13":"product-type-simple"},"acf":[],"_links":{"self":[{"href":"https:\/\/turkmenexporter.com\/de\/wp-json\/wp\/v2\/product\/19896","targetHints":{"allow":["GET"]}}],"collection":[{"href":"https:\/\/turkmenexporter.com\/de\/wp-json\/wp\/v2\/product"}],"about":[{"href":"https:\/\/turkmenexporter.com\/de\/wp-json\/wp\/v2\/types\/product"}],"replies":[{"embeddable":true,"href":"https:\/\/turkmenexporter.com\/de\/wp-json\/wp\/v2\/comments?post=19896"}],"version-history":[{"count":0,"href":"https:\/\/turkmenexporter.com\/de\/wp-json\/wp\/v2\/product\/19896\/revisions"}],"wp:featuredmedia":[{"embeddable":true,"href":"https:\/\/turkmenexporter.com\/de\/wp-json\/wp\/v2\/media\/19824"}],"wp:attachment":[{"href":"https:\/\/turkmenexporter.com\/de\/wp-json\/wp\/v2\/media?parent=19896"}],"wp:term":[{"taxonomy":"brand","embeddable":true,"href":"https:\/\/turkmenexporter.com\/de\/wp-json\/wp\/v2\/brand?post=19896"},{"taxonomy":"product_cat","embeddable":true,"href":"https:\/\/turkmenexporter.com\/de\/wp-json\/wp\/v2\/product_cat?post=19896"},{"taxonomy":"product_tag","embeddable":true,"href":"https:\/\/turkmenexporter.com\/de\/wp-json\/wp\/v2\/product_tag?post=19896"}],"curies":[{"name":"wp","href":"https:\/\/api.w.org\/{rel}","templated":true}]}}