{"id":19899,"date":"2025-09-09T15:27:04","date_gmt":"2025-09-09T10:27:04","guid":{"rendered":"https:\/\/turkmenexporter.com\/product\/automatikgetriebeol-fur-pkw-und-lkw-atf-dxr-3\/"},"modified":"2025-09-09T15:27:04","modified_gmt":"2025-09-09T10:27:04","slug":"automatikgetriebeol-fur-pkw-und-lkw-atf-dxr-3","status":"publish","type":"product","link":"https:\/\/turkmenexporter.com\/de\/produkt\/automatikgetriebeol-fur-pkw-und-lkw-atf-dxr-3\/","title":{"rendered":"Automatikgetriebe\u00f6l f\u00fcr PKW und LKW ATF DXR 3"},"content":{"rendered":"<p>Hochwirksames Multifunktions\u00f6l f\u00fcr Automatikgetriebe von PKWs und LKWs. Hergestellt auf Basis hochwertiger Grund\u00f6le mit einem speziellen Additivpaket, das eine hohe Funktionalit\u00e4t gew\u00e4hrleistet. Verf\u00fcgt \u00fcber eine ausgezeichnete Flie\u00dff\u00e4higkeit bei Minustemperaturen. Gew\u00e4hrleistet die Erhaltung hoher Leistungseigenschaften \u00fcber einen langen Zeitraum.   <\/p>\n<p> &#8211; Kinematische Viskosit\u00e4t bei 100 \u00b0C mm\u00b2\/s, innerhalb von 6,5\u20138,5<br \/>\n&#8211; Viskosit\u00e4tsindex, mindestens 165<br \/>\n&#8211; Pourpoint \u00b0C, nicht h\u00f6her als -45<br \/>\n&#8211; Flammpunkt \u00b0C, mindestens 210<\/p>\n","protected":false},"excerpt":{"rendered":"<p>Automatikgetriebe\u00f6l<br \/>\nErh\u00e4ltlich in 1-Liter- und 4-Liter-Kanistern<br \/>\nJede Box enth\u00e4lt 4 St\u00fcck 4-Liter-Kanister<br \/>\nJede Palette fasst 75 Boxen mit 4-Liter-Kanistern<\/p>\n","protected":false},"featured_media":19818,"comment_status":"open","ping_status":"closed","template":"","meta":{"_acf_changed":false},"brand":[1435],"product_cat":[1278],"product_tag":[],"class_list":{"0":"post-19899","1":"product","2":"type-product","3":"status-publish","4":"has-post-thumbnail","6":"brand-gm-oil-de","7":"product_cat-kfz-produkte","9":"first","10":"instock","11":"shipping-taxable","12":"purchasable","13":"product-type-simple"},"acf":[],"_links":{"self":[{"href":"https:\/\/turkmenexporter.com\/de\/wp-json\/wp\/v2\/product\/19899","targetHints":{"allow":["GET"]}}],"collection":[{"href":"https:\/\/turkmenexporter.com\/de\/wp-json\/wp\/v2\/product"}],"about":[{"href":"https:\/\/turkmenexporter.com\/de\/wp-json\/wp\/v2\/types\/product"}],"replies":[{"embeddable":true,"href":"https:\/\/turkmenexporter.com\/de\/wp-json\/wp\/v2\/comments?post=19899"}],"version-history":[{"count":0,"href":"https:\/\/turkmenexporter.com\/de\/wp-json\/wp\/v2\/product\/19899\/revisions"}],"wp:featuredmedia":[{"embeddable":true,"href":"https:\/\/turkmenexporter.com\/de\/wp-json\/wp\/v2\/media\/19818"}],"wp:attachment":[{"href":"https:\/\/turkmenexporter.com\/de\/wp-json\/wp\/v2\/media?parent=19899"}],"wp:term":[{"taxonomy":"brand","embeddable":true,"href":"https:\/\/turkmenexporter.com\/de\/wp-json\/wp\/v2\/brand?post=19899"},{"taxonomy":"product_cat","embeddable":true,"href":"https:\/\/turkmenexporter.com\/de\/wp-json\/wp\/v2\/product_cat?post=19899"},{"taxonomy":"product_tag","embeddable":true,"href":"https:\/\/turkmenexporter.com\/de\/wp-json\/wp\/v2\/product_tag?post=19899"}],"curies":[{"name":"wp","href":"https:\/\/api.w.org\/{rel}","templated":true}]}}