{"id":19900,"date":"2025-09-09T15:27:03","date_gmt":"2025-09-09T10:27:03","guid":{"rendered":"https:\/\/turkmenexporter.com\/product\/mineralol-fur-benzin-und-dieselmotoren-sae-60\/"},"modified":"2025-09-09T15:27:03","modified_gmt":"2025-09-09T10:27:03","slug":"mineralol-fur-benzin-und-dieselmotoren-sae-60","status":"publish","type":"product","link":"https:\/\/turkmenexporter.com\/de\/produkt\/mineralol-fur-benzin-und-dieselmotoren-sae-60\/","title":{"rendered":"Mineral\u00f6l f\u00fcr Benzin- und Dieselmotoren SAE 60"},"content":{"rendered":"<p>Sommermineral\u00f6l f\u00fcr Benzin- und Dieselmotoren. Es wird auf der Basis hochwertiger Grund\u00f6le aus Roh\u00f6l und multifunktionaler Additivpakete hergestellt, um eine hervorragende Leistung und optimale Lebensdauer zu gew\u00e4hrleisten. Sie bieten einen ausgezeichneten Verschlei\u00dfschutz f\u00fcr Motorteile, die unter schwierigen Betriebsbedingungen arbeiten. Sie verhindern die Bildung von Kohlenstoffablagerungen und sch\u00fctzen die Motorteile vor Korrosion.   <\/p>\n<p> &#8211; Kinematische Viskosit\u00e4t bei 100 \u00b0C mm2\/s, innerhalb von 21,9-26,1<br \/>\n&#8211; Dynamische Viskosit\u00e4t bei minus 25 \u00b0C MPa s, nicht mehr als 6500<br \/>\n&#8211; Viskosit\u00e4tsindex, nicht weniger als 90<br \/>\n&#8211; Pourpoint \u00b0C, nicht h\u00f6her als -3<br \/>\n&#8211; Flammpunkt \u00b0C, nicht weniger als 250<\/p>\n","protected":false},"excerpt":{"rendered":"<p>Mineralisches Motor\u00f6l<br \/>\nErh\u00e4ltlich in Kanistern zu 1 l, 4 l, 5 l und 20 l<br \/>\nJede Box enth\u00e4lt 4 St\u00fcck 5-l-Kanister<br \/>\nJede Palette fasst 70 Boxen mit 5-l-Kanistern<\/p>\n","protected":false},"featured_media":19800,"comment_status":"open","ping_status":"closed","template":"","meta":{"_acf_changed":false},"brand":[1435],"product_cat":[1278],"product_tag":[849],"class_list":{"0":"post-19900","1":"product","2":"type-product","3":"status-publish","4":"has-post-thumbnail","6":"brand-gm-oil-de","7":"product_cat-kfz-produkte","8":"product_tag-front-product-de","10":"first","11":"instock","12":"shipping-taxable","13":"purchasable","14":"product-type-simple"},"acf":[],"_links":{"self":[{"href":"https:\/\/turkmenexporter.com\/de\/wp-json\/wp\/v2\/product\/19900","targetHints":{"allow":["GET"]}}],"collection":[{"href":"https:\/\/turkmenexporter.com\/de\/wp-json\/wp\/v2\/product"}],"about":[{"href":"https:\/\/turkmenexporter.com\/de\/wp-json\/wp\/v2\/types\/product"}],"replies":[{"embeddable":true,"href":"https:\/\/turkmenexporter.com\/de\/wp-json\/wp\/v2\/comments?post=19900"}],"version-history":[{"count":0,"href":"https:\/\/turkmenexporter.com\/de\/wp-json\/wp\/v2\/product\/19900\/revisions"}],"wp:featuredmedia":[{"embeddable":true,"href":"https:\/\/turkmenexporter.com\/de\/wp-json\/wp\/v2\/media\/19800"}],"wp:attachment":[{"href":"https:\/\/turkmenexporter.com\/de\/wp-json\/wp\/v2\/media?parent=19900"}],"wp:term":[{"taxonomy":"brand","embeddable":true,"href":"https:\/\/turkmenexporter.com\/de\/wp-json\/wp\/v2\/brand?post=19900"},{"taxonomy":"product_cat","embeddable":true,"href":"https:\/\/turkmenexporter.com\/de\/wp-json\/wp\/v2\/product_cat?post=19900"},{"taxonomy":"product_tag","embeddable":true,"href":"https:\/\/turkmenexporter.com\/de\/wp-json\/wp\/v2\/product_tag?post=19900"}],"curies":[{"name":"wp","href":"https:\/\/api.w.org\/{rel}","templated":true}]}}