{"id":19902,"date":"2025-09-09T15:27:02","date_gmt":"2025-09-09T10:27:02","guid":{"rendered":"https:\/\/turkmenexporter.com\/product\/mineralisches-schmiermittel-motorol-sae-20w-50\/"},"modified":"2025-09-09T15:27:02","modified_gmt":"2025-09-09T10:27:02","slug":"mineralisches-schmiermittel-motorol-sae-20w-50","status":"publish","type":"product","link":"https:\/\/turkmenexporter.com\/de\/produkt\/mineralisches-schmiermittel-motorol-sae-20w-50\/","title":{"rendered":"Mineralisches Schmiermittel Motor\u00f6l SAE 20W-50<br>"},"content":{"rendered":"<p>Ganzjahres-Mineral\u00f6l f\u00fcr Benzin- und Dieselmotoren. Die mineralische Basis und das ausgewogene Additivpaket erm\u00f6glichen den Einsatz in Motoren mit durchschnittlichem Verschlei\u00df. Sorgt f\u00fcr Stabilit\u00e4t der Viskosit\u00e4tseigenschaften und des Drucks im System. Verf\u00fcgt \u00fcber hohe antioxidative und reinigende Eigenschaften.   <\/p>\n<p> &#8211; Kinematische Viskosit\u00e4t bei 100 \u00b0C mm2\/s, innerhalb von 16,3-21,9<br \/>\n&#8211; Dynamische Viskosit\u00e4t bei minus 15 \u00b0C MPa s, nicht mehr als 9500<br \/>\n&#8211; Viskosit\u00e4tsindex, nicht weniger als 120<br \/>\n&#8211; Pourpoint \u00b0C, nicht h\u00f6her als -15<br \/>\n&#8211; Flammpunkt \u00b0C, nicht weniger als 210<\/p>\n","protected":false},"excerpt":{"rendered":"<p>Mineralisches Motor\u00f6l<br \/>\nErh\u00e4ltlich in Kanistern zu 1 l, 4 l, 5 l und 20 l<br \/>\nJede Box enth\u00e4lt 4 St\u00fcck 5-l-Kanister<br \/>\nJede Palette fasst 70 Boxen mit 5-l-Kanistern<\/p>\n","protected":false},"featured_media":19794,"comment_status":"open","ping_status":"closed","template":"","meta":{"_acf_changed":false},"brand":[1435],"product_cat":[1278],"product_tag":[],"class_list":{"0":"post-19902","1":"product","2":"type-product","3":"status-publish","4":"has-post-thumbnail","6":"brand-gm-oil-de","7":"product_cat-kfz-produkte","9":"first","10":"instock","11":"shipping-taxable","12":"purchasable","13":"product-type-simple"},"acf":[],"_links":{"self":[{"href":"https:\/\/turkmenexporter.com\/de\/wp-json\/wp\/v2\/product\/19902","targetHints":{"allow":["GET"]}}],"collection":[{"href":"https:\/\/turkmenexporter.com\/de\/wp-json\/wp\/v2\/product"}],"about":[{"href":"https:\/\/turkmenexporter.com\/de\/wp-json\/wp\/v2\/types\/product"}],"replies":[{"embeddable":true,"href":"https:\/\/turkmenexporter.com\/de\/wp-json\/wp\/v2\/comments?post=19902"}],"version-history":[{"count":0,"href":"https:\/\/turkmenexporter.com\/de\/wp-json\/wp\/v2\/product\/19902\/revisions"}],"wp:featuredmedia":[{"embeddable":true,"href":"https:\/\/turkmenexporter.com\/de\/wp-json\/wp\/v2\/media\/19794"}],"wp:attachment":[{"href":"https:\/\/turkmenexporter.com\/de\/wp-json\/wp\/v2\/media?parent=19902"}],"wp:term":[{"taxonomy":"brand","embeddable":true,"href":"https:\/\/turkmenexporter.com\/de\/wp-json\/wp\/v2\/brand?post=19902"},{"taxonomy":"product_cat","embeddable":true,"href":"https:\/\/turkmenexporter.com\/de\/wp-json\/wp\/v2\/product_cat?post=19902"},{"taxonomy":"product_tag","embeddable":true,"href":"https:\/\/turkmenexporter.com\/de\/wp-json\/wp\/v2\/product_tag?post=19902"}],"curies":[{"name":"wp","href":"https:\/\/api.w.org\/{rel}","templated":true}]}}