{"id":19903,"date":"2025-09-09T15:27:01","date_gmt":"2025-09-09T10:27:01","guid":{"rendered":"https:\/\/turkmenexporter.com\/product\/mineralol-fur-benzin-und-dieselmotoren-sae-15w-40\/"},"modified":"2025-09-09T15:27:01","modified_gmt":"2025-09-09T10:27:01","slug":"mineralol-fur-benzin-und-dieselmotoren-sae-15w-40","status":"publish","type":"product","link":"https:\/\/turkmenexporter.com\/de\/produkt\/mineralol-fur-benzin-und-dieselmotoren-sae-15w-40\/","title":{"rendered":"Mineral\u00f6l f\u00fcr Benzin- und Dieselmotoren SAE 15W-40"},"content":{"rendered":"<p>Ganzjahres-Mineral\u00f6l f\u00fcr Benzin- und Dieselmotoren. Hergestellt auf Basis eines hochwertigen mineralischen Grund\u00f6ls mit einem ausgewogenen Additivpaket f\u00fcr den Einsatz in Motoren mit unterschiedlicher Laufleistung. Verf\u00fcgt \u00fcber verbesserte Leistungseigenschaften und geringes Ausbrennen. Sch\u00fctzt vor Korrosion.   <\/p>\n<p> \u2013 Kinematische Viskosit\u00e4t bei 100 \u00b0C (mm\u00b2\/s): 12,5\u201316,3<br \/>\n\u2013 Dynamische Viskosit\u00e4t bei minus 20 \u00b0C (MPa s): h\u00f6chstens 7000<br \/>\n\u2013 Viskosit\u00e4tsindex: mindestens 130<br \/>\n\u2013 Pourpoint: h\u00f6chstens -20 \u00b0C<br \/>\n\u2013 Flammpunkt: mindestens 210 \u00b0C<\/p>\n","protected":false},"excerpt":{"rendered":"<p>Mineralisches Motor\u00f6l<br \/>\nErh\u00e4ltlich in Kanistern zu 1 l, 4 l, 5 l und 20 l<br \/>\nJede Box enth\u00e4lt 4 St\u00fcck 5-l-Kanister<br \/>\nJede Palette fasst 70 Boxen mit 5-l-Kanistern<\/p>\n","protected":false},"featured_media":19788,"comment_status":"open","ping_status":"closed","template":"","meta":{"_acf_changed":false},"brand":[1435],"product_cat":[1278],"product_tag":[],"class_list":{"0":"post-19903","1":"product","2":"type-product","3":"status-publish","4":"has-post-thumbnail","6":"brand-gm-oil-de","7":"product_cat-kfz-produkte","9":"first","10":"instock","11":"shipping-taxable","12":"purchasable","13":"product-type-simple"},"acf":[],"_links":{"self":[{"href":"https:\/\/turkmenexporter.com\/de\/wp-json\/wp\/v2\/product\/19903","targetHints":{"allow":["GET"]}}],"collection":[{"href":"https:\/\/turkmenexporter.com\/de\/wp-json\/wp\/v2\/product"}],"about":[{"href":"https:\/\/turkmenexporter.com\/de\/wp-json\/wp\/v2\/types\/product"}],"replies":[{"embeddable":true,"href":"https:\/\/turkmenexporter.com\/de\/wp-json\/wp\/v2\/comments?post=19903"}],"version-history":[{"count":0,"href":"https:\/\/turkmenexporter.com\/de\/wp-json\/wp\/v2\/product\/19903\/revisions"}],"wp:featuredmedia":[{"embeddable":true,"href":"https:\/\/turkmenexporter.com\/de\/wp-json\/wp\/v2\/media\/19788"}],"wp:attachment":[{"href":"https:\/\/turkmenexporter.com\/de\/wp-json\/wp\/v2\/media?parent=19903"}],"wp:term":[{"taxonomy":"brand","embeddable":true,"href":"https:\/\/turkmenexporter.com\/de\/wp-json\/wp\/v2\/brand?post=19903"},{"taxonomy":"product_cat","embeddable":true,"href":"https:\/\/turkmenexporter.com\/de\/wp-json\/wp\/v2\/product_cat?post=19903"},{"taxonomy":"product_tag","embeddable":true,"href":"https:\/\/turkmenexporter.com\/de\/wp-json\/wp\/v2\/product_tag?post=19903"}],"curies":[{"name":"wp","href":"https:\/\/api.w.org\/{rel}","templated":true}]}}