{"id":19904,"date":"2025-09-09T15:27:00","date_gmt":"2025-09-09T10:27:00","guid":{"rendered":"https:\/\/turkmenexporter.com\/product\/vollsynthetisches-motorol-5w-40\/"},"modified":"2025-09-09T15:27:00","modified_gmt":"2025-09-09T10:27:00","slug":"vollsynthetisches-motorol-5w-40","status":"publish","type":"product","link":"https:\/\/turkmenexporter.com\/de\/produkt\/vollsynthetisches-motorol-5w-40\/","title":{"rendered":"Vollsynthetisches Motor\u00f6l 5W-40"},"content":{"rendered":"<p>Vollsynthetisches Ganzjahres\u00f6l f\u00fcr Benzin- und Dieselmotoren. Es wird auf der Basis hochwertiger synthetischer Komponenten und eines Komplexes aus darauf abgestimmten multifunktionalen Additiven hergestellt. Es zeichnet sich durch niedrige Viskosit\u00e4t und hohe Produktivit\u00e4t aus.  <\/p>\n<p> \u2013 Kinematische Viskosit\u00e4t bei 100 \u00b0C (mm\u00b2\/s): 12,5\u201316,3<br \/>\n\u2013 Dynamische Viskosit\u00e4t bei minus 30 \u00b0C (MPa s): h\u00f6chstens 6600<br \/>\n\u2013 Viskosit\u00e4tsindex: mindestens 145<br \/>\n\u2013 Pourpoint: h\u00f6chstens -35 \u00b0C<br \/>\n\u2013 Flammpunkt: mindestens 200 \u00b0C<\/p>\n","protected":false},"excerpt":{"rendered":"<p>Vollsynthetisches Motor\u00f6l<br \/>\nErh\u00e4ltlich in 1-Liter-, 4-Liter- und 5-Liter-Kanistern<br \/>\nJeder Karton enth\u00e4lt 4 5-Liter-Kanister<br \/>\nJede Palette fasst 70 Kartons mit 5-Liter-Kanistern<\/p>\n","protected":false},"featured_media":19782,"comment_status":"open","ping_status":"closed","template":"","meta":{"_acf_changed":false},"brand":[1435],"product_cat":[1278],"product_tag":[],"class_list":{"0":"post-19904","1":"product","2":"type-product","3":"status-publish","4":"has-post-thumbnail","6":"brand-gm-oil-de","7":"product_cat-kfz-produkte","9":"first","10":"instock","11":"shipping-taxable","12":"purchasable","13":"product-type-simple"},"acf":[],"_links":{"self":[{"href":"https:\/\/turkmenexporter.com\/de\/wp-json\/wp\/v2\/product\/19904","targetHints":{"allow":["GET"]}}],"collection":[{"href":"https:\/\/turkmenexporter.com\/de\/wp-json\/wp\/v2\/product"}],"about":[{"href":"https:\/\/turkmenexporter.com\/de\/wp-json\/wp\/v2\/types\/product"}],"replies":[{"embeddable":true,"href":"https:\/\/turkmenexporter.com\/de\/wp-json\/wp\/v2\/comments?post=19904"}],"version-history":[{"count":0,"href":"https:\/\/turkmenexporter.com\/de\/wp-json\/wp\/v2\/product\/19904\/revisions"}],"wp:featuredmedia":[{"embeddable":true,"href":"https:\/\/turkmenexporter.com\/de\/wp-json\/wp\/v2\/media\/19782"}],"wp:attachment":[{"href":"https:\/\/turkmenexporter.com\/de\/wp-json\/wp\/v2\/media?parent=19904"}],"wp:term":[{"taxonomy":"brand","embeddable":true,"href":"https:\/\/turkmenexporter.com\/de\/wp-json\/wp\/v2\/brand?post=19904"},{"taxonomy":"product_cat","embeddable":true,"href":"https:\/\/turkmenexporter.com\/de\/wp-json\/wp\/v2\/product_cat?post=19904"},{"taxonomy":"product_tag","embeddable":true,"href":"https:\/\/turkmenexporter.com\/de\/wp-json\/wp\/v2\/product_tag?post=19904"}],"curies":[{"name":"wp","href":"https:\/\/api.w.org\/{rel}","templated":true}]}}