{"id":19907,"date":"2025-09-09T15:27:00","date_gmt":"2025-09-09T10:27:00","guid":{"rendered":"https:\/\/turkmenexporter.com\/product\/halbsynthetisches-motorol-10w-40\/"},"modified":"2025-09-09T15:27:00","modified_gmt":"2025-09-09T10:27:00","slug":"halbsynthetisches-motorol-10w-40","status":"publish","type":"product","link":"https:\/\/turkmenexporter.com\/de\/produkt\/halbsynthetisches-motorol-10w-40\/","title":{"rendered":"Halbsynthetisches Motor\u00f6l 10W-40"},"content":{"rendered":"<p>Halbsynthetisches Ganzjahres-Motor\u00f6l f\u00fcr Benzin- und Dieselmotoren. Es wird auf Basis hochwertiger synthetischer und mineralischer Grund\u00f6le hergestellt. Ein speziell ausgew\u00e4hltes Paket von Hightech-Additiven sorgt f\u00fcr Kraftstoffersparnis und zuverl\u00e4ssigen Schutz der Motorteile vor Verschlei\u00df und Ablagerungen.  <\/p>\n<p> \u2013 Kinematische Viskosit\u00e4t bei 100 \u00b0C (mm\u00b2\/s): 12,5\u201316,3<br \/>\n\u2013 Dynamische Viskosit\u00e4t bei minus 25 \u00b0C (MPa s): h\u00f6chstens 7000<br \/>\n\u2013 Viskosit\u00e4tsindex: mindestens 130<br \/>\n\u2013 Pourpoint: h\u00f6chstens -30 \u00b0C<br \/>\n\u2013 Flammpunkt: mindestens 210 \u00b0C<\/p>\n","protected":false},"excerpt":{"rendered":"<p>Teilsynthetisches Motor\u00f6l<br \/>\nErh\u00e4ltlich in 1-l-, 4-l-, 5-l- und 20-l-Kanistern<br \/>\nJeder Karton enth\u00e4lt 4 5-l-Kanister<br \/>\nJede Palette fasst 70 Kartons mit 5-l-Kanistern<\/p>\n","protected":false},"featured_media":19806,"comment_status":"open","ping_status":"closed","template":"","meta":{"_acf_changed":false},"brand":[1435],"product_cat":[1278],"product_tag":[],"class_list":{"0":"post-19907","1":"product","2":"type-product","3":"status-publish","4":"has-post-thumbnail","6":"brand-gm-oil-de","7":"product_cat-kfz-produkte","9":"first","10":"instock","11":"shipping-taxable","12":"purchasable","13":"product-type-simple"},"acf":[],"_links":{"self":[{"href":"https:\/\/turkmenexporter.com\/de\/wp-json\/wp\/v2\/product\/19907","targetHints":{"allow":["GET"]}}],"collection":[{"href":"https:\/\/turkmenexporter.com\/de\/wp-json\/wp\/v2\/product"}],"about":[{"href":"https:\/\/turkmenexporter.com\/de\/wp-json\/wp\/v2\/types\/product"}],"replies":[{"embeddable":true,"href":"https:\/\/turkmenexporter.com\/de\/wp-json\/wp\/v2\/comments?post=19907"}],"version-history":[{"count":0,"href":"https:\/\/turkmenexporter.com\/de\/wp-json\/wp\/v2\/product\/19907\/revisions"}],"wp:featuredmedia":[{"embeddable":true,"href":"https:\/\/turkmenexporter.com\/de\/wp-json\/wp\/v2\/media\/19806"}],"wp:attachment":[{"href":"https:\/\/turkmenexporter.com\/de\/wp-json\/wp\/v2\/media?parent=19907"}],"wp:term":[{"taxonomy":"brand","embeddable":true,"href":"https:\/\/turkmenexporter.com\/de\/wp-json\/wp\/v2\/brand?post=19907"},{"taxonomy":"product_cat","embeddable":true,"href":"https:\/\/turkmenexporter.com\/de\/wp-json\/wp\/v2\/product_cat?post=19907"},{"taxonomy":"product_tag","embeddable":true,"href":"https:\/\/turkmenexporter.com\/de\/wp-json\/wp\/v2\/product_tag?post=19907"}],"curies":[{"name":"wp","href":"https:\/\/api.w.org\/{rel}","templated":true}]}}