{"id":20096,"date":"2026-01-12T16:57:57","date_gmt":"2026-01-12T11:57:57","guid":{"rendered":"https:\/\/turkmenexporter.com\/product\/automotive-lead-acid-battery-flink12v-100ah\/"},"modified":"2026-01-12T16:57:57","modified_gmt":"2026-01-12T11:57:57","slug":"automotive-lead-acid-battery-flink12v-100ah","status":"publish","type":"product","link":"https:\/\/turkmenexporter.com\/de\/produkt\/automotive-lead-acid-battery-flink12v-100ah\/","title":{"rendered":"Blei-S\u00e4ure-Batterie f\u00fcr Kraftfahrzeuge Flink12V 100Ah"},"content":{"rendered":"<p data-start=\"317\" data-end=\"604\">Die <strong data-start=\"321\" data-end=\"360\">Menzil 12V 100Ah Autobatterie<\/strong> ist eine hochleistungsf\u00e4hige Blei-S\u00e4ure-Starterbatterie, die f\u00fcr Fahrzeuge mit erh\u00f6htem Strombedarf entwickelt wurde. Dieses Modell eignet sich f\u00fcr Nutzfahrzeuge, Transporter und Transportfahrzeuge, die eine h\u00f6here Reservekapazit\u00e4t und eine stabile Startleistung erfordern. <\/p>\n<ul data-start=\"1400\" data-end=\"1701\">\n<li data-start=\"1400\" data-end=\"1467\">\n<p data-start=\"1402\" data-end=\"1467\"><strong data-start=\"1402\" data-end=\"1435\">Mindestbestellmenge (MOQ):<\/strong> 1.500 Einheiten<\/p>\n<\/li>\n<li data-start=\"1468\" data-end=\"1527\">\n<p data-start=\"1470\" data-end=\"1527\"><strong data-start=\"1470\" data-end=\"1484\">Verpackung:<\/strong> Verpackt in Polyethylen Folie, palettiert<\/p>\n<\/li>\n<li data-start=\"1567\" data-end=\"1605\">\n<p data-start=\"1569\" data-end=\"1605\"><strong data-start=\"1569\" data-end=\"1587\">Zahlungsbedingungen:<\/strong> 100 % Vorauszahlung<\/p>\n<\/li>\n<li data-start=\"1606\" data-end=\"1645\">\n<p data-start=\"1608\" data-end=\"1645\"><strong data-start=\"1608\" data-end=\"1630\">Land des Ursprungs:<\/strong> Turkmenistan<\/p>\n<\/li>\n<\/ul>\n<p data-start=\"1703\" data-end=\"1763\">Vorbereitet f\u00fcr Massengut Export Sendungen und palettierte Logistik.<\/p>\n<p data-start=\"606\" data-end=\"747\">Hergestellt in Turkmenistan, die Batterie ist bestimmt f\u00fcr a6&gt; Gro\u00dfhandelsvertrieb und Export an regionale und internationale B2B-M\u00e4rkte.<\/p>\n","protected":false},"excerpt":{"rendered":"<p>Menzil 12 V 100 Ah Blei-S\u00e4ure-Autobatterie f\u00fcr Nutz- und Dienstfahrzeuge.<\/p>\n<div class=\"flex flex-col text-sm pb-25\">\n<article class=\"text-token-text-primary w-full focus:outline-none [--shadow-height:45px] has-data-writing-block:pointer-events-none has-data-writing-block:-mt-(--shadow-height) has-data-writing-block:pt-(--shadow-height) [&amp;:has([data-writing-block])&gt;*]:pointer-events-auto scroll-mt-[calc(var(--header-height)+min(200px,max(70px,20svh)))]\" dir=\"auto\" data-turn-id=\"49873057-7f6d-495e-afc5-646eaec33e23\" data-testid=\"conversation-turn-134\" data-scroll-anchor=\"true\" data-turn=\"assistant\">\n<div class=\"text-base my-auto mx-auto pb-10 [--thread-content-margin:--spacing(4)] @w-sm\/main:[--thread-content-margin:--spacing(6)] @w-lg\/main:[--thread-content-margin:--spacing(16)] px-(--thread-content-margin)\">\n<div class=\"[--thread-content-max-width:40rem] @w-lg\/main:[--thread-content-max-width:48rem] mx-auto max-w-(--thread-content-max-width) flex-1 group\/turn-messages focus-visible:outline-hidden relative flex w-full min-w-0 flex-col agent-turn\">\n<div class=\"flex max-w-full flex-col grow\">\n<div class=\"min-h-8 text-message relative flex w-full flex-col items-end gap-2 text-start break-words whitespace-normal [.text-message+&amp;]:mt-1\" dir=\"auto\" data-message-author-role=\"assistant\" data-message-id=\"de9bdc8b-7abf-4a79-93b0-d5030ff73aba\" data-message-model-slug=\"gpt-5-2\">\n<div class=\"flex w-full flex-col gap-1 empty:hidden first:pt-[1px]\">\n<div class=\"markdown prose dark:prose-invert w-full break-words dark markdown-new-styling\">\n<p data-start=\"0\" data-end=\"60\" data-is-last-node=\"\" data-is-only-node=\"\">Der genaue Preis muss noch mit dem Hersteller best\u00e4tigt werden.<\/p>\n<\/div>\n<\/div>\n<\/div>\n<\/div>\n<\/div>\n<\/div>\n<\/article>\n<\/div>\n<ul>\n<li data-start=\"840\" data-end=\"868\">\n<p data-start=\"842\" data-end=\"868\"><strong data-start=\"842\" data-end=\"862\">Nennspannung:<\/strong> 12 V<\/p>\n<\/li>\n<li data-start=\"869\" data-end=\"893\">\n<p data-start=\"871\" data-end=\"893\"><strong data-start=\"871\" data-end=\"884\">Kapazit\u00e4t:<\/strong> 100 Ah<\/p>\n<\/li>\n<li data-start=\"985\" data-end=\"1023\">\n<p data-start=\"987\" data-end=\"1023\"><strong data-start=\"987\" data-end=\"1002\">Abmessungen:<\/strong> 300 \u00d7 180 \u00d7 210 mm<\/p>\n<\/li>\n<\/ul>\n<p>Exportfertig, palettiert, Lieferung aus Turkmenistan.<\/p>\n","protected":false},"featured_media":20052,"comment_status":"open","ping_status":"closed","template":"","meta":{"_acf_changed":false},"brand":[1457],"product_cat":[1278],"product_tag":[849],"class_list":{"0":"post-20096","1":"product","2":"type-product","3":"status-publish","4":"has-post-thumbnail","6":"brand-hindiwar","7":"product_cat-kfz-produkte","8":"product_tag-front-product-de","10":"first","11":"instock","12":"shipping-taxable","13":"product-type-simple"},"acf":[],"_links":{"self":[{"href":"https:\/\/turkmenexporter.com\/de\/wp-json\/wp\/v2\/product\/20096","targetHints":{"allow":["GET"]}}],"collection":[{"href":"https:\/\/turkmenexporter.com\/de\/wp-json\/wp\/v2\/product"}],"about":[{"href":"https:\/\/turkmenexporter.com\/de\/wp-json\/wp\/v2\/types\/product"}],"replies":[{"embeddable":true,"href":"https:\/\/turkmenexporter.com\/de\/wp-json\/wp\/v2\/comments?post=20096"}],"version-history":[{"count":0,"href":"https:\/\/turkmenexporter.com\/de\/wp-json\/wp\/v2\/product\/20096\/revisions"}],"wp:featuredmedia":[{"embeddable":true,"href":"https:\/\/turkmenexporter.com\/de\/wp-json\/wp\/v2\/media\/20052"}],"wp:attachment":[{"href":"https:\/\/turkmenexporter.com\/de\/wp-json\/wp\/v2\/media?parent=20096"}],"wp:term":[{"taxonomy":"brand","embeddable":true,"href":"https:\/\/turkmenexporter.com\/de\/wp-json\/wp\/v2\/brand?post=20096"},{"taxonomy":"product_cat","embeddable":true,"href":"https:\/\/turkmenexporter.com\/de\/wp-json\/wp\/v2\/product_cat?post=20096"},{"taxonomy":"product_tag","embeddable":true,"href":"https:\/\/turkmenexporter.com\/de\/wp-json\/wp\/v2\/product_tag?post=20096"}],"curies":[{"name":"wp","href":"https:\/\/api.w.org\/{rel}","templated":true}]}}