{"id":20098,"date":"2026-01-12T16:47:26","date_gmt":"2026-01-12T11:47:26","guid":{"rendered":"https:\/\/turkmenexporter.com\/product\/automobil-blei-saeure-batterie-menzil-12v-75ah\/"},"modified":"2026-01-12T16:47:26","modified_gmt":"2026-01-12T11:47:26","slug":"automobil-blei-saeure-batterie-menzil-12v-75ah","status":"publish","type":"product","link":"https:\/\/turkmenexporter.com\/de\/produkt\/automobil-blei-saeure-batterie-menzil-12v-75ah\/","title":{"rendered":"Blei-S\u00e4ure-Batterie f\u00fcr Kraftfahrzeuge Menzil 12 V 75 Ah"},"content":{"rendered":"<p data-start=\"284\" data-end=\"593\">Die <strong data-start=\"288\" data-end=\"326\">Menzil 12V 75Ah Autobatterie Batterie<\/strong> ist a7&gt; eine Blei-S\u00e4ure-Starterbatterie Batterie entwickelt f\u00fcr Fahrzeuge mit erh\u00f6htem a13&gt; erh\u00f6hte Startleistung und eine h\u00f6here Energiereserve ben\u00f6tigen. Dieses Modell ist geeignet f\u00fcr Personenkraftwagen und leichte Nutzfahrzeuge und a31&gt; Nutzfahrzeuge f\u00fcr den Transport unter normalen und m\u00e4\u00dfig anspruchsvollen Bedingungen geeignet. <\/p>\n<ul data-start=\"1511\" data-end=\"1811\">\n<li data-start=\"1511\" data-end=\"1578\">\n<p data-start=\"1513\" data-end=\"1578\"><strong data-start=\"1513\" data-end=\"1546\">Mindestbestellmenge (MOQ):<\/strong> 1.500 Einheiten (ca. 25 Tonnen)<\/p>\n<\/li>\n<li data-start=\"1579\" data-end=\"1638\">\n<p data-start=\"1581\" data-end=\"1638\"><strong data-start=\"1581\" data-end=\"1595\">Verpackung:<\/strong> Verpackt in Polyethylen Folie, palettiert<\/p>\n<\/li>\n<li data-start=\"1639\" data-end=\"1677\"><strong data-start=\"1680\" data-end=\"1698\">Zahlungsbedingungen:<\/strong> 100 % Vorauszahlung<\/li>\n<li data-start=\"1717\" data-end=\"1756\">\n<p data-start=\"1719\" data-end=\"1756\"><strong data-start=\"1719\" data-end=\"1741\">Land des Ursprungs:<\/strong> Turkmenistan<\/p>\n<\/li>\n<\/ul>\n<p>Das Produkt wird f\u00fcr den Gro\u00dfhandel a6&gt; Export Lieferungen und optimiert f\u00fcr den Palettentransport geeignet. Hergestellt in Turkmenistan, die Batterie ist konzipiert f\u00fcr exportorientierte Lieferungen, bietet eine gleichbleibende Leistung und praktische Spezifikationen f\u00fcr Vertriebsh\u00e4ndler und Gro\u00dfhandelsabnehmer anbietet. <\/p>\n","protected":false},"excerpt":{"rendered":"<p>Menzil 12 V 75 Ah Blei-S\u00e4ure-Autobatterie f\u00fcr PKWs und leichte Nutzfahrzeuge a9&gt;.<\/p>\n<ul>\n<li data-start=\"879\" data-end=\"907\">\n<p data-start=\"881\" data-end=\"907\"><strong data-start=\"881\" data-end=\"901\">Nennspannung:<\/strong> 12 V<\/p>\n<\/li>\n<li data-start=\"908\" data-end=\"931\">\n<p data-start=\"910\" data-end=\"931\"><strong data-start=\"910\" data-end=\"923\">Kapazit\u00e4t:<\/strong> 75 Ah<\/p>\n<\/li>\n<li data-start=\"985\" data-end=\"1023\">\n<p data-start=\"987\" data-end=\"1023\"><strong data-start=\"987\" data-end=\"1002\">Abmessungen:<\/strong> 260 \u00d7 170 \u00d7 220 mm<\/p>\n<\/li>\n<li data-start=\"1024\" data-end=\"1053\">\n<p data-start=\"1026\" data-end=\"1053\"><strong data-start=\"1026\" data-end=\"1037\">Gewicht:<\/strong> ca. 20 kg <\/p>\n<\/li>\n<\/ul>\n","protected":false},"featured_media":20038,"comment_status":"open","ping_status":"closed","template":"","meta":{"_acf_changed":false},"brand":[1457],"product_cat":[1278],"product_tag":[],"class_list":{"0":"post-20098","1":"product","2":"type-product","3":"status-publish","4":"has-post-thumbnail","6":"brand-hindiwar","7":"product_cat-kfz-produkte","9":"first","10":"instock","11":"shipping-taxable","12":"purchasable","13":"product-type-simple"},"acf":[],"_links":{"self":[{"href":"https:\/\/turkmenexporter.com\/de\/wp-json\/wp\/v2\/product\/20098","targetHints":{"allow":["GET"]}}],"collection":[{"href":"https:\/\/turkmenexporter.com\/de\/wp-json\/wp\/v2\/product"}],"about":[{"href":"https:\/\/turkmenexporter.com\/de\/wp-json\/wp\/v2\/types\/product"}],"replies":[{"embeddable":true,"href":"https:\/\/turkmenexporter.com\/de\/wp-json\/wp\/v2\/comments?post=20098"}],"version-history":[{"count":0,"href":"https:\/\/turkmenexporter.com\/de\/wp-json\/wp\/v2\/product\/20098\/revisions"}],"wp:featuredmedia":[{"embeddable":true,"href":"https:\/\/turkmenexporter.com\/de\/wp-json\/wp\/v2\/media\/20038"}],"wp:attachment":[{"href":"https:\/\/turkmenexporter.com\/de\/wp-json\/wp\/v2\/media?parent=20098"}],"wp:term":[{"taxonomy":"brand","embeddable":true,"href":"https:\/\/turkmenexporter.com\/de\/wp-json\/wp\/v2\/brand?post=20098"},{"taxonomy":"product_cat","embeddable":true,"href":"https:\/\/turkmenexporter.com\/de\/wp-json\/wp\/v2\/product_cat?post=20098"},{"taxonomy":"product_tag","embeddable":true,"href":"https:\/\/turkmenexporter.com\/de\/wp-json\/wp\/v2\/product_tag?post=20098"}],"curies":[{"name":"wp","href":"https:\/\/api.w.org\/{rel}","templated":true}]}}