{"id":2349,"date":"2024-01-20T00:38:57","date_gmt":"2024-01-19T19:38:57","guid":{"rendered":"https:\/\/turkmenexporter.com\/product\/geroestete-sonnenblumenkerne\/"},"modified":"2024-09-17T19:29:28","modified_gmt":"2024-09-17T14:29:28","slug":"geroestete-sonnenblumenkerne","status":"publish","type":"product","link":"https:\/\/turkmenexporter.com\/de\/produkt\/geroestete-sonnenblumenkerne\/","title":{"rendered":"Ger\u00f6stete Sonnenblumenkerne"},"content":{"rendered":"<p>Ger\u00f6stete Sonnenblumenkerne ungesalzen. Zutaten: Sonnenblumenkerne. N\u00e4hrwert pro 100 g des Produkts: Eiwei\u00df 19,3 g, Fett 49,8 g, Kohlenhydrate 24,1 g, Energiewert 622 kcal. Lagerbedingungen: Lagerung bei +20\u00baC und einer relativen Luftfeuchtigkeit von h\u00f6chstens 70%. Haltbarkeitsdauer: 10 Monate. Das Herstellungs- und Verfallsdatum ist auf der Verpackung angegeben. An einem k\u00fchlen und trockenen Ort aufbewahren. Zertifiziertes Produkt.<\/p>\n<p>Boxvolumen: 0,019 M3<br \/>\nBruttogewicht des Kartons: 1,7 kg<\/p>\n","protected":false},"excerpt":{"rendered":"<p>Ger\u00f6stete Sonnenblumenkerne in Packungen zu 30 g<br \/>\n40 Packungen in einer Schachtel.<\/p>\n","protected":false},"featured_media":2678,"comment_status":"open","ping_status":"closed","template":"","meta":{"_acf_changed":false},"brand":[270],"product_cat":[260],"product_tag":[849],"class_list":{"0":"post-2349","1":"product","2":"type-product","3":"status-publish","4":"has-post-thumbnail","6":"brand-altyn-yunus-de","7":"product_cat-sonnenblumenkerne","8":"product_tag-front-product-de","10":"first","11":"instock","12":"shipping-taxable","13":"purchasable","14":"product-type-simple"},"acf":[],"_links":{"self":[{"href":"https:\/\/turkmenexporter.com\/de\/wp-json\/wp\/v2\/product\/2349","targetHints":{"allow":["GET"]}}],"collection":[{"href":"https:\/\/turkmenexporter.com\/de\/wp-json\/wp\/v2\/product"}],"about":[{"href":"https:\/\/turkmenexporter.com\/de\/wp-json\/wp\/v2\/types\/product"}],"replies":[{"embeddable":true,"href":"https:\/\/turkmenexporter.com\/de\/wp-json\/wp\/v2\/comments?post=2349"}],"version-history":[{"count":2,"href":"https:\/\/turkmenexporter.com\/de\/wp-json\/wp\/v2\/product\/2349\/revisions"}],"predecessor-version":[{"id":3346,"href":"https:\/\/turkmenexporter.com\/de\/wp-json\/wp\/v2\/product\/2349\/revisions\/3346"}],"wp:featuredmedia":[{"embeddable":true,"href":"https:\/\/turkmenexporter.com\/de\/wp-json\/wp\/v2\/media\/2678"}],"wp:attachment":[{"href":"https:\/\/turkmenexporter.com\/de\/wp-json\/wp\/v2\/media?parent=2349"}],"wp:term":[{"taxonomy":"brand","embeddable":true,"href":"https:\/\/turkmenexporter.com\/de\/wp-json\/wp\/v2\/brand?post=2349"},{"taxonomy":"product_cat","embeddable":true,"href":"https:\/\/turkmenexporter.com\/de\/wp-json\/wp\/v2\/product_cat?post=2349"},{"taxonomy":"product_tag","embeddable":true,"href":"https:\/\/turkmenexporter.com\/de\/wp-json\/wp\/v2\/product_tag?post=2349"}],"curies":[{"name":"wp","href":"https:\/\/api.w.org\/{rel}","templated":true}]}}