{"id":3324,"date":"2024-02-07T20:53:40","date_gmt":"2024-02-07T15:53:40","guid":{"rendered":"https:\/\/turkmenexporter.com\/?post_type=product&#038;p=3324"},"modified":"2024-09-17T19:29:27","modified_gmt":"2024-09-17T14:29:27","slug":"geroestete-gesalzene-sonnenblumenkerne","status":"publish","type":"product","link":"https:\/\/turkmenexporter.com\/de\/produkt\/geroestete-gesalzene-sonnenblumenkerne\/","title":{"rendered":"Ger\u00f6stete, gesalzene Sonnenblumenkerne"},"content":{"rendered":"<p>Ger\u00f6stete, gesalzene Sonnenblumenkerne. Zutaten: Sonnenblumenkerne, Speisesalz. N\u00e4hrwert pro 100 g des Produkts: Eiwei\u00df 19,3 g, Fett 49,8 g, Kohlenhydrate 24,1 g, Energiewert 622 kcal. Lagerungsbedingungen: bei +20\u00baC und einer relativen Luftfeuchtigkeit von nicht mehr als 70% lagern. Das Herstellungs- und Verfallsdatum ist auf der Verpackung angegeben. An einem k\u00fchlen und trockenen Ort aufbewahren. Zertifiziertes Produkt.<\/p>\n<p>Boxvolumen: 0,019 M3<br \/>\nBruttogewicht des Kartons: 1,7 kg<\/p>\n","protected":false},"excerpt":{"rendered":"<p>Ger\u00f6stete, gesalzene Sonnenblumenkerne in der 30-g-Packung<br \/>\n40 Packungen in einer Schachtel<\/p>\n","protected":false},"featured_media":3330,"comment_status":"open","ping_status":"closed","template":"","meta":{"_acf_changed":false},"brand":[270],"product_cat":[260],"product_tag":[849],"class_list":{"0":"post-3324","1":"product","2":"type-product","3":"status-publish","4":"has-post-thumbnail","6":"brand-altyn-yunus-de","7":"product_cat-sonnenblumenkerne","8":"product_tag-front-product-de","10":"first","11":"instock","12":"shipping-taxable","13":"purchasable","14":"product-type-simple"},"acf":[],"_links":{"self":[{"href":"https:\/\/turkmenexporter.com\/de\/wp-json\/wp\/v2\/product\/3324","targetHints":{"allow":["GET"]}}],"collection":[{"href":"https:\/\/turkmenexporter.com\/de\/wp-json\/wp\/v2\/product"}],"about":[{"href":"https:\/\/turkmenexporter.com\/de\/wp-json\/wp\/v2\/types\/product"}],"replies":[{"embeddable":true,"href":"https:\/\/turkmenexporter.com\/de\/wp-json\/wp\/v2\/comments?post=3324"}],"version-history":[{"count":2,"href":"https:\/\/turkmenexporter.com\/de\/wp-json\/wp\/v2\/product\/3324\/revisions"}],"predecessor-version":[{"id":3344,"href":"https:\/\/turkmenexporter.com\/de\/wp-json\/wp\/v2\/product\/3324\/revisions\/3344"}],"wp:featuredmedia":[{"embeddable":true,"href":"https:\/\/turkmenexporter.com\/de\/wp-json\/wp\/v2\/media\/3330"}],"wp:attachment":[{"href":"https:\/\/turkmenexporter.com\/de\/wp-json\/wp\/v2\/media?parent=3324"}],"wp:term":[{"taxonomy":"brand","embeddable":true,"href":"https:\/\/turkmenexporter.com\/de\/wp-json\/wp\/v2\/brand?post=3324"},{"taxonomy":"product_cat","embeddable":true,"href":"https:\/\/turkmenexporter.com\/de\/wp-json\/wp\/v2\/product_cat?post=3324"},{"taxonomy":"product_tag","embeddable":true,"href":"https:\/\/turkmenexporter.com\/de\/wp-json\/wp\/v2\/product_tag?post=3324"}],"curies":[{"name":"wp","href":"https:\/\/api.w.org\/{rel}","templated":true}]}}