{"id":3496,"date":"2024-02-08T07:12:17","date_gmt":"2024-02-08T02:12:17","guid":{"rendered":"https:\/\/turkmenexporter.com\/?post_type=product&#038;p=3496"},"modified":"2024-09-17T19:29:24","modified_gmt":"2024-09-17T14:29:24","slug":"geroestete-gesalzene-kuerbiskerne","status":"publish","type":"product","link":"https:\/\/turkmenexporter.com\/de\/produkt\/geroestete-gesalzene-kuerbiskerne\/","title":{"rendered":"Ger\u00f6stete gesalzene K\u00fcrbiskerne"},"content":{"rendered":"<p>Ger\u00f6stete und gesalzene K\u00fcrbiskerne. Zutaten: K\u00fcrbiskerne, Salz. N\u00e4hrwert pro 100 g des Produkts: Eiwei\u00df 29,0 g, Fett 13,1 g, Kohlenhydrate 46,7 g, Energiewert 589 kcal. Lagerbedingungen: Lagerung bei +20\u00baC \u00b15\u00baC und einer relativen Luftfeuchtigkeit von h\u00f6chstens 70%. Das Herstellungs- und Verfallsdatum ist auf der Verpackung angegeben. An einem k\u00fchlen und trockenen Ort aufbewahren. Zertifiziertes Produkt.<\/p>\n<ul>\n<li>Boxvolumen: 0,019 M3<\/li>\n<li>Bruttogewicht des Kartons: 1,7 kg<\/li>\n<li>Haltbarkeitsdauer: 10 Monate<\/li>\n<\/ul>\n","protected":false},"excerpt":{"rendered":"<p>Ger\u00f6stete, gesalzene K\u00fcrbiskerne in Packungen zu 30 g<br \/>\n40 Packungen in einer Schachtel<\/p>\n","protected":false},"featured_media":3502,"comment_status":"open","ping_status":"closed","template":"","meta":{"_acf_changed":false},"brand":[270],"product_cat":[283],"product_tag":[849],"class_list":{"0":"post-3496","1":"product","2":"type-product","3":"status-publish","4":"has-post-thumbnail","6":"brand-altyn-yunus-de","7":"product_cat-kuerbiskerne","8":"product_tag-front-product-de","10":"first","11":"instock","12":"shipping-taxable","13":"purchasable","14":"product-type-simple"},"acf":[],"_links":{"self":[{"href":"https:\/\/turkmenexporter.com\/de\/wp-json\/wp\/v2\/product\/3496","targetHints":{"allow":["GET"]}}],"collection":[{"href":"https:\/\/turkmenexporter.com\/de\/wp-json\/wp\/v2\/product"}],"about":[{"href":"https:\/\/turkmenexporter.com\/de\/wp-json\/wp\/v2\/types\/product"}],"replies":[{"embeddable":true,"href":"https:\/\/turkmenexporter.com\/de\/wp-json\/wp\/v2\/comments?post=3496"}],"version-history":[{"count":2,"href":"https:\/\/turkmenexporter.com\/de\/wp-json\/wp\/v2\/product\/3496\/revisions"}],"predecessor-version":[{"id":3514,"href":"https:\/\/turkmenexporter.com\/de\/wp-json\/wp\/v2\/product\/3496\/revisions\/3514"}],"wp:featuredmedia":[{"embeddable":true,"href":"https:\/\/turkmenexporter.com\/de\/wp-json\/wp\/v2\/media\/3502"}],"wp:attachment":[{"href":"https:\/\/turkmenexporter.com\/de\/wp-json\/wp\/v2\/media?parent=3496"}],"wp:term":[{"taxonomy":"brand","embeddable":true,"href":"https:\/\/turkmenexporter.com\/de\/wp-json\/wp\/v2\/brand?post=3496"},{"taxonomy":"product_cat","embeddable":true,"href":"https:\/\/turkmenexporter.com\/de\/wp-json\/wp\/v2\/product_cat?post=3496"},{"taxonomy":"product_tag","embeddable":true,"href":"https:\/\/turkmenexporter.com\/de\/wp-json\/wp\/v2\/product_tag?post=3496"}],"curies":[{"name":"wp","href":"https:\/\/api.w.org\/{rel}","templated":true}]}}