{"id":3579,"date":"2024-02-08T07:59:07","date_gmt":"2024-02-08T02:59:07","guid":{"rendered":"https:\/\/turkmenexporter.com\/?post_type=product&#038;p=3579"},"modified":"2024-09-17T19:29:23","modified_gmt":"2024-09-17T14:29:23","slug":"geroestete-gesalzene-erdnuesse","status":"publish","type":"product","link":"https:\/\/turkmenexporter.com\/de\/produkt\/geroestete-gesalzene-erdnuesse\/","title":{"rendered":"Ger\u00f6stete gesalzene Erdn\u00fcsse"},"content":{"rendered":"<p>Ger\u00f6stete und gesalzene Erdn\u00fcsse. Zutaten: Erdnuss, Salz. N\u00e4hrwert pro 100 g des Produkts: Eiwei\u00df 26 g, Fett 48,1 g, Kohlenhydrate 8,6 g, Energiewert 571,3 kcal. Lagerungsbedingungen: Lagerung bei +20\u00baC und einer relativen Luftfeuchtigkeit von h\u00f6chstens 70%. Das Herstellungs- und Verfallsdatum ist auf der Verpackung angegeben. An einem k\u00fchlen und trockenen Ort aufbewahren. Zertifiziertes Produkt.<\/p>\n<ul>\n<li>Boxvolumen: 0,019 M3<\/li>\n<li>Bruttogewicht des Kartons: 1,7 kg<\/li>\n<li>Haltbarkeitsdauer: 10 Monate<\/li>\n<\/ul>\n","protected":false},"excerpt":{"rendered":"<p>Ger\u00f6stete gesalzene Erdn\u00fcsse in Packungen zu 30 g<br \/>\n40 Packungen in einer Schachtel<\/p>\n","protected":false},"featured_media":3585,"comment_status":"open","ping_status":"closed","template":"","meta":{"_acf_changed":false},"brand":[270],"product_cat":[307],"product_tag":[849],"class_list":{"0":"post-3579","1":"product","2":"type-product","3":"status-publish","4":"has-post-thumbnail","6":"brand-altyn-yunus-de","7":"product_cat-erdnusse","8":"product_tag-front-product-de","10":"first","11":"instock","12":"shipping-taxable","13":"purchasable","14":"product-type-simple"},"acf":[],"_links":{"self":[{"href":"https:\/\/turkmenexporter.com\/de\/wp-json\/wp\/v2\/product\/3579","targetHints":{"allow":["GET"]}}],"collection":[{"href":"https:\/\/turkmenexporter.com\/de\/wp-json\/wp\/v2\/product"}],"about":[{"href":"https:\/\/turkmenexporter.com\/de\/wp-json\/wp\/v2\/types\/product"}],"replies":[{"embeddable":true,"href":"https:\/\/turkmenexporter.com\/de\/wp-json\/wp\/v2\/comments?post=3579"}],"version-history":[{"count":2,"href":"https:\/\/turkmenexporter.com\/de\/wp-json\/wp\/v2\/product\/3579\/revisions"}],"predecessor-version":[{"id":3596,"href":"https:\/\/turkmenexporter.com\/de\/wp-json\/wp\/v2\/product\/3579\/revisions\/3596"}],"wp:featuredmedia":[{"embeddable":true,"href":"https:\/\/turkmenexporter.com\/de\/wp-json\/wp\/v2\/media\/3585"}],"wp:attachment":[{"href":"https:\/\/turkmenexporter.com\/de\/wp-json\/wp\/v2\/media?parent=3579"}],"wp:term":[{"taxonomy":"brand","embeddable":true,"href":"https:\/\/turkmenexporter.com\/de\/wp-json\/wp\/v2\/brand?post=3579"},{"taxonomy":"product_cat","embeddable":true,"href":"https:\/\/turkmenexporter.com\/de\/wp-json\/wp\/v2\/product_cat?post=3579"},{"taxonomy":"product_tag","embeddable":true,"href":"https:\/\/turkmenexporter.com\/de\/wp-json\/wp\/v2\/product_tag?post=3579"}],"curies":[{"name":"wp","href":"https:\/\/api.w.org\/{rel}","templated":true}]}}