{"id":3736,"date":"2024-02-09T05:39:28","date_gmt":"2024-02-09T00:39:28","guid":{"rendered":"https:\/\/turkmenexporter.com\/?post_type=product&#038;p=3736"},"modified":"2024-09-17T19:29:18","modified_gmt":"2024-09-17T14:29:18","slug":"lutscher-mit-cola-geschmack","status":"publish","type":"product","link":"https:\/\/turkmenexporter.com\/de\/produkt\/lutscher-mit-cola-geschmack\/","title":{"rendered":"Lutscher mit Cola-Geschmack und Kaugummi"},"content":{"rendered":"<p>Lutscher mit Colageschmack und Kaugummi &#8222;Melek&#8220;. Zutaten: Zucker, Glukosesirup, nat\u00fcrliches &#8222;Cola&#8220;-Aroma, Zitronens\u00e4ure (E330), Apfels\u00e4ure (E296), nat\u00fcrlicher Lebensmittelfarbstoff &#8222;Natural blue&#8220;, Kaugummi mit Cola-Aroma. N\u00e4hrwert pro 100 g Produkt: Kohlenhydrate &#8211; 93,3 g. Energiewert &#8211; 392 kcal. Das Herstellungs- und Verfallsdatum ist auf der Verpackung angegeben. Lagerungsbedingungen: bei 18\u00b13\u00baC und einer relativen Luftfeuchtigkeit von max. 75% lagern. Nicht-GMO. An einem k\u00fchlen und trockenen Ort aufbewahren. Zertifiziertes Produkt.<\/p>\n<ul>\n<li>Boxvolumen: 0,044 M3<\/li>\n<li>Bruttogewicht der Kiste: 15,5 kg<\/li>\n<li>Haltbarkeitsdauer: 18 Monate<\/li>\n<\/ul>\n","protected":false},"excerpt":{"rendered":"<p>Lutscher mit Cola-Geschmack und Kaugummi 12 g. 100 St\u00fcck in einem Block.<br \/>\n12 Bl\u00f6cke in einer Schachtel. Der angegebene Preis gilt f\u00fcr 1 Block.<\/p>\n","protected":false},"featured_media":3742,"comment_status":"open","ping_status":"closed","template":"","meta":{"_acf_changed":false},"brand":[270],"product_cat":[302],"product_tag":[849],"class_list":{"0":"post-3736","1":"product","2":"type-product","3":"status-publish","4":"has-post-thumbnail","6":"brand-altyn-yunus-de","7":"product_cat-bonbons","8":"product_tag-front-product-de","10":"first","11":"instock","12":"shipping-taxable","13":"purchasable","14":"product-type-simple"},"acf":[],"_links":{"self":[{"href":"https:\/\/turkmenexporter.com\/de\/wp-json\/wp\/v2\/product\/3736","targetHints":{"allow":["GET"]}}],"collection":[{"href":"https:\/\/turkmenexporter.com\/de\/wp-json\/wp\/v2\/product"}],"about":[{"href":"https:\/\/turkmenexporter.com\/de\/wp-json\/wp\/v2\/types\/product"}],"replies":[{"embeddable":true,"href":"https:\/\/turkmenexporter.com\/de\/wp-json\/wp\/v2\/comments?post=3736"}],"version-history":[{"count":2,"href":"https:\/\/turkmenexporter.com\/de\/wp-json\/wp\/v2\/product\/3736\/revisions"}],"predecessor-version":[{"id":3781,"href":"https:\/\/turkmenexporter.com\/de\/wp-json\/wp\/v2\/product\/3736\/revisions\/3781"}],"wp:featuredmedia":[{"embeddable":true,"href":"https:\/\/turkmenexporter.com\/de\/wp-json\/wp\/v2\/media\/3742"}],"wp:attachment":[{"href":"https:\/\/turkmenexporter.com\/de\/wp-json\/wp\/v2\/media?parent=3736"}],"wp:term":[{"taxonomy":"brand","embeddable":true,"href":"https:\/\/turkmenexporter.com\/de\/wp-json\/wp\/v2\/brand?post=3736"},{"taxonomy":"product_cat","embeddable":true,"href":"https:\/\/turkmenexporter.com\/de\/wp-json\/wp\/v2\/product_cat?post=3736"},{"taxonomy":"product_tag","embeddable":true,"href":"https:\/\/turkmenexporter.com\/de\/wp-json\/wp\/v2\/product_tag?post=3736"}],"curies":[{"name":"wp","href":"https:\/\/api.w.org\/{rel}","templated":true}]}}