{"id":3754,"date":"2024-02-09T05:43:28","date_gmt":"2024-02-09T00:43:28","guid":{"rendered":"https:\/\/turkmenexporter.com\/?post_type=product&#038;p=3754"},"modified":"2024-09-17T19:29:18","modified_gmt":"2024-09-17T14:29:18","slug":"lutscher-mit-apfelgeschmack-und-kaugummi","status":"publish","type":"product","link":"https:\/\/turkmenexporter.com\/de\/produkt\/lutscher-mit-apfelgeschmack-und-kaugummi\/","title":{"rendered":"Lutscher mit Apfelgeschmack und Kaugummi"},"content":{"rendered":"<p>Lutscher &#8222;Melek&#8220; mit Apfelgeschmack und Kaugummi. Zutaten: Zucker, Glukosesirup, nat\u00fcrliches &#8222;Apfel&#8220;-Aroma, Zitronens\u00e4ure (E330), Apfels\u00e4ure (E296), nat\u00fcrlicher Lebensmittelfarbstoff (E140), Kaugummi mit Apfelgeschmack. N\u00e4hrwert pro 100 g Produkt: Kohlenhydrate &#8211; 93,3 g. Energiewert &#8211; 392 kcal. Das Herstellungs- und Verfallsdatum ist auf der Verpackung angegeben. Lagerungsbedingungen: bei 18\u00b13\u00baC und einer relativen Luftfeuchtigkeit von max. 75% lagern. Nicht-GMO. An einem k\u00fchlen und trockenen Ort aufbewahren. Zertifiziertes Produkt.<\/p>\n<ul>\n<li>Boxvolumen: 0,044 M3<\/li>\n<li>Bruttogewicht der Kiste: 15,5 kg<\/li>\n<li>Haltbarkeitsdauer: 18 Monate<\/li>\n<\/ul>\n","protected":false},"excerpt":{"rendered":"<p>Lutscher mit Apfelgeschmack und Kaugummi 12 g. 100 St\u00fcck in einem Block.<br \/>\n12 Bl\u00f6cke in einer Schachtel. Der angegebene Preis gilt f\u00fcr 1 Block.<\/p>\n","protected":false},"featured_media":3760,"comment_status":"open","ping_status":"closed","template":"","meta":{"_acf_changed":false},"brand":[270],"product_cat":[302],"product_tag":[],"class_list":{"0":"post-3754","1":"product","2":"type-product","3":"status-publish","4":"has-post-thumbnail","6":"brand-altyn-yunus-de","7":"product_cat-bonbons","9":"first","10":"instock","11":"shipping-taxable","12":"purchasable","13":"product-type-simple"},"acf":[],"_links":{"self":[{"href":"https:\/\/turkmenexporter.com\/de\/wp-json\/wp\/v2\/product\/3754","targetHints":{"allow":["GET"]}}],"collection":[{"href":"https:\/\/turkmenexporter.com\/de\/wp-json\/wp\/v2\/product"}],"about":[{"href":"https:\/\/turkmenexporter.com\/de\/wp-json\/wp\/v2\/types\/product"}],"replies":[{"embeddable":true,"href":"https:\/\/turkmenexporter.com\/de\/wp-json\/wp\/v2\/comments?post=3754"}],"version-history":[{"count":2,"href":"https:\/\/turkmenexporter.com\/de\/wp-json\/wp\/v2\/product\/3754\/revisions"}],"predecessor-version":[{"id":3786,"href":"https:\/\/turkmenexporter.com\/de\/wp-json\/wp\/v2\/product\/3754\/revisions\/3786"}],"wp:featuredmedia":[{"embeddable":true,"href":"https:\/\/turkmenexporter.com\/de\/wp-json\/wp\/v2\/media\/3760"}],"wp:attachment":[{"href":"https:\/\/turkmenexporter.com\/de\/wp-json\/wp\/v2\/media?parent=3754"}],"wp:term":[{"taxonomy":"brand","embeddable":true,"href":"https:\/\/turkmenexporter.com\/de\/wp-json\/wp\/v2\/brand?post=3754"},{"taxonomy":"product_cat","embeddable":true,"href":"https:\/\/turkmenexporter.com\/de\/wp-json\/wp\/v2\/product_cat?post=3754"},{"taxonomy":"product_tag","embeddable":true,"href":"https:\/\/turkmenexporter.com\/de\/wp-json\/wp\/v2\/product_tag?post=3754"}],"curies":[{"name":"wp","href":"https:\/\/api.w.org\/{rel}","templated":true}]}}