{"id":5544,"date":"2024-03-04T13:24:54","date_gmt":"2024-03-04T08:24:54","guid":{"rendered":"https:\/\/turkmenexporter.com\/product\/tower-milchschokoladen-karamellriegel-mit-nougat\/"},"modified":"2024-09-17T19:29:15","modified_gmt":"2024-09-17T14:29:15","slug":"tower-milchschokoladen-karamellriegel-mit-nougat","status":"publish","type":"product","link":"https:\/\/turkmenexporter.com\/de\/produkt\/tower-milchschokoladen-karamellriegel-mit-nougat\/","title":{"rendered":"TOWER Milchschokoladen-Karamellriegel mit Nougat"},"content":{"rendered":"<p>&#8222;Turm&#8220; mit Milchschokolade \u00fcberzogener Karamellriegel mit Nougat. Zutaten: Zucker, Glukosesirup, Vollmilchpulver, Magermilchpulver, raffiniertes desodoriertes Pflanzenfett (Sonnenblumen\u00f6l, Palm\u00f6l), Trockeneipulver, Lecithin (E322), Kakaopulver, Schokoladenmasse, Kakaobutter, Natriumcarbonat (E500), nat\u00fcrliche Aromen &#8222;Schokolade&#8220;, nat\u00fcrliche Aromen &#8222;Karamell&#8220;, Sorbitol. N\u00e4hrwert pro 100 g Produkt: Proteine &#8211; 3,8 g, Fette &#8211; 16,0 g, Kohlenhydrate &#8211; 72,0 g. Energiewert &#8211; 445 kcal. Das Herstellungs- und Verfallsdatum ist auf der Verpackung angegeben. Lagerungsbedingungen: bei einer Temperatur von +5\u00baC bis +22\u00baC und einer relativen Luftfeuchtigkeit von nicht mehr als 70% lagern. Unsere Produkte enthalten kein Schweinefett. Das Produkt ist zertifiziert. Enth\u00e4lt keine GVO.<\/p>\n<p>Boxvolumen: 0,027 M3<\/p>\n<p>Bruttogewicht des Kartons: 13,5 kg<\/p>\n<p>Haltbarkeitsdauer: 18 Monate<\/p>\n","protected":false},"excerpt":{"rendered":"<p>TOWER Milchschokoladen-Karamellriegel mit Nougat 45 gr<\/p>\n<p>48 St\u00fcck in einem Block. 6 Bl\u00f6cke in einer Schachtel.<\/p>\n","protected":false},"featured_media":4177,"comment_status":"open","ping_status":"closed","template":"","meta":{"_acf_changed":false},"brand":[270],"product_cat":[304],"product_tag":[],"class_list":{"0":"post-5544","1":"product","2":"type-product","3":"status-publish","4":"has-post-thumbnail","6":"brand-altyn-yunus-de","7":"product_cat-schokolade","9":"first","10":"instock","11":"shipping-taxable","12":"purchasable","13":"product-type-simple"},"acf":[],"_links":{"self":[{"href":"https:\/\/turkmenexporter.com\/de\/wp-json\/wp\/v2\/product\/5544","targetHints":{"allow":["GET"]}}],"collection":[{"href":"https:\/\/turkmenexporter.com\/de\/wp-json\/wp\/v2\/product"}],"about":[{"href":"https:\/\/turkmenexporter.com\/de\/wp-json\/wp\/v2\/types\/product"}],"replies":[{"embeddable":true,"href":"https:\/\/turkmenexporter.com\/de\/wp-json\/wp\/v2\/comments?post=5544"}],"version-history":[{"count":1,"href":"https:\/\/turkmenexporter.com\/de\/wp-json\/wp\/v2\/product\/5544\/revisions"}],"predecessor-version":[{"id":5641,"href":"https:\/\/turkmenexporter.com\/de\/wp-json\/wp\/v2\/product\/5544\/revisions\/5641"}],"wp:featuredmedia":[{"embeddable":true,"href":"https:\/\/turkmenexporter.com\/de\/wp-json\/wp\/v2\/media\/4177"}],"wp:attachment":[{"href":"https:\/\/turkmenexporter.com\/de\/wp-json\/wp\/v2\/media?parent=5544"}],"wp:term":[{"taxonomy":"brand","embeddable":true,"href":"https:\/\/turkmenexporter.com\/de\/wp-json\/wp\/v2\/brand?post=5544"},{"taxonomy":"product_cat","embeddable":true,"href":"https:\/\/turkmenexporter.com\/de\/wp-json\/wp\/v2\/product_cat?post=5544"},{"taxonomy":"product_tag","embeddable":true,"href":"https:\/\/turkmenexporter.com\/de\/wp-json\/wp\/v2\/product_tag?post=5544"}],"curies":[{"name":"wp","href":"https:\/\/api.w.org\/{rel}","templated":true}]}}