{"id":5545,"date":"2024-03-04T13:24:55","date_gmt":"2024-03-04T08:24:55","guid":{"rendered":"https:\/\/turkmenexporter.com\/product\/poema-assorti-aus-milchschokolade\/"},"modified":"2024-09-17T19:29:13","modified_gmt":"2024-09-17T14:29:13","slug":"poema-assorti-aus-milchschokolade","status":"publish","type":"product","link":"https:\/\/turkmenexporter.com\/de\/produkt\/poema-assorti-aus-milchschokolade\/","title":{"rendered":"Poema assorti aus Milchschokolade"},"content":{"rendered":"<p>&#8222;Poema&#8220; Milchschokoladenbonbons mit Karamellf\u00fcllung. Zutaten: Zucker, Kakaobutterersatz, pflanzliches (Palm-)\u00d6l, Kakaopulver, Melasse, Molkenpulver, Kakaopulver, Magermilchpulver, Emulgator Sojalecithin E322, Salz, Ethylvanilinpulver, Aroma identisch mit nat\u00fcrlichem &#8222;Chocolate&#8220;. Der Gehalt an Gesamttrockenr\u00fcckst\u00e4nden von Kakao betr\u00e4gt mindestens 25 %. N\u00e4hrwert pro 100 g Produkt: Proteine &#8211; 7,7 g, Fette &#8211; 28,0 g, Kohlenhydrate &#8211; 53,0 g. Energiewert &#8211; 499 kcal. &#8222;Poema&#8220; aus dunkler Schokolade mit Karamellf\u00fcllung. Zutaten: Zucker, Kakaobutterersatz, pflanzliches (Palm-)\u00d6l, Kakaopulver, Melasse, Magermilchpulver, Emulgator Sojalecithin E322, Salz, Ethylvanilinpulver, Aroma identisch mit nat\u00fcrlichem &#8222;Chocolate&#8220;. Der Gehalt an Gesamttrockenr\u00fcckst\u00e4nden von Kakao betr\u00e4gt mindestens 40 %. N\u00e4hrwert pro 100 g Produkt: Proteine &#8211; 8,0 g, Fette &#8211; 28,0 g, Kohlenhydrate &#8211; 63,5 g. Energiewert &#8211; 538 kcal. Kann Spuren von Milcherzeugnissen, Erdn\u00fcssen und anderen Schalenfr\u00fcchten enthalten. Keines unserer Produkte enth\u00e4lt zugesetzten Alkohol oder Schmalz. Das Herstellungs- und Verfallsdatum ist auf der Verpackung angegeben. Lagerbedingungen: bei +5\u00baC bis +22\u00baC und einer relativen Luftfeuchtigkeit von nicht mehr als 70% lagern. Nicht-GMO. Das Produkt ist zertifiziert.<\/p>\n<p>Boxvolumen: 0,079 M3<\/p>\n<p>Bruttogewicht der Kiste: 7,34 kg <\/p>\n<p>Haltbarkeitsdauer: 18 Monate<\/p>\n","protected":false},"excerpt":{"rendered":"<p>Poema assorti aus Milchschokolade 150gr<\/p>\n<p>12 Bl\u00f6cke in einer Schachtel.<\/p>\n","protected":false},"featured_media":4080,"comment_status":"open","ping_status":"closed","template":"","meta":{"_acf_changed":false},"brand":[270],"product_cat":[304],"product_tag":[849],"class_list":{"0":"post-5545","1":"product","2":"type-product","3":"status-publish","4":"has-post-thumbnail","6":"brand-altyn-yunus-de","7":"product_cat-schokolade","8":"product_tag-front-product-de","10":"first","11":"instock","12":"shipping-taxable","13":"purchasable","14":"product-type-simple"},"acf":[],"_links":{"self":[{"href":"https:\/\/turkmenexporter.com\/de\/wp-json\/wp\/v2\/product\/5545","targetHints":{"allow":["GET"]}}],"collection":[{"href":"https:\/\/turkmenexporter.com\/de\/wp-json\/wp\/v2\/product"}],"about":[{"href":"https:\/\/turkmenexporter.com\/de\/wp-json\/wp\/v2\/types\/product"}],"replies":[{"embeddable":true,"href":"https:\/\/turkmenexporter.com\/de\/wp-json\/wp\/v2\/comments?post=5545"}],"version-history":[{"count":1,"href":"https:\/\/turkmenexporter.com\/de\/wp-json\/wp\/v2\/product\/5545\/revisions"}],"predecessor-version":[{"id":10542,"href":"https:\/\/turkmenexporter.com\/de\/wp-json\/wp\/v2\/product\/5545\/revisions\/10542"}],"wp:featuredmedia":[{"embeddable":true,"href":"https:\/\/turkmenexporter.com\/de\/wp-json\/wp\/v2\/media\/4080"}],"wp:attachment":[{"href":"https:\/\/turkmenexporter.com\/de\/wp-json\/wp\/v2\/media?parent=5545"}],"wp:term":[{"taxonomy":"brand","embeddable":true,"href":"https:\/\/turkmenexporter.com\/de\/wp-json\/wp\/v2\/brand?post=5545"},{"taxonomy":"product_cat","embeddable":true,"href":"https:\/\/turkmenexporter.com\/de\/wp-json\/wp\/v2\/product_cat?post=5545"},{"taxonomy":"product_tag","embeddable":true,"href":"https:\/\/turkmenexporter.com\/de\/wp-json\/wp\/v2\/product_tag?post=5545"}],"curies":[{"name":"wp","href":"https:\/\/api.w.org\/{rel}","templated":true}]}}